{"id":717973,"date":"2025-08-27T18:02:11","date_gmt":"2025-08-27T15:02:11","guid":{"rendered":"https:\/\/roveyayinevi.com.tr\/index.php\/urun\/seni-seviyorum-sosyal-medya\/"},"modified":"2026-04-16T02:26:16","modified_gmt":"2026-04-15T23:26:16","slug":"seni-seviyorum-sosyal-medya","status":"publish","type":"product","link":"https:\/\/roveyayinevi.com.tr\/index.php\/urun\/seni-seviyorum-sosyal-medya\/","title":{"rendered":"Seni Seviyorum Sosyal Medya"},"content":{"rendered":"<p>G\u00fcn\u00fcm\u00fczde her alanda kendisini kabul ettirmi\u015f dijital bir d\u00fcnya ile s\u00fcrekli i\u00e7 i\u00e7eyiz. Kamu kurumlar\u0131ndan insanlarla sosyal ba\u011flar\u0131m\u0131za kadar her \u015fey elimizdeki k\u00fc\u00e7\u00fcc\u00fck aletlerin i\u00e7ine s\u0131\u011fm\u0131\u015f durumda. Ak\u015fam yatmadan \u00f6nce en son sabah da yataktan \u00e7\u0131kmadan ilk bakt\u0131\u011f\u0131m\u0131z \u015fey dijital medya ara\u00e7lar\u0131. Hayat\u0131m\u0131z\u0131n her alan\u0131nda s\u00fcrekli bu teknoloji ile kar\u015f\u0131l\u0131kl\u0131 etkile\u015fim i\u00e7erisindeyiz. Peki, medya ve sosyal medyay\u0131 ne kadar etkili kullan\u0131yoruz? \u00c7ocuklar\u0131n e\u011fitimindeki yeri nedir? Nas\u0131l kullan\u0131rsak toplum olarak bu teknolojiden daha fazla yararlan\u0131r\u0131z? Dijital teknoloji kullan\u0131rken nelere dikkat etmeliyiz? Subliminal mesaj ger\u00e7ek mi yoksa bir \u015fehir efsanesi mi? <\/p>\n","protected":false},"excerpt":{"rendered":"<p>G\u00fcn\u00fcm\u00fczde her alanda kendisini kabul ettirmi\u015f dijital bir d\u00fcnya ile s\u00fcrekli i\u00e7 i\u00e7eyiz. Kamu kurumlar\u0131ndan insanlarla sosyal ba\u011flar\u0131m\u0131za kadar her \u015fey elimizdeki k\u00fc\u00e7\u00fcc\u00fck aletlerin i\u00e7ine s\u0131\u011fm\u0131\u015f<span class=\"excerpt-hellip\"> [\u2026]<\/span><\/p>\n","protected":false},"featured_media":0,"template":"","meta":{"_monsterinsights_skip_tracking":false,"_monsterinsights_sitenote_active":false,"_monsterinsights_sitenote_note":"","_monsterinsights_sitenote_category":0},"product_brand":[],"product_cat":[15983,13488],"product_tag":[],"class_list":{"0":"post-717973","1":"product","2":"type-product","3":"status-publish","5":"product_cat-iletisim-ve-medya","6":"product_cat-toplum-ve-insan","7":"pa_cilt-ciltsiz","8":"pa_tur-kitap","9":"pa_yayinevi-ayata-kitap","10":"pa_yazar-murat-ali-bilkay","12":"first","13":"instock","14":"sale","15":"shipping-taxable","16":"purchasable","17":"product-type-simple"},"_links":{"self":[{"href":"https:\/\/roveyayinevi.com.tr\/index.php\/wp-json\/wp\/v2\/product\/717973","targetHints":{"allow":["GET"]}}],"collection":[{"href":"https:\/\/roveyayinevi.com.tr\/index.php\/wp-json\/wp\/v2\/product"}],"about":[{"href":"https:\/\/roveyayinevi.com.tr\/index.php\/wp-json\/wp\/v2\/types\/product"}],"wp:attachment":[{"href":"https:\/\/roveyayinevi.com.tr\/index.php\/wp-json\/wp\/v2\/media?parent=717973"}],"wp:term":[{"taxonomy":"product_brand","embeddable":true,"href":"https:\/\/roveyayinevi.com.tr\/index.php\/wp-json\/wp\/v2\/product_brand?post=717973"},{"taxonomy":"product_cat","embeddable":true,"href":"https:\/\/roveyayinevi.com.tr\/index.php\/wp-json\/wp\/v2\/product_cat?post=717973"},{"taxonomy":"product_tag","embeddable":true,"href":"https:\/\/roveyayinevi.com.tr\/index.php\/wp-json\/wp\/v2\/product_tag?post=717973"}],"curies":[{"name":"wp","href":"https:\/\/api.w.org\/{rel}","templated":true}]}}