{"id":717972,"date":"2025-08-27T18:02:10","date_gmt":"2025-08-27T15:02:10","guid":{"rendered":"https:\/\/roveyayinevi.com.tr\/index.php\/urun\/fark-edilmeyen-adam\/"},"modified":"2026-04-16T02:26:16","modified_gmt":"2026-04-15T23:26:16","slug":"fark-edilmeyen-adam","status":"publish","type":"product","link":"https:\/\/roveyayinevi.com.tr\/index.php\/urun\/fark-edilmeyen-adam\/","title":{"rendered":"Fark Edilmeyen Adam"},"content":{"rendered":"<p>Kalemiyle ilk dostlu\u011fu, yazmay\u0131 \u00f6\u011frendi\u011fi an ba\u015flad\u0131. Y\u00fczlerce k\u00fc\u00e7\u00fck ka\u011f\u0131da karalad\u0131\u011f\u0131 notlar\u0131n\u0131, ba\u015fkalar\u0131na okutmay\u0131 d\u00fc\u015f\u00fcnmeden yazd\u0131. O, asl\u0131nda suskunlu\u011funu yazd\u0131. Duyguland\u0131 yazd\u0131. \u00dcz\u00fcld\u00fc yazd\u0131. \u0130hanete u\u011frad\u0131 yazd\u0131. Haks\u0131zl\u0131\u011fa u\u011frad\u0131 yazd\u0131. Sevdi yazd\u0131. Sevildi yazd\u0131. Sevindi yazd\u0131.S\u00f6zl\u00fc s\u0131navlar\u0131na inat, imla kurallar\u0131na  ald\u0131rmadan&#8230; Ya\u015fad\u0131\u011f\u0131 \u201cpes\u201d dedirtten olaylar\u0131, kalemin ucundaki her\u015feyi k\u0131rarcas\u0131na  yazd\u0131. Kimi zaman ta\u015flar\u0131 yerinden oynatan, Kimi zaman  kalpleri fetheden, K\u0131r\u0131lan g\u00f6n\u00fcllere ald\u0131rmadan, Ya\u015fad\u0131\u011f\u0131 her\u015feyi, ruhunun sat\u0131rlar\u0131na yazd\u0131. \u201cHayat\u0131m\u0131 yazsam roman olurdu\u201d dedi ve yazd\u0131&#8230; <\/p>\n","protected":false},"excerpt":{"rendered":"<p>Kalemiyle ilk dostlu\u011fu, yazmay\u0131 \u00f6\u011frendi\u011fi an ba\u015flad\u0131. Y\u00fczlerce k\u00fc\u00e7\u00fck ka\u011f\u0131da karalad\u0131\u011f\u0131 notlar\u0131n\u0131, ba\u015fkalar\u0131na okutmay\u0131 d\u00fc\u015f\u00fcnmeden yazd\u0131. O, asl\u0131nda suskunlu\u011funu yazd\u0131. Duyguland\u0131 yazd\u0131. \u00dcz\u00fcld\u00fc yazd\u0131. \u0130hanete u\u011frad\u0131<span class=\"excerpt-hellip\"> [\u2026]<\/span><\/p>\n","protected":false},"featured_media":0,"template":"","meta":{"_monsterinsights_skip_tracking":false,"_monsterinsights_sitenote_active":false,"_monsterinsights_sitenote_note":"","_monsterinsights_sitenote_category":0},"product_brand":[],"product_cat":[12291,12711],"product_tag":[],"class_list":{"0":"post-717972","1":"product","2":"type-product","3":"status-publish","5":"product_cat-edebiyat","6":"product_cat-roman-oyku","7":"pa_cilt-ciltsiz","8":"pa_tur-kitap","9":"pa_yayinevi-ayata-kitap","10":"pa_yazar-ulku-ozsoy","12":"first","13":"instock","14":"sale","15":"shipping-taxable","16":"purchasable","17":"product-type-simple"},"_links":{"self":[{"href":"https:\/\/roveyayinevi.com.tr\/index.php\/wp-json\/wp\/v2\/product\/717972","targetHints":{"allow":["GET"]}}],"collection":[{"href":"https:\/\/roveyayinevi.com.tr\/index.php\/wp-json\/wp\/v2\/product"}],"about":[{"href":"https:\/\/roveyayinevi.com.tr\/index.php\/wp-json\/wp\/v2\/types\/product"}],"wp:attachment":[{"href":"https:\/\/roveyayinevi.com.tr\/index.php\/wp-json\/wp\/v2\/media?parent=717972"}],"wp:term":[{"taxonomy":"product_brand","embeddable":true,"href":"https:\/\/roveyayinevi.com.tr\/index.php\/wp-json\/wp\/v2\/product_brand?post=717972"},{"taxonomy":"product_cat","embeddable":true,"href":"https:\/\/roveyayinevi.com.tr\/index.php\/wp-json\/wp\/v2\/product_cat?post=717972"},{"taxonomy":"product_tag","embeddable":true,"href":"https:\/\/roveyayinevi.com.tr\/index.php\/wp-json\/wp\/v2\/product_tag?post=717972"}],"curies":[{"name":"wp","href":"https:\/\/api.w.org\/{rel}","templated":true}]}}