{"id":717971,"date":"2025-08-27T18:02:09","date_gmt":"2025-08-27T15:02:09","guid":{"rendered":"https:\/\/roveyayinevi.com.tr\/index.php\/urun\/arkeolojinin-kisa-tarihi\/"},"modified":"2026-04-16T02:26:16","modified_gmt":"2026-04-15T23:26:16","slug":"arkeolojinin-kisa-tarihi","status":"publish","type":"product","link":"https:\/\/roveyayinevi.com.tr\/index.php\/urun\/arkeolojinin-kisa-tarihi\/","title":{"rendered":"Arkeolojinin K\u0131sa Tarihi"},"content":{"rendered":"<p>\u201cBrian Fagan a\u00e7\u0131k ve etkileyici \u00fcslubuyla, g\u00fcn\u00fcm\u00fcz arkeolojisinde en iyi yazarlardan biri.\u201d Jeremy A. Sabloff \u201cArkeolojinin zengin ve ilgin\u00e7 tarihine kusursuz bir giri\u015f olsa da, bu bir ders kitab\u0131 de\u011fil: o kadar heyecan verici ki, elden b\u0131rakmak m\u00fcmk\u00fcn de\u011fil.\u201d Francis Pryor \u201cFagan, ge\u00e7mi\u015f, deneyimlememiz ve keyfini \u00e7\u0131karmam\u0131z i\u00e7in etraf\u0131m\u0131zda, diye hat\u0131rlat\u0131yor ve anlatt\u0131\u011f\u0131 hik\u00e2ye bunun i\u00e7in cesaret veriyor.\u201d Chris Scarre \u201cBizi biz yapan \u015feyler hakk\u0131nda d\u00fc\u015f\u00fcnm\u00fc\u015f, g\u00f6zlem ve ara\u015ft\u0131rma yapm\u0131\u015f usta bir hik\u00e2ye anlat\u0131c\u0131s\u0131n\u0131n m\u00fcthi\u015f bir hevesle anlatt\u0131\u011f\u0131 bir kitap.\u201d Michael Wood \u201cBrian Fagan t\u00fcm d\u00fcnyada arkeolojinin geli\u015fiminin hik\u00e2yesini e\u011flenceli bir \u015fekilde anlat\u0131yor.\u201d Current World Archeology <\/p>\n","protected":false},"excerpt":{"rendered":"<p>\u201cBrian Fagan a\u00e7\u0131k ve etkileyici \u00fcslubuyla, g\u00fcn\u00fcm\u00fcz arkeolojisinde en iyi yazarlardan biri.\u201d Jeremy A. Sabloff \u201cArkeolojinin zengin ve ilgin\u00e7 tarihine kusursuz bir giri\u015f olsa da, bu<span class=\"excerpt-hellip\"> [\u2026]<\/span><\/p>\n","protected":false},"featured_media":0,"template":"","meta":{"_monsterinsights_skip_tracking":false,"_monsterinsights_sitenote_active":false,"_monsterinsights_sitenote_note":"","_monsterinsights_sitenote_category":0},"product_brand":[],"product_cat":[12370,12304],"product_tag":[],"class_list":{"0":"post-717971","1":"product","2":"type-product","3":"status-publish","5":"product_cat-arastirma-inceleme","6":"product_cat-tarih","7":"pa_cilt-ciltsiz","8":"pa_tur-kitap","9":"pa_yayinevi-alfa-yayinlari","10":"pa_yazar-brian-fagan","12":"first","13":"instock","14":"sale","15":"shipping-taxable","16":"purchasable","17":"product-type-simple"},"_links":{"self":[{"href":"https:\/\/roveyayinevi.com.tr\/index.php\/wp-json\/wp\/v2\/product\/717971","targetHints":{"allow":["GET"]}}],"collection":[{"href":"https:\/\/roveyayinevi.com.tr\/index.php\/wp-json\/wp\/v2\/product"}],"about":[{"href":"https:\/\/roveyayinevi.com.tr\/index.php\/wp-json\/wp\/v2\/types\/product"}],"wp:attachment":[{"href":"https:\/\/roveyayinevi.com.tr\/index.php\/wp-json\/wp\/v2\/media?parent=717971"}],"wp:term":[{"taxonomy":"product_brand","embeddable":true,"href":"https:\/\/roveyayinevi.com.tr\/index.php\/wp-json\/wp\/v2\/product_brand?post=717971"},{"taxonomy":"product_cat","embeddable":true,"href":"https:\/\/roveyayinevi.com.tr\/index.php\/wp-json\/wp\/v2\/product_cat?post=717971"},{"taxonomy":"product_tag","embeddable":true,"href":"https:\/\/roveyayinevi.com.tr\/index.php\/wp-json\/wp\/v2\/product_tag?post=717971"}],"curies":[{"name":"wp","href":"https:\/\/api.w.org\/{rel}","templated":true}]}}