{"id":717970,"date":"2025-08-27T18:02:09","date_gmt":"2025-08-27T15:02:09","guid":{"rendered":"https:\/\/roveyayinevi.com.tr\/index.php\/urun\/dinsel-terimler-sozlugu\/"},"modified":"2026-04-16T02:26:16","modified_gmt":"2026-04-15T23:26:16","slug":"dinsel-terimler-sozlugu","status":"publish","type":"product","link":"https:\/\/roveyayinevi.com.tr\/index.php\/urun\/dinsel-terimler-sozlugu\/","title":{"rendered":"Dinsel Terimler S\u00f6zl\u00fc\u011f\u00fc"},"content":{"rendered":"<p>Bu kitapta; \u0130slamiyet , Musevilik , Hristiyanl\u0131k ,Shinto, Zerd\u00fc\u015ftl\u00fck , Budizm , Hinduizm, Ezdidilik , Maniheizm gibi dinsel inan\u0131\u015flarla , bu inan\u0131\u015flardan bir \u00e7ok mezhap ve tarikatlara  ili\u015fkin k\u0131sa a\u00e7\u0131klamalar\u0131 bulacaks\u0131n\u0131z.Her t\u00fcrl\u00fc \u00f6n yarg\u0131 ve inan\u00e7tan soyutlanarak haz\u0131rlanan bu yap\u0131tta , yarg\u0131lama , sorgulama gibi \u00f6znel ge\u011ferlendirmelere yer verilmemi\u015ftir.A. Timur Bilgi\u00e7<\/p>\n","protected":false},"excerpt":{"rendered":"<p>Bu kitapta; \u0130slamiyet , Musevilik , Hristiyanl\u0131k ,Shinto, Zerd\u00fc\u015ftl\u00fck , Budizm , Hinduizm, Ezdidilik , Maniheizm gibi dinsel inan\u0131\u015flarla , bu inan\u0131\u015flardan bir \u00e7ok mezhap ve<span class=\"excerpt-hellip\"> [\u2026]<\/span><\/p>\n","protected":false},"featured_media":0,"template":"","meta":{"_monsterinsights_skip_tracking":false,"_monsterinsights_sitenote_active":false,"_monsterinsights_sitenote_note":"","_monsterinsights_sitenote_category":0},"product_brand":[],"product_cat":[16382,12718],"product_tag":[],"class_list":{"0":"post-717970","1":"product","2":"type-product","3":"status-publish","5":"product_cat-diger-inanclar","6":"product_cat-din","7":"pa_cilt-ciltsiz","8":"pa_tur-kitap","9":"pa_yayinevi-baris-kitap","10":"pa_yazar-a-timur-bilgic","12":"first","13":"instock","14":"sale","15":"shipping-taxable","16":"purchasable","17":"product-type-simple"},"_links":{"self":[{"href":"https:\/\/roveyayinevi.com.tr\/index.php\/wp-json\/wp\/v2\/product\/717970","targetHints":{"allow":["GET"]}}],"collection":[{"href":"https:\/\/roveyayinevi.com.tr\/index.php\/wp-json\/wp\/v2\/product"}],"about":[{"href":"https:\/\/roveyayinevi.com.tr\/index.php\/wp-json\/wp\/v2\/types\/product"}],"wp:attachment":[{"href":"https:\/\/roveyayinevi.com.tr\/index.php\/wp-json\/wp\/v2\/media?parent=717970"}],"wp:term":[{"taxonomy":"product_brand","embeddable":true,"href":"https:\/\/roveyayinevi.com.tr\/index.php\/wp-json\/wp\/v2\/product_brand?post=717970"},{"taxonomy":"product_cat","embeddable":true,"href":"https:\/\/roveyayinevi.com.tr\/index.php\/wp-json\/wp\/v2\/product_cat?post=717970"},{"taxonomy":"product_tag","embeddable":true,"href":"https:\/\/roveyayinevi.com.tr\/index.php\/wp-json\/wp\/v2\/product_tag?post=717970"}],"curies":[{"name":"wp","href":"https:\/\/api.w.org\/{rel}","templated":true}]}}