{"id":717968,"date":"2025-08-27T18:02:08","date_gmt":"2025-08-27T15:02:08","guid":{"rendered":"https:\/\/roveyayinevi.com.tr\/index.php\/urun\/kucuk-kayip-kiz\/"},"modified":"2026-04-16T02:26:16","modified_gmt":"2026-04-15T23:26:16","slug":"kucuk-kayip-kiz","status":"publish","type":"product","link":"https:\/\/roveyayinevi.com.tr\/index.php\/urun\/kucuk-kayip-kiz\/","title":{"rendered":"K\u00fc\u00e7\u00fck Kay\u0131p K\u0131z"},"content":{"rendered":"<p>Korku dolu nefesler al\u0131p veriyordu, ama art\u0131k \u00e7ok ge\u00e7ti. Bu hayatta en \u00e7ok korktu\u011fu \u015fey gelmi\u015fti ba\u015f\u0131na araban\u0131n arka koltu\u011fu bombo\u015ftu\u2026K\u00fc\u00e7\u00fck k\u0131z\u0131, ka\u00e7\u0131r\u0131lm\u0131\u015ft\u0131\u2026Abigail, sevgi dolu kocas\u0131 ve d\u00fcnyalar tatl\u0131s\u0131 bebe\u011fi Izzy ile, g\u0131pta edilecek, m\u00fckemmel bir hayat ya\u015f\u0131yordu. Fakat birisi Abigail\u2019a dair derin bir s\u0131rra vak\u0131ft\u0131 ve ger\u00e7e\u011fin her y\u00f6n\u00fcyle a\u00e7\u0131\u011fa \u00e7\u0131kmas\u0131n\u0131 istiyordu.Izzy\u2019nin otoparktaki bir arabadan ka\u00e7\u0131r\u0131lmas\u0131 vakas\u0131na Dedektif Robyn Carter bakacakt\u0131. Birileri takip edilemeyen bir numaradan Abigail\u2019a bir s\u00fcredir tehdit dolu mesajlar g\u00f6nderiyordu. Peki Abigail\u2019in saklad\u0131\u011f\u0131 \u015fey neydi?Robyn\u2019in i\u00e7g\u00fcd\u00fcleri, Izzy\u2019nin ka\u00e7\u0131r\u0131lmas\u0131 ile halihaz\u0131rda ara\u015ft\u0131rmakta oldu\u011fu iki cinayet aras\u0131nda bir ba\u011f oldu\u011funu s\u00f6yl\u00fcyordu. Fakat hen\u00fcz yak\u0131n zaman \u00f6nce, sadece i\u00e7g\u00fcd\u00fclerine g\u00fcvenerek hareket etti\u011fi i\u00e7in ni\u015fanl\u0131s\u0131 \u00f6ld\u00fcr\u00fclm\u00fc\u015f ve t\u00fcm hayat\u0131 kararm\u0131\u015ft\u0131. Bu vakay\u0131 \u00e7\u00f6zebilmek ve polislik mesle\u011findeki yerini geri kazanabilmek i\u00e7in, kendisine tekrardan g\u00fcvenebilmeyi  derhal  \u00f6\u011frenmek zorundayd\u0131. \u00c7\u00fcnk\u00fc bu kez, ac\u0131ma duygusundan zerre nasibini almam\u0131\u015f bir seri katilin pe\u015findeydi ve bu manya\u011f\u0131 vaktinde bulamazsa, cesetlere k\u00fc\u00e7\u00fck bir k\u0131z \u00e7ocu\u011fu da eklenecekti\u2026Tempolu, tansiyonu alabildi\u011fine y\u00fcksek ve elinizden kolay kolay b\u0131rakamayaca\u011f\u0131n\u0131z bu polisiye roman, sizi iliklerinize dek \u00fcrpertecek\u2026<\/p>\n","protected":false},"excerpt":{"rendered":"<p>Korku dolu nefesler al\u0131p veriyordu, ama art\u0131k \u00e7ok ge\u00e7ti. Bu hayatta en \u00e7ok korktu\u011fu \u015fey gelmi\u015fti ba\u015f\u0131na araban\u0131n arka koltu\u011fu bombo\u015ftu\u2026K\u00fc\u00e7\u00fck k\u0131z\u0131, ka\u00e7\u0131r\u0131lm\u0131\u015ft\u0131\u2026Abigail, sevgi dolu kocas\u0131<span class=\"excerpt-hellip\"> [\u2026]<\/span><\/p>\n","protected":false},"featured_media":0,"template":"","meta":{"_monsterinsights_skip_tracking":false,"_monsterinsights_sitenote_active":false,"_monsterinsights_sitenote_note":"","_monsterinsights_sitenote_category":0},"product_brand":[],"product_cat":[12291,12711],"product_tag":[],"class_list":{"0":"post-717968","1":"product","2":"type-product","3":"status-publish","5":"product_cat-edebiyat","6":"product_cat-roman-oyku","7":"pa_cilt-ciltsiz","8":"pa_tur-kitap","9":"pa_yayinevi-profil-kitap","10":"pa_yazar-carol-wyer","12":"first","13":"instock","14":"sale","15":"shipping-taxable","16":"purchasable","17":"product-type-simple"},"_links":{"self":[{"href":"https:\/\/roveyayinevi.com.tr\/index.php\/wp-json\/wp\/v2\/product\/717968","targetHints":{"allow":["GET"]}}],"collection":[{"href":"https:\/\/roveyayinevi.com.tr\/index.php\/wp-json\/wp\/v2\/product"}],"about":[{"href":"https:\/\/roveyayinevi.com.tr\/index.php\/wp-json\/wp\/v2\/types\/product"}],"wp:attachment":[{"href":"https:\/\/roveyayinevi.com.tr\/index.php\/wp-json\/wp\/v2\/media?parent=717968"}],"wp:term":[{"taxonomy":"product_brand","embeddable":true,"href":"https:\/\/roveyayinevi.com.tr\/index.php\/wp-json\/wp\/v2\/product_brand?post=717968"},{"taxonomy":"product_cat","embeddable":true,"href":"https:\/\/roveyayinevi.com.tr\/index.php\/wp-json\/wp\/v2\/product_cat?post=717968"},{"taxonomy":"product_tag","embeddable":true,"href":"https:\/\/roveyayinevi.com.tr\/index.php\/wp-json\/wp\/v2\/product_tag?post=717968"}],"curies":[{"name":"wp","href":"https:\/\/api.w.org\/{rel}","templated":true}]}}