{"id":717966,"date":"2025-08-27T18:02:06","date_gmt":"2025-08-27T15:02:06","guid":{"rendered":"https:\/\/roveyayinevi.com.tr\/index.php\/urun\/bu-gezegeni-seviyoruz-mete-2\/"},"modified":"2026-04-08T02:33:21","modified_gmt":"2026-04-07T23:33:21","slug":"bu-gezegeni-seviyoruz-mete-2","status":"publish","type":"product","link":"https:\/\/roveyayinevi.com.tr\/index.php\/urun\/bu-gezegeni-seviyoruz-mete-2\/","title":{"rendered":"Bu Gezegeni Seviyoruz &#8211; Mete 2"},"content":{"rendered":"<p>\u0130nanmayacaks\u0131n\u0131z ama \u00f6\u011fretmen bu araG\u00fcne\u015f, Ay ve D\u00fcnya&#8217;n\u0131n y\u00f6r\u00fcngelerinden s\u00f6z edip duruyor.Y\u00f6r\u00fcnge, birbirlerinin etraf\u0131nda d\u00f6nerken kulland\u0131klar\u0131 yolmu\u015f.Babam\u0131n trafi\u011fin olmad\u0131\u011f\u0131 caddeyi kullanmas\u0131 gibi bir \u015fey bence bu.Gezegenler de en kestirme yoldan G\u00fcne\u015f&#8217;in etraf\u0131nda d\u00f6n\u00fcyor herhalde. Ay&#8217;dan falan da bahsettik. G\u00fcne\u015f Sistemi&#8217;nden ve galaksimizden de!T\u0131pk\u0131 uzay filmlerinde oldu\u011fu gibi. Sahi, uzay demi\u015fken niye Mars\u2019agitmeye \u00e7al\u0131\u015ft\u0131\u011f\u0131m\u0131z\u0131 da \u00f6\u011frendim ve resmen \u015fok ge\u00e7irdim.Me\u011fer g\u00fczelim gezegenimizin dengesini bozmu\u015fuz ve yerle\u015fecekuygun bir gezegen ar\u0131yormu\u015fuz. Ne zaman bozduk dengeyi, anlam\u0131yorum! Hi\u00e7 haberim yok!Neyse, \u00fcz\u00fclmeyin. Biz bu i\u015fi Ay\u015feg\u00fcl\u2019le hallettik bile. \u0130kizim ve benkossskocaman resimler yapt\u0131k ve nas\u0131l bir gezegende ya\u015famakistedi\u011fimizi \u00e7izdik. \u00c7i\u00e7ekler, b\u00f6cekler, ku\u015flar, ar\u0131lar\u2026Ne isterseniz var. Yemye\u015fil otlarla kapl\u0131 bir bah\u00e7e,koccccamanrahaaaat bir sal\u0131ncak.Bence \u00e7ok s\u00fcper oldu.Mahallenin k\u00f6pe\u011fi Kurt bile bay\u0131ld\u0131 resimlerimize.B\u00fcy\u00fcy\u00fcnce d\u00fcnyay\u0131 nas\u0131l bir yer yapaca\u011f\u0131m\u0131za dab\u00f6ylece karar vermi\u015f olduk. Eh, art\u0131k Mars\u2019a sadece astronotlar gidebilir.O da ara\u015ft\u0131rma yapmak i\u00e7in.Biz kendi gezegenimizde ya\u015famay\u0131 seviyoruz! <\/p>\n","protected":false},"excerpt":{"rendered":"<p>\u0130nanmayacaks\u0131n\u0131z ama \u00f6\u011fretmen bu araG\u00fcne\u015f, Ay ve D\u00fcnya&#8217;n\u0131n y\u00f6r\u00fcngelerinden s\u00f6z edip duruyor.Y\u00f6r\u00fcnge, birbirlerinin etraf\u0131nda d\u00f6nerken kulland\u0131klar\u0131 yolmu\u015f.Babam\u0131n trafi\u011fin olmad\u0131\u011f\u0131 caddeyi kullanmas\u0131 gibi bir \u015fey bence bu.Gezegenler<span class=\"excerpt-hellip\"> [\u2026]<\/span><\/p>\n","protected":false},"featured_media":0,"template":"","meta":{"_monsterinsights_skip_tracking":false,"_monsterinsights_sitenote_active":false,"_monsterinsights_sitenote_note":"","_monsterinsights_sitenote_category":0},"product_brand":[],"product_cat":[12274,12284],"product_tag":[],"class_list":{"0":"post-717966","1":"product","2":"type-product","3":"status-publish","5":"product_cat-cocuk-ve-genclik-kitaplari","6":"product_cat-hikayeler","7":"pa_cilt-ciltsiz","8":"pa_tur-kitap","9":"pa_yayinevi-dogan-egmont-yayincilik","10":"pa_yazar-deniz-erbulak","12":"first","13":"instock","14":"sale","15":"shipping-taxable","16":"purchasable","17":"product-type-simple"},"_links":{"self":[{"href":"https:\/\/roveyayinevi.com.tr\/index.php\/wp-json\/wp\/v2\/product\/717966","targetHints":{"allow":["GET"]}}],"collection":[{"href":"https:\/\/roveyayinevi.com.tr\/index.php\/wp-json\/wp\/v2\/product"}],"about":[{"href":"https:\/\/roveyayinevi.com.tr\/index.php\/wp-json\/wp\/v2\/types\/product"}],"wp:attachment":[{"href":"https:\/\/roveyayinevi.com.tr\/index.php\/wp-json\/wp\/v2\/media?parent=717966"}],"wp:term":[{"taxonomy":"product_brand","embeddable":true,"href":"https:\/\/roveyayinevi.com.tr\/index.php\/wp-json\/wp\/v2\/product_brand?post=717966"},{"taxonomy":"product_cat","embeddable":true,"href":"https:\/\/roveyayinevi.com.tr\/index.php\/wp-json\/wp\/v2\/product_cat?post=717966"},{"taxonomy":"product_tag","embeddable":true,"href":"https:\/\/roveyayinevi.com.tr\/index.php\/wp-json\/wp\/v2\/product_tag?post=717966"}],"curies":[{"name":"wp","href":"https:\/\/api.w.org\/{rel}","templated":true}]}}