{"id":717964,"date":"2025-08-27T18:02:05","date_gmt":"2025-08-27T15:02:05","guid":{"rendered":"https:\/\/roveyayinevi.com.tr\/index.php\/urun\/edebiyat-terapi\/"},"modified":"2026-04-16T02:26:16","modified_gmt":"2026-04-15T23:26:16","slug":"edebiyat-terapi","status":"publish","type":"product","link":"https:\/\/roveyayinevi.com.tr\/index.php\/urun\/edebiyat-terapi\/","title":{"rendered":"Edebiyat Terapi"},"content":{"rendered":"<p>Bug\u00fcn h\u00e2l\u00e2 kendime \u015fu sorular\u0131 soruyorum: Kimim? Ne istiyorum? Varolu\u015fum ne?Bunlara i\u00e7tenlikle cevap verebilmek i\u00e7in kime d\u00f6nd\u00fcm? Sartre\u2019a. \u00c7\u00fcnk\u00fc o kendi varolu\u015funu \u00f6l\u00fcm\u00fcne dek sorgulamaktan hi\u00e7 vazge\u00e7mez ve \u201cinsan, kendisini olu\u015fturdu\u011fu varl\u0131ktan ba\u015fka hi\u00e7bir \u015fey de\u011fildir\u201d diye yazar. Ben de onunla birlikte, onun yolundan giderek, varolu\u015fumu t\u00fcm \u00e7\u0131plakl\u0131\u011f\u0131yla bir kez daha sorgulamak istiyorum.\u00d6zg\u00fcrl\u00fck, yarat\u0131c\u0131l\u0131kta ortaya \u00e7\u0131kar.    Okuma, \u00f6zg\u00fcr bir d\u00fc\u015ft\u00fcr ve bu \u00f6zg\u00fcrl\u00fck ruhsal yap\u0131n\u0131n en derin, en karanl\u0131k noktalar\u0131na giderek de\u011fi\u015fimi, geli\u015fimi ger\u00e7ekle\u015ftirir ve okuyan insan giderek artan bir duyarl\u0131l\u0131\u011fa kavu\u015fur.    Edebiyat Terapi, yoksunluktan varolu\u015fa, \u00f6zg\u00fcrl\u00fc\u011fe kavu\u015fma iste\u011fidir.    \u00d6zg\u00fcrl\u00fc\u011f\u00fcme ba\u011flanm\u0131\u015ft\u0131m. <\/p>\n","protected":false},"excerpt":{"rendered":"<p>Bug\u00fcn h\u00e2l\u00e2 kendime \u015fu sorular\u0131 soruyorum: Kimim? Ne istiyorum? Varolu\u015fum ne?Bunlara i\u00e7tenlikle cevap verebilmek i\u00e7in kime d\u00f6nd\u00fcm? Sartre\u2019a. \u00c7\u00fcnk\u00fc o kendi varolu\u015funu \u00f6l\u00fcm\u00fcne dek sorgulamaktan hi\u00e7<span class=\"excerpt-hellip\"> [\u2026]<\/span><\/p>\n","protected":false},"featured_media":0,"template":"","meta":{"_monsterinsights_skip_tracking":false,"_monsterinsights_sitenote_active":false,"_monsterinsights_sitenote_note":"","_monsterinsights_sitenote_category":0},"product_brand":[],"product_cat":[12777,12291],"product_tag":[],"class_list":{"0":"post-717964","1":"product","2":"type-product","3":"status-publish","5":"product_cat-deneme","6":"product_cat-edebiyat","7":"pa_cilt-ciltsiz","8":"pa_tur-kitap","9":"pa_yayinevi-dogan-kitap","10":"pa_yazar-mine-ozguzel","12":"first","13":"instock","14":"sale","15":"shipping-taxable","16":"purchasable","17":"product-type-simple"},"_links":{"self":[{"href":"https:\/\/roveyayinevi.com.tr\/index.php\/wp-json\/wp\/v2\/product\/717964","targetHints":{"allow":["GET"]}}],"collection":[{"href":"https:\/\/roveyayinevi.com.tr\/index.php\/wp-json\/wp\/v2\/product"}],"about":[{"href":"https:\/\/roveyayinevi.com.tr\/index.php\/wp-json\/wp\/v2\/types\/product"}],"wp:attachment":[{"href":"https:\/\/roveyayinevi.com.tr\/index.php\/wp-json\/wp\/v2\/media?parent=717964"}],"wp:term":[{"taxonomy":"product_brand","embeddable":true,"href":"https:\/\/roveyayinevi.com.tr\/index.php\/wp-json\/wp\/v2\/product_brand?post=717964"},{"taxonomy":"product_cat","embeddable":true,"href":"https:\/\/roveyayinevi.com.tr\/index.php\/wp-json\/wp\/v2\/product_cat?post=717964"},{"taxonomy":"product_tag","embeddable":true,"href":"https:\/\/roveyayinevi.com.tr\/index.php\/wp-json\/wp\/v2\/product_tag?post=717964"}],"curies":[{"name":"wp","href":"https:\/\/api.w.org\/{rel}","templated":true}]}}