{"id":717963,"date":"2025-08-27T18:02:04","date_gmt":"2025-08-27T15:02:04","guid":{"rendered":"https:\/\/roveyayinevi.com.tr\/index.php\/urun\/is-issizligin-kiyisinda\/"},"modified":"2026-03-12T02:34:51","modified_gmt":"2026-03-11T23:34:51","slug":"is-issizligin-kiyisinda","status":"publish","type":"product","link":"https:\/\/roveyayinevi.com.tr\/index.php\/urun\/is-issizligin-kiyisinda\/","title":{"rendered":"\u0130s; Iss\u0131zl\u0131\u011f\u0131n K\u0131y\u0131s\u0131nda"},"content":{"rendered":"<p>\u00dcst\u00fcnde ba\u015f\u0131nda \u015fiir patikas\u0131n\u0131n toz, topra\u011f\u0131yla edebiyat\u0131n d\u00fcz ovas\u0131na iniyor Sedat Delio\u011flu&#8230;F\u0131r\u00e7as\u0131n\u0131 T\u00fcrk\u00e7enin berrak suyundan temizleyen bir ressam , tek ki\u015filik bir senfoni orkestras\u0131&#8230;O denli  renkli o denli lirik&#8230;Terini silecek ama elleri kitaplarla dolu. Ba\u015f\u0131n\u0131 kald\u0131r\u0131yor, onca yolu geldi\u011fi da\u011f\u0131n ard\u0131nda do\u011fan g\u00fcne\u015f , ayd\u0131nlat\u0131yor y\u00fcz\u00fcn\u00fc&#8230;Ve bize okumak d\u00fc\u015f\u00fcyor bu bilge y\u00fcre\u011fi , \u0131ss\u0131zl\u0131\u011f\u0131n k\u0131y\u0131s\u0131nda&#8230;Sunay Ak\u0131n<\/p>\n","protected":false},"excerpt":{"rendered":"<p>\u00dcst\u00fcnde ba\u015f\u0131nda \u015fiir patikas\u0131n\u0131n toz, topra\u011f\u0131yla edebiyat\u0131n d\u00fcz ovas\u0131na iniyor Sedat Delio\u011flu&#8230;F\u0131r\u00e7as\u0131n\u0131 T\u00fcrk\u00e7enin berrak suyundan temizleyen bir ressam , tek ki\u015filik bir senfoni orkestras\u0131&#8230;O denli renkli<span class=\"excerpt-hellip\"> [\u2026]<\/span><\/p>\n","protected":false},"featured_media":0,"template":"","meta":{"_monsterinsights_skip_tracking":false,"_monsterinsights_sitenote_active":false,"_monsterinsights_sitenote_note":"","_monsterinsights_sitenote_category":0},"product_brand":[],"product_cat":[12291,12711],"product_tag":[],"class_list":{"0":"post-717963","1":"product","2":"type-product","3":"status-publish","5":"product_cat-edebiyat","6":"product_cat-roman-oyku","7":"pa_cilt-ciltsiz","8":"pa_tur-kitap","9":"pa_yayinevi-kirmizi-cati-yayinlari","10":"pa_yazar-sedat-delioglu","12":"first","13":"instock","14":"sale","15":"shipping-taxable","16":"purchasable","17":"product-type-simple"},"_links":{"self":[{"href":"https:\/\/roveyayinevi.com.tr\/index.php\/wp-json\/wp\/v2\/product\/717963","targetHints":{"allow":["GET"]}}],"collection":[{"href":"https:\/\/roveyayinevi.com.tr\/index.php\/wp-json\/wp\/v2\/product"}],"about":[{"href":"https:\/\/roveyayinevi.com.tr\/index.php\/wp-json\/wp\/v2\/types\/product"}],"wp:attachment":[{"href":"https:\/\/roveyayinevi.com.tr\/index.php\/wp-json\/wp\/v2\/media?parent=717963"}],"wp:term":[{"taxonomy":"product_brand","embeddable":true,"href":"https:\/\/roveyayinevi.com.tr\/index.php\/wp-json\/wp\/v2\/product_brand?post=717963"},{"taxonomy":"product_cat","embeddable":true,"href":"https:\/\/roveyayinevi.com.tr\/index.php\/wp-json\/wp\/v2\/product_cat?post=717963"},{"taxonomy":"product_tag","embeddable":true,"href":"https:\/\/roveyayinevi.com.tr\/index.php\/wp-json\/wp\/v2\/product_tag?post=717963"}],"curies":[{"name":"wp","href":"https:\/\/api.w.org\/{rel}","templated":true}]}}