{"id":717960,"date":"2025-08-27T18:02:02","date_gmt":"2025-08-27T15:02:02","guid":{"rendered":"https:\/\/roveyayinevi.com.tr\/index.php\/urun\/hercai-ii-meftun-ciltli\/"},"modified":"2026-04-16T02:26:16","modified_gmt":"2026-04-15T23:26:16","slug":"hercai-ii-meftun-ciltli","status":"publish","type":"product","link":"https:\/\/roveyayinevi.com.tr\/index.php\/urun\/hercai-ii-meftun-ciltli\/","title":{"rendered":"Hercai II: Meftun (Ciltli)"},"content":{"rendered":"<p>&#8220;Her ge\u00e7mi\u015fin k\u0131r\u0131k bir s\u0131rr\u0131 vard\u0131,Her s\u0131rr\u0131n da kanayan bir yaras\u0131&#8230;&#8221;Y\u0131k\u0131k d\u00f6k\u00fck bir mazinin ortada b\u0131rakt\u0131\u011f\u0131 yaral\u0131 bir adamla en az kendisi kadar yaral\u0131 olan bir kad\u0131n\u0131n parampar\u00e7a sevda hik\u00e2yesi bu. Hayallerini asm\u0131\u015f bir kad\u0131n\u0131n, yeniden d\u00fc\u015flere tutunu\u015f hik\u00e2yesi bu. Hercai bir adam\u0131n, meftuna d\u00f6n\u00fc\u015f hik\u00e2yesi bu\u2026Ne bir veda s\u00f6zc\u00fc\u011f\u00fc ne de hakl\u0131 bir isyan. Hi\u00e7bir \u015fey, onu sevmemeye yemin etti\u011fi adam\u0131n kar\u015f\u0131s\u0131nda g\u00fc\u00e7l\u00fc tutamam\u0131\u015ft\u0131. Dudaklardan d\u00f6k\u00fclen her serzeni\u015f kar\u015f\u0131s\u0131nda \u00f6rd\u00fc\u011f\u00fc duvarlar\u0131 biraz daha y\u0131ksa da, onu bir daha affetmeyece\u011fine dair b\u00fcy\u00fck bir yemini vard\u0131. Asla boyun e\u011fmeyecekti, ihanetini unutmayacak, o adam\u0131 yeniden sevmeyecekti. Olmam\u0131\u015ft\u0131&#8230; Yeminlerini bozduran, karanl\u0131k bir gecede ellerinden tutan, onu d\u00fc\u015f\u00fcren adamdan ba\u015fkas\u0131 de\u011fildi.Yaral\u0131yd\u0131. Lakin o adam daha yaral\u0131yd\u0131.Seviyordu. Lakin o adam daha \u00e7ok seviyordu.\u201cDinle,\u201d diyordu y\u00fcrek yakan bak\u0131\u015flar\u0131n\u0131 kuzguni harelere emanet ederken. \u201cDinle ki anla \u00f6ld\u00fc\u011f\u00fcm\u00fc, seni \u00f6ld\u00fcrd\u00fc\u011f\u00fcm\u00fc sand\u0131\u011f\u0131m her yerden! Sen sadece bir b\u0131\u00e7akt\u0131n. Bense o b\u0131\u00e7a\u011f\u0131n d\u00fc\u015fman\u0131ma de\u011fil, kalbime saplanaca\u011f\u0131n\u0131 hesaba katamayan bir zavall\u0131yd\u0131m&#8230;\u201dHercai\u2019m&#8230;\u0130lk ve son kez aldanm\u0131\u015fl\u0131\u011f\u0131m&#8230; \u0130\u00e7ime ate\u015fler salan\u0131m&#8230;Y\u00fcrek s\u0131z\u0131m&#8230; Meftun\u2019um&#8230; Kalemim elimde m\u00fcrekkeple \u00f6lesiye sava\u015f\u0131yor, \u00f6n\u00fcmdeki k\u00e2\u011f\u0131t \u00e7aresiz, ona derdimi anlatmam\u0131 bekliyor&#8230; Oysa ben sana dert diyemeyecek kadar \u00e7ok seviyorum seni. U\u011fra\u015fma diyor sat\u0131rlar, bo\u015funa debelenme. Ne yazarsan yaz, ne karalarsan karala, faydas\u0131z&#8230;Ona, kalbin gitti bir kere!<\/p>\n","protected":false},"excerpt":{"rendered":"<p>&#8220;Her ge\u00e7mi\u015fin k\u0131r\u0131k bir s\u0131rr\u0131 vard\u0131,Her s\u0131rr\u0131n da kanayan bir yaras\u0131&#8230;&#8221;Y\u0131k\u0131k d\u00f6k\u00fck bir mazinin ortada b\u0131rakt\u0131\u011f\u0131 yaral\u0131 bir adamla en az kendisi kadar yaral\u0131 olan bir<span class=\"excerpt-hellip\"> [\u2026]<\/span><\/p>\n","protected":false},"featured_media":0,"template":"","meta":{"_monsterinsights_skip_tracking":false,"_monsterinsights_sitenote_active":false,"_monsterinsights_sitenote_note":"","_monsterinsights_sitenote_category":0},"product_brand":[],"product_cat":[12291,12711],"product_tag":[],"class_list":{"0":"post-717960","1":"product","2":"type-product","3":"status-publish","5":"product_cat-edebiyat","6":"product_cat-roman-oyku","7":"pa_cilt-ciltli","8":"pa_tur-kitap","9":"pa_yayinevi-epsilon-yayinlari","10":"pa_yazar-sumeyye-koc","12":"first","13":"instock","14":"sale","15":"shipping-taxable","16":"purchasable","17":"product-type-simple"},"_links":{"self":[{"href":"https:\/\/roveyayinevi.com.tr\/index.php\/wp-json\/wp\/v2\/product\/717960","targetHints":{"allow":["GET"]}}],"collection":[{"href":"https:\/\/roveyayinevi.com.tr\/index.php\/wp-json\/wp\/v2\/product"}],"about":[{"href":"https:\/\/roveyayinevi.com.tr\/index.php\/wp-json\/wp\/v2\/types\/product"}],"wp:attachment":[{"href":"https:\/\/roveyayinevi.com.tr\/index.php\/wp-json\/wp\/v2\/media?parent=717960"}],"wp:term":[{"taxonomy":"product_brand","embeddable":true,"href":"https:\/\/roveyayinevi.com.tr\/index.php\/wp-json\/wp\/v2\/product_brand?post=717960"},{"taxonomy":"product_cat","embeddable":true,"href":"https:\/\/roveyayinevi.com.tr\/index.php\/wp-json\/wp\/v2\/product_cat?post=717960"},{"taxonomy":"product_tag","embeddable":true,"href":"https:\/\/roveyayinevi.com.tr\/index.php\/wp-json\/wp\/v2\/product_tag?post=717960"}],"curies":[{"name":"wp","href":"https:\/\/api.w.org\/{rel}","templated":true}]}}