{"id":717958,"date":"2025-08-27T18:02:00","date_gmt":"2025-08-27T15:02:00","guid":{"rendered":"https:\/\/roveyayinevi.com.tr\/index.php\/urun\/curuk-visne-iii-viran\/"},"modified":"2026-04-03T02:32:52","modified_gmt":"2026-04-02T23:32:52","slug":"curuk-visne-iii-viran","status":"publish","type":"product","link":"https:\/\/roveyayinevi.com.tr\/index.php\/urun\/curuk-visne-iii-viran\/","title":{"rendered":"\u00c7\u00fcr\u00fck Vi\u015fne III: Viran"},"content":{"rendered":"<p>Epsilon Yay\u0131nevi\u2019nin olay yaratan gen\u00e7lik serisi \u00c7\u00fcr\u00fck Vi\u015fne \u00fc\u00e7\u00fcnc\u00fc kitab\u0131 Viran\u2019la kald\u0131\u011f\u0131 yerden devam ediyor! Bu bir intihard\u0131, \u00d6lene kadar ikisi de fark etmedi. O g\u00fcn, Esila Karam kendi ger\u00e7e\u011fiyle y\u00fczle\u015fti\u011finde ve bunu ak\u0131l almaz bir ac\u0131 takip etti\u011finde, bir saks\u0131n\u0131n i\u00e7inde g\u00fcnbeg\u00fcn \u00f6len bir \u00e7i\u00e7e\u011fe benzemeye ba\u015flam\u0131\u015ft\u0131. Su yoktu, G\u00fcne\u015f yoktu. \u00d6l\u00fcyordu, duyan yoktu.   Elinde bir b\u0131\u00e7ak tutuyordu, g\u00f6ren yoktu. Zihnindeki hastal\u0131\u011f\u0131 herkesten saklayabilece\u011fine inanarak elindeki b\u0131\u00e7akla Asr\u0131n\u2019a ko\u015fmaya devam etti ama ne Asr\u0131n o b\u0131\u00e7a\u011f\u0131 g\u00f6recek kadar normaldi ne de Esila b\u0131\u00e7a\u011f\u0131 tuttu\u011funu fark\u0131nda olacak kadar sa\u011fl\u0131kl\u0131yd\u0131. S\u0131rlar ortal\u0131\u011fa sa\u00e7\u0131ld\u0131\u011f\u0131nda, K\u0131yamet koptu\u011funda, Ve o b\u0131\u00e7ak, beklenen kan\u0131 s\u0131zd\u0131rd\u0131\u011f\u0131nda, Ad\u0131na ayr\u0131l\u0131k verdikleri bir \u00f6l\u00fcm ya\u015fand\u0131. Oturdu, t\u00fcm bulutlar buna a\u011flad\u0131.   \u201cUslanmaz bir \u015fekilde  ac\u0131 verici olan hat\u0131ralar\u0131m,  bir tek senin koynunda  kayba u\u011fruyor, sevgilim.  Ve biliyorum ki art\u0131k kanatlara ihtiyac\u0131m yok, \u00e7\u00fcnk\u00fc u\u00e7mak istemiyorum, beni u\u00e7urman\u0131 istiyorum; kanatlar\u0131nla.\u201d <\/p>\n","protected":false},"excerpt":{"rendered":"<p>Epsilon Yay\u0131nevi\u2019nin olay yaratan gen\u00e7lik serisi \u00c7\u00fcr\u00fck Vi\u015fne \u00fc\u00e7\u00fcnc\u00fc kitab\u0131 Viran\u2019la kald\u0131\u011f\u0131 yerden devam ediyor! Bu bir intihard\u0131, \u00d6lene kadar ikisi de fark etmedi. O g\u00fcn,<span class=\"excerpt-hellip\"> [\u2026]<\/span><\/p>\n","protected":false},"featured_media":0,"template":"","meta":{"_monsterinsights_skip_tracking":false,"_monsterinsights_sitenote_active":false,"_monsterinsights_sitenote_note":"","_monsterinsights_sitenote_category":0},"product_brand":[],"product_cat":[12291,12711],"product_tag":[],"class_list":{"0":"post-717958","1":"product","2":"type-product","3":"status-publish","5":"product_cat-edebiyat","6":"product_cat-roman-oyku","7":"pa_cilt-ciltsiz","8":"pa_tur-kitap","9":"pa_yayinevi-epsilon-yayinlari","10":"pa_yazar-emine-tavuz","12":"first","13":"instock","14":"sale","15":"shipping-taxable","16":"purchasable","17":"product-type-simple"},"_links":{"self":[{"href":"https:\/\/roveyayinevi.com.tr\/index.php\/wp-json\/wp\/v2\/product\/717958","targetHints":{"allow":["GET"]}}],"collection":[{"href":"https:\/\/roveyayinevi.com.tr\/index.php\/wp-json\/wp\/v2\/product"}],"about":[{"href":"https:\/\/roveyayinevi.com.tr\/index.php\/wp-json\/wp\/v2\/types\/product"}],"wp:attachment":[{"href":"https:\/\/roveyayinevi.com.tr\/index.php\/wp-json\/wp\/v2\/media?parent=717958"}],"wp:term":[{"taxonomy":"product_brand","embeddable":true,"href":"https:\/\/roveyayinevi.com.tr\/index.php\/wp-json\/wp\/v2\/product_brand?post=717958"},{"taxonomy":"product_cat","embeddable":true,"href":"https:\/\/roveyayinevi.com.tr\/index.php\/wp-json\/wp\/v2\/product_cat?post=717958"},{"taxonomy":"product_tag","embeddable":true,"href":"https:\/\/roveyayinevi.com.tr\/index.php\/wp-json\/wp\/v2\/product_tag?post=717958"}],"curies":[{"name":"wp","href":"https:\/\/api.w.org\/{rel}","templated":true}]}}