{"id":717956,"date":"2025-08-27T18:01:59","date_gmt":"2025-08-27T15:01:59","guid":{"rendered":"https:\/\/roveyayinevi.com.tr\/index.php\/urun\/keynesten-lucas-ve-otesine-makroiktisat-tarihi\/"},"modified":"2026-04-16T02:26:16","modified_gmt":"2026-04-15T23:26:16","slug":"keynesten-lucas-ve-otesine-makroiktisat-tarihi","status":"publish","type":"product","link":"https:\/\/roveyayinevi.com.tr\/index.php\/urun\/keynesten-lucas-ve-otesine-makroiktisat-tarihi\/","title":{"rendered":"Keynes&#8217;ten Lucas ve \u00d6tesine &#8211; Makroiktisat Tarihi"},"content":{"rendered":"<p>Keynes\u2019ten g\u00fcn\u00fcm\u00fcze makroiktisat tarihinin izini s\u00fcren Michel De Vroey, bu yolculu\u011fun iki ana eksenine Keynes\u00e7i ve Lucas\u00e7\u0131 (DGSE) d\u00f6nemlerle Marshall-Walras ayr\u0131\u015fmas\u0131n\u0131 yerle\u015ftiriyor. Keynes\u00e7i d\u00f6nemden Keynes\u00e7i makroiktisat, parasalc\u0131l\u0131k, dengesizlik makroiktisad\u0131, Walras\u00e7\u0131 olmayan denge modelleri ve birinci nesil yeni Keynes\u00e7iler ele al\u0131n\u0131yor. Lucas\u00e7\u0131 d\u00f6nemden ise yeni klasik makroiktisat, RBC modellemesi ve ikinci nesil yeni Keynes\u00e7i modellemeler inceleniyor.Keynes ve Lucas\u2019\u0131n yan\u0131 s\u0131ra Friedman, Patinkin, Leijonhufvud ve Clower, Phelps, Kydland ve Prescott gibi bir\u00e7ok iktisat\u00e7\u0131n\u0131n eserleri de mercek alt\u0131na yat\u0131r\u0131l\u0131yor. Ayr\u0131ca Keynes ve Lucas\u2019a alternatif sunma \u00e7abalar\u0131 ayr\u0131nt\u0131l\u0131 olarak irdeleniyor. Michel De Vroey b\u00f6ylesine zengin bir i\u00e7eri\u011fi analitik analizlerle tarihsel ba\u011flam \u00e7er\u00e7evesinde yorumlar\u0131 dengeleyerek sunmay\u0131 ba\u015far\u0131yor. Keynes\u2019ten Lucas ve \u00d6tesine Makroiktisat Tarihi, De Vroey\u2019in kendi makroiktisadi yolculu\u011funu ve o yolda kar\u015f\u0131la\u015ft\u0131\u011f\u0131 metinlere tepkilerini aktaran bir d\u00fc\u015f\u00fcnsel seyahat g\u00fcncesi gibi okunuyor. Esas olarak makroiktisatta fark yaratm\u0131\u015f makale ve kitaplar\u0131n i\u00e7 mant\u0131\u011f\u0131n\u0131 anlamaya odaklanarak bunlar\u0131 art\u0131lar\u0131 ve eksileriyle de\u011ferlendirmeyi ama\u00e7layan De Vroey, iktisatla ve tarihiyle ilgilenen herkes i\u00e7in bir temel eser yaratm\u0131\u015f.<\/p>\n","protected":false},"excerpt":{"rendered":"<p>Keynes\u2019ten g\u00fcn\u00fcm\u00fcze makroiktisat tarihinin izini s\u00fcren Michel De Vroey, bu yolculu\u011fun iki ana eksenine Keynes\u00e7i ve Lucas\u00e7\u0131 (DGSE) d\u00f6nemlerle Marshall-Walras ayr\u0131\u015fmas\u0131n\u0131 yerle\u015ftiriyor. Keynes\u00e7i d\u00f6nemden Keynes\u00e7i makroiktisat,<span class=\"excerpt-hellip\"> [\u2026]<\/span><\/p>\n","protected":false},"featured_media":0,"template":"","meta":{"_monsterinsights_skip_tracking":false,"_monsterinsights_sitenote_active":false,"_monsterinsights_sitenote_note":"","_monsterinsights_sitenote_category":0},"product_brand":[],"product_cat":[20351,12388],"product_tag":[],"class_list":{"0":"post-717956","1":"product","2":"type-product","3":"status-publish","5":"product_cat-dusunce","6":"product_cat-felsefe","7":"pa_cilt-ciltsiz","8":"pa_tur-kitap","9":"pa_yayinevi-koc-universitesi-yayinlari","10":"pa_yazar-michel-de-vroey","12":"first","13":"instock","14":"sale","15":"shipping-taxable","16":"purchasable","17":"product-type-simple"},"_links":{"self":[{"href":"https:\/\/roveyayinevi.com.tr\/index.php\/wp-json\/wp\/v2\/product\/717956","targetHints":{"allow":["GET"]}}],"collection":[{"href":"https:\/\/roveyayinevi.com.tr\/index.php\/wp-json\/wp\/v2\/product"}],"about":[{"href":"https:\/\/roveyayinevi.com.tr\/index.php\/wp-json\/wp\/v2\/types\/product"}],"wp:attachment":[{"href":"https:\/\/roveyayinevi.com.tr\/index.php\/wp-json\/wp\/v2\/media?parent=717956"}],"wp:term":[{"taxonomy":"product_brand","embeddable":true,"href":"https:\/\/roveyayinevi.com.tr\/index.php\/wp-json\/wp\/v2\/product_brand?post=717956"},{"taxonomy":"product_cat","embeddable":true,"href":"https:\/\/roveyayinevi.com.tr\/index.php\/wp-json\/wp\/v2\/product_cat?post=717956"},{"taxonomy":"product_tag","embeddable":true,"href":"https:\/\/roveyayinevi.com.tr\/index.php\/wp-json\/wp\/v2\/product_tag?post=717956"}],"curies":[{"name":"wp","href":"https:\/\/api.w.org\/{rel}","templated":true}]}}