{"id":717954,"date":"2025-08-27T18:01:58","date_gmt":"2025-08-27T15:01:58","guid":{"rendered":"https:\/\/roveyayinevi.com.tr\/index.php\/urun\/merhaba-ben-pluton\/"},"modified":"2026-04-16T02:26:16","modified_gmt":"2026-04-15T23:26:16","slug":"merhaba-ben-pluton","status":"publish","type":"product","link":"https:\/\/roveyayinevi.com.tr\/index.php\/urun\/merhaba-ben-pluton\/","title":{"rendered":"Merhaba Ben Pl\u00fcton"},"content":{"rendered":"<p>O s\u00f6ze tak\u0131lm\u0131\u015ft\u0131m. T\u00fcm evreni \u00f6zetleyen sihirli s\u00f6ze&#8230;Galaksiler , kara delikler, g\u00f6k ta\u015flar\u0131 ve gezegenler.O s\u00f6z\u00fc emir telakki  edip kusursuzca itaat ediyorlard\u0131. Bir\u00e7ok g\u00fcn ve gecemi dolduran , beni esir alan, yapt\u0131klar\u0131m\u0131 ihbar edercesine \u00e7evreye hayk\u0131ran s\u00f6z.&#8221;Bana \u00f6yle geliyor ki herkes ya\u015fam\u0131n\u0131 bir ba\u015fkas\u0131n\u0131n ya\u015fam\u0131n\u0131 mahvetmek i\u00e7in kullan\u0131yor&#8221;Mcmurphy karakterini canland\u0131ran oyuncu , bu s\u00f6z\u00fc s\u00f6ylerken parma\u011f\u0131yla sahneden beni g\u00f6steriyordu sanki. Bu g\u00fc\u00e7l\u00fc, bir o kadar da \u00e7ok ger\u00e7ek\u00e7i bir s\u00f6zd\u00fc.Belki evrenin s\u0131rr\u0131n\u0131 vermiyordu; ama bu k\u00fcrenin neden koca bir t\u0131marhaneye d\u00f6n\u00fc\u015ft\u00fc\u011f\u00fcn\u00fc \u00e7ok g\u00fczel a\u00e7\u0131kl\u0131yordu.Ne de olsa benim ya\u015fam\u0131m\u0131 mahvedenler , benim bir ba\u015fkas\u0131n\u0131n hayat\u0131 mehvetmeme sebep olmuyor muydu?Bu ger\u00e7ek, kainat var oldu\u011fu s\u00fcrece insano\u011flunun de\u011fi\u015fmeyecek yazg\u0131s\u0131 olarak aln\u0131na yaz\u0131lm\u0131\u015f olmal\u0131yd\u0131.O an bir kez daha anlam\u0131\u015ft\u0131m ki bizler kusurlu varl\u0131klard\u0131k ve bunun tek bir sebebi vard\u0131; \u00e7\u00fcnk\u00fc Tanr\u0131, bizi b\u00f6yle yaratm\u0131\u015ft\u0131.<\/p>\n","protected":false},"excerpt":{"rendered":"<p>O s\u00f6ze tak\u0131lm\u0131\u015ft\u0131m. T\u00fcm evreni \u00f6zetleyen sihirli s\u00f6ze&#8230;Galaksiler , kara delikler, g\u00f6k ta\u015flar\u0131 ve gezegenler.O s\u00f6z\u00fc emir telakki edip kusursuzca itaat ediyorlard\u0131. Bir\u00e7ok g\u00fcn ve gecemi<span class=\"excerpt-hellip\"> [\u2026]<\/span><\/p>\n","protected":false},"featured_media":0,"template":"","meta":{"_monsterinsights_skip_tracking":false,"_monsterinsights_sitenote_active":false,"_monsterinsights_sitenote_note":"","_monsterinsights_sitenote_category":0},"product_brand":[],"product_cat":[12291,12711],"product_tag":[],"class_list":{"0":"post-717954","1":"product","2":"type-product","3":"status-publish","5":"product_cat-edebiyat","6":"product_cat-roman-oyku","7":"pa_cilt-ciltsiz","8":"pa_tur-kitap","9":"pa_yayinevi-servet-yayinevi","10":"pa_yazar-sullu-veli-arpac","12":"first","13":"instock","14":"sale","15":"shipping-taxable","16":"purchasable","17":"product-type-simple"},"_links":{"self":[{"href":"https:\/\/roveyayinevi.com.tr\/index.php\/wp-json\/wp\/v2\/product\/717954","targetHints":{"allow":["GET"]}}],"collection":[{"href":"https:\/\/roveyayinevi.com.tr\/index.php\/wp-json\/wp\/v2\/product"}],"about":[{"href":"https:\/\/roveyayinevi.com.tr\/index.php\/wp-json\/wp\/v2\/types\/product"}],"wp:attachment":[{"href":"https:\/\/roveyayinevi.com.tr\/index.php\/wp-json\/wp\/v2\/media?parent=717954"}],"wp:term":[{"taxonomy":"product_brand","embeddable":true,"href":"https:\/\/roveyayinevi.com.tr\/index.php\/wp-json\/wp\/v2\/product_brand?post=717954"},{"taxonomy":"product_cat","embeddable":true,"href":"https:\/\/roveyayinevi.com.tr\/index.php\/wp-json\/wp\/v2\/product_cat?post=717954"},{"taxonomy":"product_tag","embeddable":true,"href":"https:\/\/roveyayinevi.com.tr\/index.php\/wp-json\/wp\/v2\/product_tag?post=717954"}],"curies":[{"name":"wp","href":"https:\/\/api.w.org\/{rel}","templated":true}]}}