{"id":717953,"date":"2025-08-27T18:01:57","date_gmt":"2025-08-27T15:01:57","guid":{"rendered":"https:\/\/roveyayinevi.com.tr\/index.php\/urun\/yuvamizda-huzur-bulalim-diye\/"},"modified":"2026-04-16T02:26:16","modified_gmt":"2026-04-15T23:26:16","slug":"yuvamizda-huzur-bulalim-diye","status":"publish","type":"product","link":"https:\/\/roveyayinevi.com.tr\/index.php\/urun\/yuvamizda-huzur-bulalim-diye\/","title":{"rendered":"Yuvam\u0131zda Huzur Bulal\u0131m Diye"},"content":{"rendered":"<p>Huzur, modern d\u00fcnyada, moda d\u0131\u015f\u0131 bir kelime gibi duruyor art\u0131k. Oysa, Huzur; ne tatl\u0131 bir kelimedir.   Huzur; ruhun, zihnin ve bedenin s\u00fck\u00fbnet bulma halidir.   Huzur; g\u00f6nl\u00fcn yat\u0131\u015fmas\u0131, nefsin tatmin olmas\u0131d\u0131r.   Huzur; ba\u015f din\u00e7li\u011fi, g\u00f6n\u00fcl rahatl\u0131\u011f\u0131d\u0131r.   Kad\u0131n ve erkek \u201cbirbirlerinde huzur bulsunlar\u201d diye \u00e7iftler halinde yarat\u0131lm\u0131\u015f,   Birbirlerinde co\u015fsunlar, birbirlerinde durulsunlar diye&#8230;   Kad\u0131n ve erke\u011fe ne oldu da birbirlerine huzur veremez oldular?   Bu da huzurun izini s\u00fcren bir kitap. Huzuru arayanlara \u0131\u015f\u0131k olsun diye&#8230;<\/p>\n","protected":false},"excerpt":{"rendered":"<p>Huzur, modern d\u00fcnyada, moda d\u0131\u015f\u0131 bir kelime gibi duruyor art\u0131k. Oysa, Huzur; ne tatl\u0131 bir kelimedir. Huzur; ruhun, zihnin ve bedenin s\u00fck\u00fbnet bulma halidir. Huzur; g\u00f6nl\u00fcn<span class=\"excerpt-hellip\"> [\u2026]<\/span><\/p>\n","protected":false},"featured_media":0,"template":"","meta":{"_monsterinsights_skip_tracking":false,"_monsterinsights_sitenote_active":false,"_monsterinsights_sitenote_note":"","_monsterinsights_sitenote_category":0},"product_brand":[],"product_cat":[26396,13488],"product_tag":[],"class_list":{"0":"post-717953","1":"product","2":"type-product","3":"status-publish","5":"product_cat-kadin-erkek-iliskileri","6":"product_cat-toplum-ve-insan","7":"pa_cilt-ciltsiz","8":"pa_tur-kitap","9":"pa_yayinevi-profil-kitap","10":"pa_yazar-sema-marasli","12":"first","13":"instock","14":"sale","15":"shipping-taxable","16":"purchasable","17":"product-type-simple"},"_links":{"self":[{"href":"https:\/\/roveyayinevi.com.tr\/index.php\/wp-json\/wp\/v2\/product\/717953","targetHints":{"allow":["GET"]}}],"collection":[{"href":"https:\/\/roveyayinevi.com.tr\/index.php\/wp-json\/wp\/v2\/product"}],"about":[{"href":"https:\/\/roveyayinevi.com.tr\/index.php\/wp-json\/wp\/v2\/types\/product"}],"wp:attachment":[{"href":"https:\/\/roveyayinevi.com.tr\/index.php\/wp-json\/wp\/v2\/media?parent=717953"}],"wp:term":[{"taxonomy":"product_brand","embeddable":true,"href":"https:\/\/roveyayinevi.com.tr\/index.php\/wp-json\/wp\/v2\/product_brand?post=717953"},{"taxonomy":"product_cat","embeddable":true,"href":"https:\/\/roveyayinevi.com.tr\/index.php\/wp-json\/wp\/v2\/product_cat?post=717953"},{"taxonomy":"product_tag","embeddable":true,"href":"https:\/\/roveyayinevi.com.tr\/index.php\/wp-json\/wp\/v2\/product_tag?post=717953"}],"curies":[{"name":"wp","href":"https:\/\/api.w.org\/{rel}","templated":true}]}}