{"id":717945,"date":"2025-08-27T18:01:51","date_gmt":"2025-08-27T15:01:51","guid":{"rendered":"https:\/\/roveyayinevi.com.tr\/index.php\/urun\/sosyoloji-yazilari-2\/"},"modified":"2026-03-07T02:41:18","modified_gmt":"2026-03-06T23:41:18","slug":"sosyoloji-yazilari-2","status":"publish","type":"product","link":"https:\/\/roveyayinevi.com.tr\/index.php\/urun\/sosyoloji-yazilari-2\/","title":{"rendered":"Sosyoloji Yaz\u0131lar\u0131"},"content":{"rendered":"<p>Max Weber uzun s\u00fcre Karl Marx\u2019\u0131n rakibi veya alternatifi olarak g\u00f6r\u00fcld\u00fc. Bunda da \u00f6zellikle Protestan ahlak\u0131 hakk\u0131ndaki \u00e7al\u0131\u015fmas\u0131 etkili oldu. K\u0131sa say\u0131labilecek \u00f6mr\u00fcne \u00e7ok say\u0131da eser s\u0131\u011fd\u0131rm\u0131\u015f Weber, bu se\u00e7kide yer alan yaz\u0131lar\u0131yla oldu\u011fu gibi daha geni\u015f bir perspektiften ele al\u0131nd\u0131\u011f\u0131nda, kar\u015f\u0131la\u015ft\u0131rmal\u0131 dinler tarihi, \u00e7ilecilik, rasyonelle\u015fme ve d\u00fcnyan\u0131n b\u00fcy\u00fcs\u00fcn\u00fcn bozulmas\u0131, disiplin ve iktidar gibi \u00f6nemli kavramlar \u00fczerinde tarihsel ve e\u015fzamanl\u0131 \u00e7al\u0131\u015fmalar yapm\u0131\u015f \u00f6nc\u00fc bir fig\u00fcr olarak kar\u015f\u0131m\u0131za \u00e7\u0131k\u0131yor. Yaz\u0131lar\u0131 modern hayat\u0131n sosyolojisinin yan\u0131 s\u0131ra felsefi bir antropolojiye de a\u00e7\u0131lma imk\u00e2n\u0131 sunuyor. Sosyoloji, felsefe ve siyasetle ilgilenen okurlar i\u00e7in Sosyoloji Yaz\u0131lar\u0131 g\u00fcn\u00fcm\u00fczde de \u00f6nde gelen bir Weber k\u0131lavuzu. T\u00fcrk\u00e7ede ilk yay\u0131mlan\u0131\u015f\u0131ndan g\u00fcn\u00fcm\u00fcze defalarca bask\u0131 yapm\u0131\u015f olan kitab\u0131, g\u00f6zden ge\u00e7irilmi\u015f yeni bir edisyon olarak sunuyoruz. <\/p>\n","protected":false},"excerpt":{"rendered":"<p>Max Weber uzun s\u00fcre Karl Marx\u2019\u0131n rakibi veya alternatifi olarak g\u00f6r\u00fcld\u00fc. Bunda da \u00f6zellikle Protestan ahlak\u0131 hakk\u0131ndaki \u00e7al\u0131\u015fmas\u0131 etkili oldu. K\u0131sa say\u0131labilecek \u00f6mr\u00fcne \u00e7ok say\u0131da eser<span class=\"excerpt-hellip\"> [\u2026]<\/span><\/p>\n","protected":false},"featured_media":0,"template":"","meta":{"_monsterinsights_skip_tracking":false,"_monsterinsights_sitenote_active":false,"_monsterinsights_sitenote_note":"","_monsterinsights_sitenote_category":0},"product_brand":[],"product_cat":[12835,12324],"product_tag":[],"class_list":{"0":"post-717945","1":"product","2":"type-product","3":"status-publish","5":"product_cat-genel-sosyoloji","6":"product_cat-sosyoloji","7":"pa_cilt-ciltsiz","8":"pa_tur-kitap","9":"pa_yayinevi-metis-yayinlari","10":"pa_yazar-max-weber","12":"first","13":"instock","14":"sale","15":"shipping-taxable","16":"purchasable","17":"product-type-simple"},"_links":{"self":[{"href":"https:\/\/roveyayinevi.com.tr\/index.php\/wp-json\/wp\/v2\/product\/717945","targetHints":{"allow":["GET"]}}],"collection":[{"href":"https:\/\/roveyayinevi.com.tr\/index.php\/wp-json\/wp\/v2\/product"}],"about":[{"href":"https:\/\/roveyayinevi.com.tr\/index.php\/wp-json\/wp\/v2\/types\/product"}],"wp:attachment":[{"href":"https:\/\/roveyayinevi.com.tr\/index.php\/wp-json\/wp\/v2\/media?parent=717945"}],"wp:term":[{"taxonomy":"product_brand","embeddable":true,"href":"https:\/\/roveyayinevi.com.tr\/index.php\/wp-json\/wp\/v2\/product_brand?post=717945"},{"taxonomy":"product_cat","embeddable":true,"href":"https:\/\/roveyayinevi.com.tr\/index.php\/wp-json\/wp\/v2\/product_cat?post=717945"},{"taxonomy":"product_tag","embeddable":true,"href":"https:\/\/roveyayinevi.com.tr\/index.php\/wp-json\/wp\/v2\/product_tag?post=717945"}],"curies":[{"name":"wp","href":"https:\/\/api.w.org\/{rel}","templated":true}]}}