{"id":717944,"date":"2025-08-27T18:01:51","date_gmt":"2025-08-27T15:01:51","guid":{"rendered":"https:\/\/roveyayinevi.com.tr\/index.php\/urun\/frankensteinin-izinde\/"},"modified":"2026-04-16T02:26:15","modified_gmt":"2026-04-15T23:26:15","slug":"frankensteinin-izinde","status":"publish","type":"product","link":"https:\/\/roveyayinevi.com.tr\/index.php\/urun\/frankensteinin-izinde\/","title":{"rendered":"Frankenstein&#8217;in \u0130zinde"},"content":{"rendered":"<p>Annesiyle babas\u0131 ayr\u0131ld\u0131ktan sonra b\u00fct\u00fcn d\u00fczeni de\u011fi\u015fen Eyl\u00fcl, art\u0131k hafta i\u00e7i babas\u0131yla birlikte babaannesinde, hafta sonuysa annesiyle birlikte anneannesinde kal\u0131yor. Nerede ne giymesi gerekt\u011fini bilmeyen, pazara bile all\u0131 pullu elbiselerle giden al\u0131\u015fveri\u015f delisi halas\u0131yla \u00e7ok e\u011fleniyor! Sedat Day\u0131s\u0131 onu bazen \u015fa\u015f\u0131rtsa da anneannesi ve dedesiyle zaman ge\u00e7irmeyi \u00e7ok seviyor&#8230;Eyl\u00fcl\u2019\u00fcn bu iki ev aras\u0131nda ge\u00e7en hayat\u0131, bir g\u00fcn GDO, yani \u201cGeneti\u011fi De\u011fi\u015ftirilmi\u015f Organizmalar\u201d konusunu \u00f6\u011frenince de\u011fi\u015fmeye ba\u015fl\u0131yor. Frankenstein g\u0131dalar da denen bu \u00fcr\u00fcnler, onlar\u0131nkine oldu\u011fu gibi bizim evlerimize de s\u0131zm\u0131\u015f durumda!Eyl\u00fcl, annesi ve babas\u0131yla zaman ge\u00e7irmeye, halas\u0131n\u0131 al\u0131\u015fveri\u015f \u00e7\u0131lg\u0131nl\u0131\u011f\u0131ndan kurtarmaya, day\u0131s\u0131n\u0131n gizemli davran\u0131\u015flar\u0131n\u0131 \u00e7\u00f6zmeye \u00e7al\u0131\u015f\u0131rken bir de GDO \u00fczerine bir sunum haz\u0131rlamal\u0131!Bu iki eve, bir s\u0131n\u0131f, ama en \u00f6nemlisi gen\u00e7 bir k\u0131z\u0131n kalbine misafir olaca\u011f\u0131n\u0131z Frankenstein\u2019\u0131n \u0130zinde\u2019yi okurken g\u00fclmeye, \u015fa\u015f\u0131rmaya, h\u00fcz\u00fcnlenmeye ve GDO\u2019yu \u00f6\u011frenmeye haz\u0131r olun!<\/p>\n","protected":false},"excerpt":{"rendered":"<p>Annesiyle babas\u0131 ayr\u0131ld\u0131ktan sonra b\u00fct\u00fcn d\u00fczeni de\u011fi\u015fen Eyl\u00fcl, art\u0131k hafta i\u00e7i babas\u0131yla birlikte babaannesinde, hafta sonuysa annesiyle birlikte anneannesinde kal\u0131yor. Nerede ne giymesi gerekt\u011fini bilmeyen, pazara<span class=\"excerpt-hellip\"> [\u2026]<\/span><\/p>\n","protected":false},"featured_media":0,"template":"","meta":{"_monsterinsights_skip_tracking":false,"_monsterinsights_sitenote_active":false,"_monsterinsights_sitenote_note":"","_monsterinsights_sitenote_category":0},"product_brand":[],"product_cat":[12274,12284],"product_tag":[],"class_list":{"0":"post-717944","1":"product","2":"type-product","3":"status-publish","5":"product_cat-cocuk-ve-genclik-kitaplari","6":"product_cat-hikayeler","7":"pa_cilt-ciltsiz","8":"pa_tur-kitap","9":"pa_yayinevi-kirmizi-kedi-yayinevi","10":"pa_yazar-nehir-yarar","12":"first","13":"instock","14":"sale","15":"shipping-taxable","16":"purchasable","17":"product-type-simple"},"_links":{"self":[{"href":"https:\/\/roveyayinevi.com.tr\/index.php\/wp-json\/wp\/v2\/product\/717944","targetHints":{"allow":["GET"]}}],"collection":[{"href":"https:\/\/roveyayinevi.com.tr\/index.php\/wp-json\/wp\/v2\/product"}],"about":[{"href":"https:\/\/roveyayinevi.com.tr\/index.php\/wp-json\/wp\/v2\/types\/product"}],"wp:attachment":[{"href":"https:\/\/roveyayinevi.com.tr\/index.php\/wp-json\/wp\/v2\/media?parent=717944"}],"wp:term":[{"taxonomy":"product_brand","embeddable":true,"href":"https:\/\/roveyayinevi.com.tr\/index.php\/wp-json\/wp\/v2\/product_brand?post=717944"},{"taxonomy":"product_cat","embeddable":true,"href":"https:\/\/roveyayinevi.com.tr\/index.php\/wp-json\/wp\/v2\/product_cat?post=717944"},{"taxonomy":"product_tag","embeddable":true,"href":"https:\/\/roveyayinevi.com.tr\/index.php\/wp-json\/wp\/v2\/product_tag?post=717944"}],"curies":[{"name":"wp","href":"https:\/\/api.w.org\/{rel}","templated":true}]}}