{"id":717942,"date":"2025-08-27T18:01:49","date_gmt":"2025-08-27T15:01:49","guid":{"rendered":"https:\/\/roveyayinevi.com.tr\/index.php\/urun\/amator\/"},"modified":"2026-04-16T02:26:15","modified_gmt":"2026-04-15T23:26:15","slug":"amator","status":"publish","type":"product","link":"https:\/\/roveyayinevi.com.tr\/index.php\/urun\/amator\/","title":{"rendered":"Amat\u00f6r"},"content":{"rendered":"<p>Amat\u00f6r ruhun \u00f6zg\u00fcrle\u015ftiricili\u011fine dair tutkulu bir manifesto!Kendisini amat\u00f6r bir \u015fehir kuramc\u0131s\u0131 ve b\u00fcy\u00fcl\u00fc Marksist olarak niteleyen Andy Merrifield\u2019\u0131n kaleme ald\u0131\u011f\u0131 Amat\u00f6r: Sevdi\u011finiz \u015eeyleri Yapman\u0131n Hazz\u0131, Delidolu\u2019nun \u201cNe Yapmal\u0131?\u201d temal\u0131 kurmaca d\u0131\u015f\u0131 eserler koleksiyonundaki yerini al\u0131yor.Latince \u201csevmek\u201d (amare) k\u00f6k\u00fcnden t\u00fcreyen amat\u00f6r (seven) s\u00f6zc\u00fc\u011f\u00fcn\u00fcn k\u00fc\u00e7\u00fcmseyici \u00e7a\u011fr\u0131\u015f\u0131mlar\u0131n\u0131 tersy\u00fcz ederek Baudelaire, Dostoyevski, Edward Said gibi \u00f6zg\u00fcn \u015fair, yazar ve d\u00fc\u015f\u00fcn\u00fcrlerden \u00f6rnekler sunan bu zihin a\u00e7\u0131c\u0131 kitap; amat\u00f6r ruhun bar\u0131nd\u0131rd\u0131\u011f\u0131 \u00fcretken tutkuya, devrimci potansiyele ve kural tan\u0131maz yarat\u0131c\u0131l\u0131\u011fa dair d\u00fc\u015f\u00fcnmeye sevk ediyor.Ofis k\u00fclt\u00fcr\u00fcn\u00fcn yaratt\u0131\u011f\u0131 s\u0131k\u0131\u015fm\u0131\u015fl\u0131k hissi, s\u0131n\u0131rl\u0131 alanlarda uzmanla\u015fman\u0131n getirdi\u011fi mekaniklik, merak\u0131 k\u00f6relten profesyonellik gibi g\u00fcn\u00fcm\u00fcz \u00e7al\u0131\u015fma hayat\u0131na y\u00f6nelik \u00e7okkatmanl\u0131 bir kapitalizm ele\u015ftirisi getiren Merrifield, bu kitab\u0131yla \u201ci\u015f\u201din kutsalla\u015ft\u0131r\u0131lmas\u0131n\u0131n ard\u0131nda yatan kurnazl\u0131klar\u0131 ve gizli ger\u00e7ekleri if\u015fa ediyor.Amat\u00f6r, otoriteyi sorgulayan bak\u0131\u015f a\u00e7\u0131s\u0131yla profesyonelli\u011fin kusursuz tekd\u00fczeli\u011finden ka\u00e7\u0131p zikzakl\u0131 yollarda \u00f6zg\u00fcrce ilerleyen bir ya\u015fam\u0131n manifestosunu sunuyor. Ya\u015fam\u0131m\u0131z\u0131n pek \u00e7ok alan\u0131n\u0131n nas\u0131l da kontrol\u00fcm\u00fcz\u00fcn d\u0131\u015f\u0131nda seyretti\u011fini fark etmemizi sa\u011flayan bu ayd\u0131nlat\u0131c\u0131 metin, kabul g\u00f6rm\u00fc\u015f d\u00fc\u015f\u00fcncelere kafa tutan ba\u011f\u0131ms\u0131z d\u00fc\u015f\u00fcn\u00fcrlere, dikba\u015fl\u0131 \u015fairlere ve amat\u00f6r aktivistlere sayfalar\u0131nda yer a\u00e7arak okuru kendi tutkusunu bulmaya \u00e7a\u011f\u0131r\u0131yor.Amat\u00f6rl\u00fck, ki\u015finin muhafazak\u00e2rl\u0131kla, yani dar bir uzmanl\u0131k alan\u0131n\u0131, kendi akademik \u00e7\u00f6pl\u00fc\u011f\u00fcn\u00fc savunmakla me\u015fgul olmamas\u0131; daha geni\u015f ve eklektik bir ger\u00e7eklik g\u00f6r\u00fc\u015f\u00fcn\u00fc savunmas\u0131 demektir. Amat\u00f6rl\u00fck, s\u00f6zc\u00fc\u011f\u00fcn eski Frans\u0131zca anlam\u0131nda oldu\u011fu \u00fczere, s\u0131rf zevk ald\u0131\u011f\u0131 i\u015fle u\u011fra\u015fan ki\u015finin sevgisidir. \u00c7o\u011fu durumda amat\u00f6rler profesyonellerden daha yetkindir; \u00e7\u00fcnk\u00fc yapt\u0131klar\u0131 i\u015fle daha samimi ba\u011flar\u0131 vard\u0131r. Yapt\u0131klar\u0131 \u015fey, olduklar\u0131 \u015feydir. Amat\u00f6rler, profesyonel otoritelere kar\u015f\u0131 \u00e7\u0131kan fikirleri savunur. Profesyonellerin g\u00f6rmezden geldi\u011fi, umursamad\u0131\u011f\u0131, s\u0131k s\u0131k da kabullenmedi\u011fi meseleleri dillendirirler. Amat\u00f6r\u00fcn suyu buland\u0131ran ki\u015fi olma ihtimali y\u00fcksektir. Amat\u00f6r, kimsenin maa\u015fl\u0131 \u00e7al\u0131\u015fan\u0131 de\u011fildir; hi\u00e7bir zaman da olmayacakt\u0131r.<\/p>\n","protected":false},"excerpt":{"rendered":"<p>Amat\u00f6r ruhun \u00f6zg\u00fcrle\u015ftiricili\u011fine dair tutkulu bir manifesto!Kendisini amat\u00f6r bir \u015fehir kuramc\u0131s\u0131 ve b\u00fcy\u00fcl\u00fc Marksist olarak niteleyen Andy Merrifield\u2019\u0131n kaleme ald\u0131\u011f\u0131 Amat\u00f6r: Sevdi\u011finiz \u015eeyleri Yapman\u0131n Hazz\u0131, Delidolu\u2019nun<span class=\"excerpt-hellip\"> [\u2026]<\/span><\/p>\n","protected":false},"featured_media":0,"template":"","meta":{"_monsterinsights_skip_tracking":false,"_monsterinsights_sitenote_active":false,"_monsterinsights_sitenote_note":"","_monsterinsights_sitenote_category":0},"product_brand":[],"product_cat":[12777,12291],"product_tag":[],"class_list":{"0":"post-717942","1":"product","2":"type-product","3":"status-publish","5":"product_cat-deneme","6":"product_cat-edebiyat","7":"pa_cilt-ciltsiz","8":"pa_tur-kitap","9":"pa_yayinevi-delidolu","10":"pa_yazar-andy-merrifield","12":"first","13":"instock","14":"sale","15":"shipping-taxable","16":"purchasable","17":"product-type-simple"},"_links":{"self":[{"href":"https:\/\/roveyayinevi.com.tr\/index.php\/wp-json\/wp\/v2\/product\/717942","targetHints":{"allow":["GET"]}}],"collection":[{"href":"https:\/\/roveyayinevi.com.tr\/index.php\/wp-json\/wp\/v2\/product"}],"about":[{"href":"https:\/\/roveyayinevi.com.tr\/index.php\/wp-json\/wp\/v2\/types\/product"}],"wp:attachment":[{"href":"https:\/\/roveyayinevi.com.tr\/index.php\/wp-json\/wp\/v2\/media?parent=717942"}],"wp:term":[{"taxonomy":"product_brand","embeddable":true,"href":"https:\/\/roveyayinevi.com.tr\/index.php\/wp-json\/wp\/v2\/product_brand?post=717942"},{"taxonomy":"product_cat","embeddable":true,"href":"https:\/\/roveyayinevi.com.tr\/index.php\/wp-json\/wp\/v2\/product_cat?post=717942"},{"taxonomy":"product_tag","embeddable":true,"href":"https:\/\/roveyayinevi.com.tr\/index.php\/wp-json\/wp\/v2\/product_tag?post=717942"}],"curies":[{"name":"wp","href":"https:\/\/api.w.org\/{rel}","templated":true}]}}