{"id":717941,"date":"2025-08-27T18:01:49","date_gmt":"2025-08-27T15:01:49","guid":{"rendered":"https:\/\/roveyayinevi.com.tr\/index.php\/urun\/gidenlerin-ardindan\/"},"modified":"2026-04-16T02:26:15","modified_gmt":"2026-04-15T23:26:15","slug":"gidenlerin-ardindan","status":"publish","type":"product","link":"https:\/\/roveyayinevi.com.tr\/index.php\/urun\/gidenlerin-ardindan\/","title":{"rendered":"Gidenlerin Ard\u0131ndan"},"content":{"rendered":"<p>K\u00fclt\u00fcr\u00fcm\u00fczde g\u00fczel bir s\u00f6z var: Do\u011fdu\u011fun vakti hat\u0131rlar m\u0131s\u0131n? Hani sen a\u011flarken sevin\u00e7ten dolay\u0131 herkes g\u00fclerdi. \u00d6yle bir \u00f6m\u00fcr s\u00fcr ki \u00f6l\u00fcrken etraf\u0131ndakiler a\u011flas\u0131n, sen g\u00fclerek git.  Gelene\u011fimizde, gidenleri hay\u0131rla anmak esast\u0131r. Elinizdeki kitapta \u00e7a\u011f\u0131m\u0131zda ya\u015fam\u0131\u015f yirmi d\u00f6rt g\u00fczel insandan s\u00f6z edilmektedir. Bir k\u0131sm\u0131 kamu oyunun yak\u0131ndan tan\u0131d\u0131\u011f\u0131 isimler: Mahir \u0130z, Ekrem Hakk\u0131 Ayverdi, \u0130lhan Ayverdi, Bekir S\u0131dk\u0131 Sezgin, Ahmet Y\u00fcksel \u00d6zemre, Me\u015fk\u00fbre Sargut, M\u00fcjgan Cunbur gibi. Bir k\u0131sm\u0131 ise yazar\u0131n tan\u0131d\u0131\u011f\u0131 g\u00fczel kimselerdir.  Bunlar\u0131n hemen hemen hepsi ger\u00e7ekten her y\u00f6nleriyle iyi insanlard\u0131. Bu sebeple hay\u0131rla y\u00e2d edilmeyi fazlas\u0131yla hak ettiler. S\u00f6z konusu \u015fah\u0131slar\u0131n ortak \u00f6zelli\u011fi ise g\u00f6n\u00fcl ehli ve dervi\u015f insan olmalar\u0131d\u0131r. Hepsi, bu kubbede ho\u015f bir sad\u00e2 b\u0131rakarak gittiler&#8230;<\/p>\n","protected":false},"excerpt":{"rendered":"<p>K\u00fclt\u00fcr\u00fcm\u00fczde g\u00fczel bir s\u00f6z var: Do\u011fdu\u011fun vakti hat\u0131rlar m\u0131s\u0131n? Hani sen a\u011flarken sevin\u00e7ten dolay\u0131 herkes g\u00fclerdi. \u00d6yle bir \u00f6m\u00fcr s\u00fcr ki \u00f6l\u00fcrken etraf\u0131ndakiler a\u011flas\u0131n, sen g\u00fclerek<span class=\"excerpt-hellip\"> [\u2026]<\/span><\/p>\n","protected":false},"featured_media":0,"template":"","meta":{"_monsterinsights_skip_tracking":false,"_monsterinsights_sitenote_active":false,"_monsterinsights_sitenote_note":"","_monsterinsights_sitenote_category":0},"product_brand":[],"product_cat":[12718,12719,15238],"product_tag":[],"class_list":{"0":"post-717941","1":"product","2":"type-product","3":"status-publish","5":"product_cat-din","6":"product_cat-islam","7":"product_cat-tasavvuf","8":"pa_cilt-ciltsiz","9":"pa_tur-kitap","10":"pa_yayinevi-nefes-yayincilik","11":"pa_yazar-mehmet-demirci","13":"first","14":"instock","15":"sale","16":"shipping-taxable","17":"purchasable","18":"product-type-simple"},"_links":{"self":[{"href":"https:\/\/roveyayinevi.com.tr\/index.php\/wp-json\/wp\/v2\/product\/717941","targetHints":{"allow":["GET"]}}],"collection":[{"href":"https:\/\/roveyayinevi.com.tr\/index.php\/wp-json\/wp\/v2\/product"}],"about":[{"href":"https:\/\/roveyayinevi.com.tr\/index.php\/wp-json\/wp\/v2\/types\/product"}],"wp:attachment":[{"href":"https:\/\/roveyayinevi.com.tr\/index.php\/wp-json\/wp\/v2\/media?parent=717941"}],"wp:term":[{"taxonomy":"product_brand","embeddable":true,"href":"https:\/\/roveyayinevi.com.tr\/index.php\/wp-json\/wp\/v2\/product_brand?post=717941"},{"taxonomy":"product_cat","embeddable":true,"href":"https:\/\/roveyayinevi.com.tr\/index.php\/wp-json\/wp\/v2\/product_cat?post=717941"},{"taxonomy":"product_tag","embeddable":true,"href":"https:\/\/roveyayinevi.com.tr\/index.php\/wp-json\/wp\/v2\/product_tag?post=717941"}],"curies":[{"name":"wp","href":"https:\/\/api.w.org\/{rel}","templated":true}]}}