{"id":717940,"date":"2025-08-27T18:01:48","date_gmt":"2025-08-27T15:01:48","guid":{"rendered":"https:\/\/roveyayinevi.com.tr\/index.php\/urun\/sait-ile-sabahattin\/"},"modified":"2026-04-16T02:26:15","modified_gmt":"2026-04-15T23:26:15","slug":"sait-ile-sabahattin","status":"publish","type":"product","link":"https:\/\/roveyayinevi.com.tr\/index.php\/urun\/sait-ile-sabahattin\/","title":{"rendered":"Sait ile Sabahattin"},"content":{"rendered":"<p>\u201cSanki iki yazar birbirlerini tamamlamak \u00fczere yazm\u0131\u015flard\u0131r. K\u00f6yleri, kasabalar\u0131, adalar\u0131, kentleri payla\u015fm\u0131\u015flar ve ikisi de ger\u00e7ekliklerini en \u00e7ok da yazarken kavram\u0131\u015flar, varl\u0131klar\u0131na en \u00e7ok yazarken inanm\u0131\u015flard\u0131r. Yazmak i\u00e7in ya\u015famak kadar, ya\u015famak i\u00e7in yazd\u0131klar\u0131 da do\u011frudur.\u2018Yazmasam deli olacakt\u0131m!\u2019 diyen Sait\u2019tir ama \u2018yazmasam nas\u0131l \u00f6lecektim?\u2019 diye yaz\u0131n\u0131n kar\u015f\u0131s\u0131na \u00f6mr\u00fcn\u00fc koyan da Sabahattin\u2019dir&#8230;\u201d <\/p>\n","protected":false},"excerpt":{"rendered":"<p>\u201cSanki iki yazar birbirlerini tamamlamak \u00fczere yazm\u0131\u015flard\u0131r. K\u00f6yleri, kasabalar\u0131, adalar\u0131, kentleri payla\u015fm\u0131\u015flar ve ikisi de ger\u00e7ekliklerini en \u00e7ok da yazarken kavram\u0131\u015flar, varl\u0131klar\u0131na en \u00e7ok yazarken inanm\u0131\u015flard\u0131r.<span class=\"excerpt-hellip\"> [\u2026]<\/span><\/p>\n","protected":false},"featured_media":0,"template":"","meta":{"_monsterinsights_skip_tracking":false,"_monsterinsights_sitenote_active":false,"_monsterinsights_sitenote_note":"","_monsterinsights_sitenote_category":0},"product_brand":[],"product_cat":[12777,12291],"product_tag":[],"class_list":{"0":"post-717940","1":"product","2":"type-product","3":"status-publish","5":"product_cat-deneme","6":"product_cat-edebiyat","7":"pa_cilt-ciltsiz","8":"pa_tur-kitap","9":"pa_yayinevi-kirmizi-kedi-yayinevi","10":"pa_yazar-haydar-ergulen","12":"first","13":"instock","14":"sale","15":"shipping-taxable","16":"purchasable","17":"product-type-simple"},"_links":{"self":[{"href":"https:\/\/roveyayinevi.com.tr\/index.php\/wp-json\/wp\/v2\/product\/717940","targetHints":{"allow":["GET"]}}],"collection":[{"href":"https:\/\/roveyayinevi.com.tr\/index.php\/wp-json\/wp\/v2\/product"}],"about":[{"href":"https:\/\/roveyayinevi.com.tr\/index.php\/wp-json\/wp\/v2\/types\/product"}],"wp:attachment":[{"href":"https:\/\/roveyayinevi.com.tr\/index.php\/wp-json\/wp\/v2\/media?parent=717940"}],"wp:term":[{"taxonomy":"product_brand","embeddable":true,"href":"https:\/\/roveyayinevi.com.tr\/index.php\/wp-json\/wp\/v2\/product_brand?post=717940"},{"taxonomy":"product_cat","embeddable":true,"href":"https:\/\/roveyayinevi.com.tr\/index.php\/wp-json\/wp\/v2\/product_cat?post=717940"},{"taxonomy":"product_tag","embeddable":true,"href":"https:\/\/roveyayinevi.com.tr\/index.php\/wp-json\/wp\/v2\/product_tag?post=717940"}],"curies":[{"name":"wp","href":"https:\/\/api.w.org\/{rel}","templated":true}]}}