{"id":717938,"date":"2025-08-27T18:01:46","date_gmt":"2025-08-27T15:01:46","guid":{"rendered":"https:\/\/roveyayinevi.com.tr\/index.php\/urun\/kucuk-ulke\/"},"modified":"2026-04-16T02:26:15","modified_gmt":"2026-04-15T23:26:15","slug":"kucuk-ulke","status":"publish","type":"product","link":"https:\/\/roveyayinevi.com.tr\/index.php\/urun\/kucuk-ulke\/","title":{"rendered":"K\u00fc\u00e7\u00fck \u00dclke"},"content":{"rendered":"<p>Ga\u00ebl Faye\u2019nin yetene\u011fi nefes kesici; d\u00fcnyaya onun gibi bir yazar arma\u011fan edebilen hi\u00e7bir \u00fclkeye \u2018k\u00fc\u00e7\u00fck\u2019 denmemeli.Imbolo Mbue &#8220;Soyk\u0131r\u0131m t\u0131pk\u0131 bir petrol s\u0131z\u0131nt\u0131s\u0131 gibiydi, i\u00e7inden bo\u011fulmadan \u00e7\u0131kanlar hayatlar\u0131 boyunca katrana bulanm\u0131\u015f oluyordu.&#8221;Burundi, 1992. On ya\u015f\u0131ndaki Gabriel, Bujumbura\u2019da daha \u00e7ok yabanc\u0131lar\u0131n ya\u015fad\u0131\u011f\u0131 huzurlu bir mahallede Frans\u0131z babas\u0131, Ruandal\u0131 annesi ve k\u0131z karde\u015fi Ana ile mutlu bir \u00e7ocukluk ge\u00e7irmektedir. Fakat birlikte mango a\u011fa\u00e7lar\u0131na \u201cdald\u0131\u011f\u0131\u201d arkada\u015flar\u0131, evlerinin bulundu\u011fu \u00e7\u0131kmaz sokakta ya\u015fayan yetmi\u015f iki milletten kom\u015fular\u0131 ve aheste okul g\u00fcnlerinden ibaret olan hayat\u0131, hen\u00fcz akl\u0131n\u0131n ermedi\u011fi siyasetin, etnik ayr\u0131l\u0131klar\u0131n ve \u015fiddetin y\u0131k\u0131c\u0131 etkilerinden ba\u011f\u0131\u015f\u0131k de\u011fildir. Tarihin girdab\u0131ndan ka\u00e7amayan bir \u00e7ocu\u011fun masumiyetini yitiri\u015f hik\u00e2yesi olarak da okunabilecek roman, Ruanda\u2019da ve Orta Afrika\u2019n\u0131n k\u00fc\u00e7\u00fck \u00fclkesi Burundi\u2019de ya\u015fanan soyk\u0131r\u0131m\u0131 odak noktas\u0131na oturturken, b\u00f6yle b\u00fcy\u00fck trajedilerin su\u00e7suz insanlar\u0131n elinden yaln\u0131zca sevdiklerini de\u011fil, ge\u00e7mi\u015flerini ve hat\u0131ralar\u0131n\u0131 da al\u0131p g\u00f6t\u00fcrebilece\u011fini \u00e7arp\u0131c\u0131 bir dille anlat\u0131yor.\u201cTutsiler ile Hutular aras\u0131ndaki sava\u015f\u0131n nedeni ayn\u0131 topraklara sahip olmamalar\u0131 m\u0131?\u201d \u201cHay\u0131r, de\u011fil. Ayn\u0131 \u00fclkede ya\u015f\u0131yorlar.\u201d \u201cO halde&#8230; Dilleri mi farkl\u0131?\u201d \u201cHay\u0131r, ayn\u0131 dili konu\u015fuyorlar.\u201d \u201cO zaman tanr\u0131lar\u0131 m\u0131 farkl\u0131?\u201d \u201cHay\u0131r, tanr\u0131lar\u0131 da ayn\u0131.\u201d \u201cPeki o zaman ni\u00e7in sava\u015f\u0131yorlar?\u201d \u201c\u00c7\u00fcnk\u00fc burunlar\u0131 farkl\u0131.\u201d <\/p>\n","protected":false},"excerpt":{"rendered":"<p>Ga\u00ebl Faye\u2019nin yetene\u011fi nefes kesici; d\u00fcnyaya onun gibi bir yazar arma\u011fan edebilen hi\u00e7bir \u00fclkeye \u2018k\u00fc\u00e7\u00fck\u2019 denmemeli.Imbolo Mbue &#8220;Soyk\u0131r\u0131m t\u0131pk\u0131 bir petrol s\u0131z\u0131nt\u0131s\u0131 gibiydi, i\u00e7inden bo\u011fulmadan \u00e7\u0131kanlar<span class=\"excerpt-hellip\"> [\u2026]<\/span><\/p>\n","protected":false},"featured_media":0,"template":"","meta":{"_monsterinsights_skip_tracking":false,"_monsterinsights_sitenote_active":false,"_monsterinsights_sitenote_note":"","_monsterinsights_sitenote_category":0},"product_brand":[],"product_cat":[12291,12711],"product_tag":[],"class_list":{"0":"post-717938","1":"product","2":"type-product","3":"status-publish","5":"product_cat-edebiyat","6":"product_cat-roman-oyku","7":"pa_cilt-ciltsiz","8":"pa_tur-kitap","9":"pa_yayinevi-kafka-yayinevi","10":"pa_yazar-gael-faye","12":"first","13":"instock","14":"sale","15":"shipping-taxable","16":"purchasable","17":"product-type-simple"},"_links":{"self":[{"href":"https:\/\/roveyayinevi.com.tr\/index.php\/wp-json\/wp\/v2\/product\/717938","targetHints":{"allow":["GET"]}}],"collection":[{"href":"https:\/\/roveyayinevi.com.tr\/index.php\/wp-json\/wp\/v2\/product"}],"about":[{"href":"https:\/\/roveyayinevi.com.tr\/index.php\/wp-json\/wp\/v2\/types\/product"}],"wp:attachment":[{"href":"https:\/\/roveyayinevi.com.tr\/index.php\/wp-json\/wp\/v2\/media?parent=717938"}],"wp:term":[{"taxonomy":"product_brand","embeddable":true,"href":"https:\/\/roveyayinevi.com.tr\/index.php\/wp-json\/wp\/v2\/product_brand?post=717938"},{"taxonomy":"product_cat","embeddable":true,"href":"https:\/\/roveyayinevi.com.tr\/index.php\/wp-json\/wp\/v2\/product_cat?post=717938"},{"taxonomy":"product_tag","embeddable":true,"href":"https:\/\/roveyayinevi.com.tr\/index.php\/wp-json\/wp\/v2\/product_tag?post=717938"}],"curies":[{"name":"wp","href":"https:\/\/api.w.org\/{rel}","templated":true}]}}