{"id":717937,"date":"2025-08-27T18:01:46","date_gmt":"2025-08-27T15:01:46","guid":{"rendered":"https:\/\/roveyayinevi.com.tr\/index.php\/urun\/konstantin-muhru\/"},"modified":"2026-04-16T02:26:15","modified_gmt":"2026-04-15T23:26:15","slug":"konstantin-muhru","status":"publish","type":"product","link":"https:\/\/roveyayinevi.com.tr\/index.php\/urun\/konstantin-muhru\/","title":{"rendered":"Konstantin M\u00fchr\u00fc"},"content":{"rendered":"<p>Yolu \u0130lahi Komedyag\u00f6sterecek&#8230; Dante\u2019nin Araf Da\u011f\u0131\u2019na t\u0131rman ve yedi \u00f6l\u00fcmc\u00fcl g\u00fcnahtan ar\u0131n. Sa\u011f kal\u0131rsan, y\u00fczy\u0131llard\u0131r gizlenen b\u00fcy\u00fck s\u0131r senindir! Avrupa ve Amerika\u2019da 6 milyondan fazla satan, ilk yay\u0131mland\u0131\u011f\u0131 \u00fclke olan \u0130spanya\u2019da GabrielGarc\u00edaM\u00e1rquez, Carlos RuizZaf\u00f3n ve PatrickS\u00fcskind\u2019le payla\u015ft\u0131\u011f\u0131 \u00e7oksatanlar listesinden aylarca inmeyen Konstantin M\u00fchr\u00fc, ilk kez T\u00fcrk\u00e7ede!\u201cDa Vinci \u015eifresi\u2019nde bir tablonun yapt\u0131\u011f\u0131g\u00f6revi, Asensi\u2019nin kitab\u0131nda Dante\u00fcstlenmi\u015ftir ve mesaj gayet nettir: G\u00f6zlerini d\u00f6rt a\u00e7 ve sanat eserlerine gizlenmi\u015f kadim s\u0131rlar\u0131 ke\u015ffet! Bu kitap bir\u00e7ok konuya bak\u0131\u015f a\u00e7\u0131n\u0131z\u0131 de\u011fi\u015ftirmekle kalmayacak&#8230; Kalp at\u0131\u015flar\u0131n\u0131z\u0131n h\u0131zland\u0131\u011f\u0131n\u0131 da hissedeceksiniz!\u201d JAMES ROLLINS, Kemik Atlas\u0131 ve Kum F\u0131rt\u0131nas\u0131 kitaplar\u0131n\u0131n yazar\u0131 Vatikan\u2019\u0131n Gizli Ar\u015fivler sorumlusu OttaviaSalina, tarihin en eski yaz\u0131tlar\u0131 \u00fczerine \u00e7al\u0131\u015fmalar yapan, olduk\u00e7a yetenekli bir paleograft\u0131r. Kilise ile laboratuvar aras\u0131nda ge\u00e7en ve d\u0131\u015far\u0131dan son derece s\u0131radan g\u00f6r\u00fcnen hayat\u0131, Etiyopyal\u0131 bir adam\u0131n tuhaf sembollerle da\u011flanarak \u00f6ld\u00fcr\u00fclmesiyle tamamen de\u011fi\u015fecektir.Vatikan\u2019\u0131n en \u00fcst r\u00fctbeli yetkililerince g\u00f6reve \u00e7a\u011f\u0131r\u0131lan Salina, t\u00fcm \u00e7al\u0131\u015fmalar\u0131n\u0131 bir kenara b\u0131rak\u0131p kendini cesedin \u00fczerindeki sembolleri \u00e7\u00f6zmeye adar. Y\u00fczy\u0131llar \u00f6nce unutulmu\u015f olan Konstantin M\u00fchr\u00fc de dahil olmak \u00fczere, yedi farkl\u0131 ha\u00e7 sembol\u00fcyle da\u011flanan beden, kadim bir karde\u015fli\u011fin s\u0131rr\u0131n\u0131 if\u015fa eden ilk ipucuna d\u00f6n\u00fc\u015f\u00fcr. D\u00fcnyan\u0131n d\u00f6rt bir yan\u0131ndaki kiliselerde korunan kutsal emanetler birer birer yok olurken, \u0130svi\u00e7reli Muhaf\u0131z Glauser-R\u00f6ist ve K\u0131pti Profes\u00f6r Farag\u2019\u0131n kat\u0131l\u0131m\u0131yla b\u00fcy\u00fcyen ekibin can\u0131 pahas\u0131na korumas\u0131 gereken \u015fey, emanetlerin en b\u00fcy\u00fc\u011f\u00fcd\u00fcr: \u0130sa\u2019n\u0131n \u00e7arm\u0131ha gerildi\u011fi \u201cGer\u00e7ek Ha\u00e7\u201d.  \u0130lahi Komedya\u2019n\u0131n \u00e7izdi\u011fi yolu takip ederek H\u0131ristiyanl\u0131\u011f\u0131n antik ba\u015fkentlerinde \u00f6l\u00fcmc\u00fcl bir maceraya at\u0131lan ara\u015ft\u0131rmac\u0131lar, her a\u015famas\u0131nda hayat\u0131 ve inan\u00e7lar\u0131n\u0131 sorgulayacaklar\u0131 unutulmaz bir s\u0131navla y\u00fczle\u015fecektir\u2026 <\/p>\n","protected":false},"excerpt":{"rendered":"<p>Yolu \u0130lahi Komedyag\u00f6sterecek&#8230; Dante\u2019nin Araf Da\u011f\u0131\u2019na t\u0131rman ve yedi \u00f6l\u00fcmc\u00fcl g\u00fcnahtan ar\u0131n. Sa\u011f kal\u0131rsan, y\u00fczy\u0131llard\u0131r gizlenen b\u00fcy\u00fck s\u0131r senindir! Avrupa ve Amerika\u2019da 6 milyondan fazla satan,<span class=\"excerpt-hellip\"> [\u2026]<\/span><\/p>\n","protected":false},"featured_media":0,"template":"","meta":{"_monsterinsights_skip_tracking":false,"_monsterinsights_sitenote_active":false,"_monsterinsights_sitenote_note":"","_monsterinsights_sitenote_category":0},"product_brand":[],"product_cat":[12291,12711],"product_tag":[],"class_list":{"0":"post-717937","1":"product","2":"type-product","3":"status-publish","5":"product_cat-edebiyat","6":"product_cat-roman-oyku","7":"pa_cilt-ciltsiz","8":"pa_tur-kitap","9":"pa_yayinevi-epsilon-yayinlari","10":"pa_yazar-matilde-asensi","12":"first","13":"instock","14":"sale","15":"shipping-taxable","16":"purchasable","17":"product-type-simple"},"_links":{"self":[{"href":"https:\/\/roveyayinevi.com.tr\/index.php\/wp-json\/wp\/v2\/product\/717937","targetHints":{"allow":["GET"]}}],"collection":[{"href":"https:\/\/roveyayinevi.com.tr\/index.php\/wp-json\/wp\/v2\/product"}],"about":[{"href":"https:\/\/roveyayinevi.com.tr\/index.php\/wp-json\/wp\/v2\/types\/product"}],"wp:attachment":[{"href":"https:\/\/roveyayinevi.com.tr\/index.php\/wp-json\/wp\/v2\/media?parent=717937"}],"wp:term":[{"taxonomy":"product_brand","embeddable":true,"href":"https:\/\/roveyayinevi.com.tr\/index.php\/wp-json\/wp\/v2\/product_brand?post=717937"},{"taxonomy":"product_cat","embeddable":true,"href":"https:\/\/roveyayinevi.com.tr\/index.php\/wp-json\/wp\/v2\/product_cat?post=717937"},{"taxonomy":"product_tag","embeddable":true,"href":"https:\/\/roveyayinevi.com.tr\/index.php\/wp-json\/wp\/v2\/product_tag?post=717937"}],"curies":[{"name":"wp","href":"https:\/\/api.w.org\/{rel}","templated":true}]}}