{"id":717936,"date":"2025-08-27T18:01:45","date_gmt":"2025-08-27T15:01:45","guid":{"rendered":"https:\/\/roveyayinevi.com.tr\/index.php\/urun\/bir-kurt-cobain-biyografisi-cennetten-de-agir\/"},"modified":"2026-04-16T02:26:15","modified_gmt":"2026-04-15T23:26:15","slug":"bir-kurt-cobain-biyografisi-cennetten-de-agir","status":"publish","type":"product","link":"https:\/\/roveyayinevi.com.tr\/index.php\/urun\/bir-kurt-cobain-biyografisi-cennetten-de-agir\/","title":{"rendered":"Bir Kurt Cobain Biyografisi: Cennetten de A\u011f\u0131r"},"content":{"rendered":"<p>E\u015fsiz, \u015fahane bir portre. Cross, Cobain\u2019in son saatlerini harikulade bir dille, nefis bir s\u00fcr\u00fckleyicilikle betimliyor. [&#8230;] B\u00f6l\u00fcm\u00fcn sonuna geldi\u011fimde ellerimi y\u00fcz\u00fcme g\u00f6mm\u00fc\u015ft\u00fcm, g\u00f6zya\u015flar\u0131ma h\u00e2kim olam\u0131yordum. The Globe and Mail\u201cKurt Cobain hakk\u0131nda yaz\u0131lm\u0131\u015f di\u011fer kitaplar\u0131n hi\u00e7biri, ara\u015ft\u0131rma, titizlik ve bilinmeyenleri aktarma konusunda Cennetten de A\u011f\u0131r \u2019la yar\u0131\u015famaz.\u201d The New York Post Kurt Cobain\u2019in Nisan 1994\u2019te kendi ya\u015fam\u0131na son vermesinin \u00fczerinden yirmi be\u015f y\u0131l ge\u00e7ti. Kendisinin bu karar\u0131, k\u0131sa, \u00f6fke dolu ama ilham verici hayat\u0131yla paralel bir sondu. Tecr\u00fcbeli m\u00fczik yazar\u0131 Charles R. Cross bu s\u0131rad\u0131\u015f\u0131 hik\u00e2yesinde sanat\u0131n\u0131n hem b\u00fcy\u00fck \u015f\u00f6hretini hem de onu y\u0131ld\u0131ran \u0131st\u0131rab\u0131 anlat\u0131rken, kendisine duydu\u011fu derin \u015fefkati Seattle m\u00fczik sahnesi hakk\u0131ndaki geni\u015f bilgi da\u011farc\u0131\u011f\u0131yla birle\u015ftiriyor. D\u00f6rt y\u00fcz\u00fcn \u00fczerinde m\u00fclakata; d\u00f6rt y\u0131ll\u0131k ara\u015ft\u0131rmaya; Cobain&#8217;in yay\u0131mlanmam\u0131\u015f g\u00fcnl\u00fcklerine, \u015fark\u0131 s\u00f6zlerine, aile foto\u011fraflar\u0131na ve \u00e7ok say\u0131da belgeye dayanarak yaz\u0131lan Cennetten de A\u011f\u0131r, Cobain&#8217;in Washington eyaletindeki Aberdeen kenti yak\u0131nlar\u0131nda, bir karavanda ge\u00e7en \u00e7ocuklu\u011fundan yola \u00e7\u0131k\u0131yor ve \u015f\u00f6hrete, ba\u015far\u0131ya, bir ku\u015fa\u011f\u0131 kendine hayran b\u0131rak\u0131\u015f\u0131na kadar uzan\u0131yor.  Charles R. Cross bu yeni bask\u0131daki \u00f6ns\u00f6z\u00fcnde bizlere Kurt Cobain\u2019in \u00f6l\u00fcm\u00fcnden sonra hakk\u0131nda ortaya \u00e7\u0131kan \u015feylerle birlikte, bu kitap \u00f6zelinde kendi ya\u015fad\u0131klar\u0131n\u0131 da sunuyor. Charles R. Cross, sorunlu ama m\u00fcthi\u015f Kurt Cobain\u2019in hayat\u0131n\u0131 okurlara hi\u00e7 kimsenin yapamad\u0131\u011f\u0131 kadar derinlemesine sunuyor. Ortaya \u00e7\u0131kan yaln\u0131zca harika bir kitap de\u011fil&#8230; Cross yaln\u0131zca rock m\u00fczik hakk\u0131ndakileri de\u011fil, t\u00fcm biyografi yazarl\u0131\u011f\u0131n\u0131 yeni bir seviyeye ta\u015f\u0131yor. The Rocky Mountain News Ger\u00e7ekler konusunda \u00e7ok hassas davranan Cross, Nirvana&#8217;n\u0131n tarihteki yerini uzun s\u00fcredir sarsan dedikodular\u0131, abart\u0131lar\u0131 ve komplo teorilerini b\u00fcy\u00fck \u00f6l\u00e7\u00fcde y\u0131k\u0131yor&#8230; Belki de Cobain&#8217;in ruhu sonunda biraz huzur bulabilir. The Miami Herald Cennetten de A\u011f\u0131r \u00e7\u0131tay\u0131 y\u00fckseltiyor, seviyeyi yeniden belirliyor. Rolling Stone \u0130lkgen\u00e7lik y\u0131llar\u0131ndayken Cobain bir arkada\u015f\u0131na \u015f\u00f6yle demi\u015f: &#8220;Ben \u00e7ok \u00f6nemli bir m\u00fczisyen olaca\u011f\u0131m, kendimi \u00f6ld\u00fcrece\u011fim ve fiyakal\u0131 bir kapan\u0131\u015fla g\u00f6\u00e7\u00fcp gidece\u011fim.&#8221; Bu kitap, g\u00fczel anlat\u0131m\u0131yla Cobain&#8217;in \u00e7ok da uzak olmayan bir ge\u00e7mi\u015fte tam olarak bunu nas\u0131l yapt\u0131\u011f\u0131n\u0131 en g\u00f6steri\u015fli \u015fekilde aktar\u0131yor. The New York Times BookReview <\/p>\n","protected":false},"excerpt":{"rendered":"<p>E\u015fsiz, \u015fahane bir portre. Cross, Cobain\u2019in son saatlerini harikulade bir dille, nefis bir s\u00fcr\u00fckleyicilikle betimliyor. [&#8230;] B\u00f6l\u00fcm\u00fcn sonuna geldi\u011fimde ellerimi y\u00fcz\u00fcme g\u00f6mm\u00fc\u015ft\u00fcm, g\u00f6zya\u015flar\u0131ma h\u00e2kim olam\u0131yordum. The<span class=\"excerpt-hellip\"> [\u2026]<\/span><\/p>\n","protected":false},"featured_media":0,"template":"","meta":{"_monsterinsights_skip_tracking":false,"_monsterinsights_sitenote_active":false,"_monsterinsights_sitenote_note":"","_monsterinsights_sitenote_category":0},"product_brand":[],"product_cat":[14009,12291],"product_tag":[],"class_list":{"0":"post-717936","1":"product","2":"type-product","3":"status-publish","5":"product_cat-biyografi-otobiyografi-edebiyat","6":"product_cat-edebiyat","7":"pa_cilt-ciltsiz","8":"pa_tur-kitap","9":"pa_yayinevi-epsilon-yayinlari","10":"pa_yazar-charles-r-cross","12":"first","13":"instock","14":"sale","15":"shipping-taxable","16":"purchasable","17":"product-type-simple"},"_links":{"self":[{"href":"https:\/\/roveyayinevi.com.tr\/index.php\/wp-json\/wp\/v2\/product\/717936","targetHints":{"allow":["GET"]}}],"collection":[{"href":"https:\/\/roveyayinevi.com.tr\/index.php\/wp-json\/wp\/v2\/product"}],"about":[{"href":"https:\/\/roveyayinevi.com.tr\/index.php\/wp-json\/wp\/v2\/types\/product"}],"wp:attachment":[{"href":"https:\/\/roveyayinevi.com.tr\/index.php\/wp-json\/wp\/v2\/media?parent=717936"}],"wp:term":[{"taxonomy":"product_brand","embeddable":true,"href":"https:\/\/roveyayinevi.com.tr\/index.php\/wp-json\/wp\/v2\/product_brand?post=717936"},{"taxonomy":"product_cat","embeddable":true,"href":"https:\/\/roveyayinevi.com.tr\/index.php\/wp-json\/wp\/v2\/product_cat?post=717936"},{"taxonomy":"product_tag","embeddable":true,"href":"https:\/\/roveyayinevi.com.tr\/index.php\/wp-json\/wp\/v2\/product_tag?post=717936"}],"curies":[{"name":"wp","href":"https:\/\/api.w.org\/{rel}","templated":true}]}}