{"id":717935,"date":"2025-08-27T18:01:44","date_gmt":"2025-08-27T15:01:44","guid":{"rendered":"https:\/\/roveyayinevi.com.tr\/index.php\/urun\/din-uzerine-2\/"},"modified":"2026-04-16T02:26:15","modified_gmt":"2026-04-15T23:26:15","slug":"din-uzerine-2","status":"publish","type":"product","link":"https:\/\/roveyayinevi.com.tr\/index.php\/urun\/din-uzerine-2\/","title":{"rendered":"Din \u00dczerine"},"content":{"rendered":"<p>\u201cDini insan yapar, din insan\u0131 yapmaz. Ba\u015fka bir s\u00f6yleyi\u015fle din, hen\u00fcz kendini bulamayan ya da kendini yeniden kaybetmi\u015f olan insan\u0131n kendinin bilincinde olmas\u0131 ve kendini duymas\u0131d\u0131r&#8230; Din\u00ee s\u0131k\u0131nt\u0131, hem ger\u00e7ek s\u0131k\u0131nt\u0131n\u0131n dile getirili\u015fi, hem de ger\u00e7ek s\u0131k\u0131nt\u0131ya kar\u015f\u0131 bir ba\u015fkald\u0131rmad\u0131r. Ezilen yarat\u0131\u011f\u0131n i\u00e7 ge\u00e7irmesidir din, ta\u015f y\u00fcrekli bir d\u00fcnyan\u0131n y\u00fcre\u011fidir, t\u0131pk\u0131 ruhsuz bir konumun (situation) ruhu oldu\u011fu gibi&#8230; Halk\u0131n ger\u00e7ek mutlulu\u011fu i\u00e7in, halk\u0131n aldatmaca mutlulu\u011funun a\u015f\u0131lmas\u0131 gerekir. Halk\u0131n durumuyla ilintili aldatmacalardan vazge\u00e7me gere\u011fi, aldatmacalara dayanan bir durumdan vazge\u00e7me gere\u011fi demektir&#8230;\u201d Karl Marx <\/p>\n","protected":false},"excerpt":{"rendered":"<p>\u201cDini insan yapar, din insan\u0131 yapmaz. Ba\u015fka bir s\u00f6yleyi\u015fle din, hen\u00fcz kendini bulamayan ya da kendini yeniden kaybetmi\u015f olan insan\u0131n kendinin bilincinde olmas\u0131 ve kendini duymas\u0131d\u0131r&#8230;<span class=\"excerpt-hellip\"> [\u2026]<\/span><\/p>\n","protected":false},"featured_media":0,"template":"","meta":{"_monsterinsights_skip_tracking":false,"_monsterinsights_sitenote_active":false,"_monsterinsights_sitenote_note":"","_monsterinsights_sitenote_category":0},"product_brand":[],"product_cat":[12389,12388],"product_tag":[],"class_list":{"0":"post-717935","1":"product","2":"type-product","3":"status-publish","5":"product_cat-diger-felsefe","6":"product_cat-felsefe","7":"pa_cilt-ciltsiz","8":"pa_tur-kitap","9":"pa_yayinevi-fol-kitap","10":"pa_yazar-karl-marx","12":"first","13":"instock","14":"sale","15":"shipping-taxable","16":"purchasable","17":"product-type-simple"},"_links":{"self":[{"href":"https:\/\/roveyayinevi.com.tr\/index.php\/wp-json\/wp\/v2\/product\/717935","targetHints":{"allow":["GET"]}}],"collection":[{"href":"https:\/\/roveyayinevi.com.tr\/index.php\/wp-json\/wp\/v2\/product"}],"about":[{"href":"https:\/\/roveyayinevi.com.tr\/index.php\/wp-json\/wp\/v2\/types\/product"}],"wp:attachment":[{"href":"https:\/\/roveyayinevi.com.tr\/index.php\/wp-json\/wp\/v2\/media?parent=717935"}],"wp:term":[{"taxonomy":"product_brand","embeddable":true,"href":"https:\/\/roveyayinevi.com.tr\/index.php\/wp-json\/wp\/v2\/product_brand?post=717935"},{"taxonomy":"product_cat","embeddable":true,"href":"https:\/\/roveyayinevi.com.tr\/index.php\/wp-json\/wp\/v2\/product_cat?post=717935"},{"taxonomy":"product_tag","embeddable":true,"href":"https:\/\/roveyayinevi.com.tr\/index.php\/wp-json\/wp\/v2\/product_tag?post=717935"}],"curies":[{"name":"wp","href":"https:\/\/api.w.org\/{rel}","templated":true}]}}