{"id":717934,"date":"2025-08-27T18:01:44","date_gmt":"2025-08-27T15:01:44","guid":{"rendered":"https:\/\/roveyayinevi.com.tr\/index.php\/urun\/estetik\/"},"modified":"2026-04-16T02:26:15","modified_gmt":"2026-04-15T23:26:15","slug":"estetik","status":"publish","type":"product","link":"https:\/\/roveyayinevi.com.tr\/index.php\/urun\/estetik\/","title":{"rendered":"Estetik"},"content":{"rendered":"<p>\u0130talyan filozof BenedettoCroce\u2019ninEstetik eseri yaln\u0131zca \u0130talyan felsefesi ile s\u0131n\u0131rl\u0131 kalmayarak \u0130ngilizce, Frans\u0131zca, \u0130spanyolca, Macarca ve \u00c7ek\u00e7e \u00e7evirileri ile Avrupa felsefesini g\u00fc\u00e7l\u00fc bir \u015fekilde etkilemi\u015f ba\u015fyap\u0131tlardand\u0131r. Croce\u2019nin yaln\u0131zca estetik de\u011fil, tarih ve felsefe anlay\u0131\u015f\u0131n\u0131 ortaya koyan eserin, \u0130smail Tunal\u0131 gibi de\u011ferli bir estetik kuramc\u0131s\u0131n\u0131n T\u00fcrk\u00e7ele\u015ftirmi\u015f olmas\u0131 ve dilimizdeki tek Croce \u00e7eviri olmas\u0131 ise eseri okuyucu i\u00e7in ayr\u0131ca de\u011ferli k\u0131lmaktad\u0131r.<\/p>\n","protected":false},"excerpt":{"rendered":"<p>\u0130talyan filozof BenedettoCroce\u2019ninEstetik eseri yaln\u0131zca \u0130talyan felsefesi ile s\u0131n\u0131rl\u0131 kalmayarak \u0130ngilizce, Frans\u0131zca, \u0130spanyolca, Macarca ve \u00c7ek\u00e7e \u00e7evirileri ile Avrupa felsefesini g\u00fc\u00e7l\u00fc bir \u015fekilde etkilemi\u015f ba\u015fyap\u0131tlardand\u0131r. Croce\u2019nin<span class=\"excerpt-hellip\"> [\u2026]<\/span><\/p>\n","protected":false},"featured_media":0,"template":"","meta":{"_monsterinsights_skip_tracking":false,"_monsterinsights_sitenote_active":false,"_monsterinsights_sitenote_note":"","_monsterinsights_sitenote_category":0},"product_brand":[],"product_cat":[12389,12388],"product_tag":[],"class_list":{"0":"post-717934","1":"product","2":"type-product","3":"status-publish","5":"product_cat-diger-felsefe","6":"product_cat-felsefe","7":"pa_cilt-ciltsiz","8":"pa_tur-kitap","9":"pa_yayinevi-fol-kitap","10":"pa_yazar-benedetto-croce","12":"first","13":"instock","14":"sale","15":"shipping-taxable","16":"purchasable","17":"product-type-simple"},"_links":{"self":[{"href":"https:\/\/roveyayinevi.com.tr\/index.php\/wp-json\/wp\/v2\/product\/717934","targetHints":{"allow":["GET"]}}],"collection":[{"href":"https:\/\/roveyayinevi.com.tr\/index.php\/wp-json\/wp\/v2\/product"}],"about":[{"href":"https:\/\/roveyayinevi.com.tr\/index.php\/wp-json\/wp\/v2\/types\/product"}],"wp:attachment":[{"href":"https:\/\/roveyayinevi.com.tr\/index.php\/wp-json\/wp\/v2\/media?parent=717934"}],"wp:term":[{"taxonomy":"product_brand","embeddable":true,"href":"https:\/\/roveyayinevi.com.tr\/index.php\/wp-json\/wp\/v2\/product_brand?post=717934"},{"taxonomy":"product_cat","embeddable":true,"href":"https:\/\/roveyayinevi.com.tr\/index.php\/wp-json\/wp\/v2\/product_cat?post=717934"},{"taxonomy":"product_tag","embeddable":true,"href":"https:\/\/roveyayinevi.com.tr\/index.php\/wp-json\/wp\/v2\/product_tag?post=717934"}],"curies":[{"name":"wp","href":"https:\/\/api.w.org\/{rel}","templated":true}]}}