{"id":717933,"date":"2025-08-27T18:01:43","date_gmt":"2025-08-27T15:01:43","guid":{"rendered":"https:\/\/roveyayinevi.com.tr\/index.php\/urun\/bilimsel-felsefenin-dogusu\/"},"modified":"2026-04-16T02:26:15","modified_gmt":"2026-04-15T23:26:15","slug":"bilimsel-felsefenin-dogusu","status":"publish","type":"product","link":"https:\/\/roveyayinevi.com.tr\/index.php\/urun\/bilimsel-felsefenin-dogusu\/","title":{"rendered":"Bilimsel Felsefenin Do\u011fu\u015fu"},"content":{"rendered":"<p>HansReichenbach\u2019\u0131nBilimsel Felsefenin Dogusuyap\u0131t\u0131,bilim felsefesi alan\u0131nda, genis ayd\u0131n kitlelerince belki deen \u00e7ok okunan kitaplardan biri olmustur. Bunun birnedeni kitab\u0131n son derece a\u00e7\u0131k, yal\u0131n ve anlas\u0131l\u0131r bir dillekaleme al\u0131nm\u0131s olmas\u0131 ise bir baska nedeni yazar\u0131nbilimsel kisiliginintas\u0131d\u0131g\u0131 g\u00fcven ve ag\u0131rl\u0131kt\u0131r.Reichenbach se\u00e7kin bir filozoftur ama ayn\u0131 zamanda birbilim insan\u0131d\u0131r. Onun bu kimliginde felsefeye bak\u0131s\u0131n\u0131bi\u00e7imleyen basl\u0131ca\u00f6zelligini bulmaktay\u0131z.  <\/p>\n","protected":false},"excerpt":{"rendered":"<p>HansReichenbach\u2019\u0131nBilimsel Felsefenin Dogusuyap\u0131t\u0131,bilim felsefesi alan\u0131nda, genis ayd\u0131n kitlelerince belki deen \u00e7ok okunan kitaplardan biri olmustur. Bunun birnedeni kitab\u0131n son derece a\u00e7\u0131k, yal\u0131n ve anlas\u0131l\u0131r bir dillekaleme<span class=\"excerpt-hellip\"> [\u2026]<\/span><\/p>\n","protected":false},"featured_media":0,"template":"","meta":{"_monsterinsights_skip_tracking":false,"_monsterinsights_sitenote_active":false,"_monsterinsights_sitenote_note":"","_monsterinsights_sitenote_category":0},"product_brand":[],"product_cat":[12389,12388],"product_tag":[],"class_list":{"0":"post-717933","1":"product","2":"type-product","3":"status-publish","5":"product_cat-diger-felsefe","6":"product_cat-felsefe","7":"pa_cilt-ciltsiz","8":"pa_tur-kitap","9":"pa_yayinevi-fol-kitap","10":"pa_yazar-hans-reichenbach","12":"first","13":"instock","14":"sale","15":"shipping-taxable","16":"purchasable","17":"product-type-simple"},"_links":{"self":[{"href":"https:\/\/roveyayinevi.com.tr\/index.php\/wp-json\/wp\/v2\/product\/717933","targetHints":{"allow":["GET"]}}],"collection":[{"href":"https:\/\/roveyayinevi.com.tr\/index.php\/wp-json\/wp\/v2\/product"}],"about":[{"href":"https:\/\/roveyayinevi.com.tr\/index.php\/wp-json\/wp\/v2\/types\/product"}],"wp:attachment":[{"href":"https:\/\/roveyayinevi.com.tr\/index.php\/wp-json\/wp\/v2\/media?parent=717933"}],"wp:term":[{"taxonomy":"product_brand","embeddable":true,"href":"https:\/\/roveyayinevi.com.tr\/index.php\/wp-json\/wp\/v2\/product_brand?post=717933"},{"taxonomy":"product_cat","embeddable":true,"href":"https:\/\/roveyayinevi.com.tr\/index.php\/wp-json\/wp\/v2\/product_cat?post=717933"},{"taxonomy":"product_tag","embeddable":true,"href":"https:\/\/roveyayinevi.com.tr\/index.php\/wp-json\/wp\/v2\/product_tag?post=717933"}],"curies":[{"name":"wp","href":"https:\/\/api.w.org\/{rel}","templated":true}]}}