{"id":717931,"date":"2025-08-27T18:01:42","date_gmt":"2025-08-27T15:01:42","guid":{"rendered":"https:\/\/roveyayinevi.com.tr\/index.php\/urun\/silivrim-kaymak\/"},"modified":"2026-04-16T02:26:15","modified_gmt":"2026-04-15T23:26:15","slug":"silivrim-kaymak","status":"publish","type":"product","link":"https:\/\/roveyayinevi.com.tr\/index.php\/urun\/silivrim-kaymak\/","title":{"rendered":"Silivrim Kaymak!"},"content":{"rendered":"<p>Silivri ate\u015f yo\u011furdu, Kanl\u0131ca yo\u011furdu, Trabzon&#8217;un k\u00fclek yo\u011furdu, Bolu&#8217;nun ke\u015fi, Kilis Y\u00f6r\u00fck yo\u011furdu, Tatar kozalak yo\u011furdu, Denizli&#8217;nin yan\u0131k yo\u011furdu, Burdur&#8217;un kese yo\u011furdu, Be\u015fikd\u00fcz\u00fc&#8217;n\u00fcn yo\u011furt kesmesi, Sivas&#8217;\u0131n pesk\u00fctan\u0131, Kars&#8217;\u0131n kremal\u0131 kurutu, Hatay&#8217;\u0131n tuzlu yo\u011furdu, Gesi&#8217;nin dorak yo\u011furdu, Mu\u011fla&#8217;n\u0131n k\u0131rktokma\u011f\u0131&#8230; &#8220;Silivrim Kaymak!&#8221;  T\u00fcrkiye&#8217;nin Yo\u011furtlar\u0131 Edirne&#8217;den Batman&#8217;a, Eski\u015fehir&#8217;den Gaziantep&#8217;e yurdumuzun her y\u00f6resinde \u00fcretilen, t\u00fcketilen, kimi zaman yemeklere e\u015flik eden, lezzete lezzet katan, kimi zaman ila\u00e7 olup hastalara \u015fifa veren, yeri geldi\u011finde \u00e7orba olup kar\u0131n doyuran, ayran olup serinleten &#8220;milli yiyece\u011fimiz&#8221; yo\u011furdun ge\u00e7mi\u015ften modern zamanlara uzanan evrelerini, katetti\u011fi yolu izliyor. Artun \u00dcnsal daha \u00f6nce S\u00fct Uyuyunca, Nimet Geldi Ekine ve \u00d6lmez A\u011fac\u0131n Pe\u015finde&#8217;de peynirin, ekme\u011fin ve zeytinin k\u00fclt\u00fcr tarihimizdeki yerini anlatm\u0131\u015ft\u0131. Silivrim Kaymak!&#8217;ta da sofram\u0131z\u0131n vazge\u00e7ilmezi, \u00f6m\u00fcr uzatan yo\u011furdu ele ald\u0131. &#8220;Silivrim Kaymak!&#8221; \u2014 T\u00fcrkiye&#8217;nin Yo\u011furtlar\u0131&#8217;na Cemal Emden foto\u011fraflar\u0131yla katk\u0131da bulundu.<\/p>\n","protected":false},"excerpt":{"rendered":"<p>Silivri ate\u015f yo\u011furdu, Kanl\u0131ca yo\u011furdu, Trabzon&#8217;un k\u00fclek yo\u011furdu, Bolu&#8217;nun ke\u015fi, Kilis Y\u00f6r\u00fck yo\u011furdu, Tatar kozalak yo\u011furdu, Denizli&#8217;nin yan\u0131k yo\u011furdu, Burdur&#8217;un kese yo\u011furdu, Be\u015fikd\u00fcz\u00fc&#8217;n\u00fcn yo\u011furt kesmesi, Sivas&#8217;\u0131n<span class=\"excerpt-hellip\"> [\u2026]<\/span><\/p>\n","protected":false},"featured_media":0,"template":"","meta":{"_monsterinsights_skip_tracking":false,"_monsterinsights_sitenote_active":false,"_monsterinsights_sitenote_note":"","_monsterinsights_sitenote_category":0},"product_brand":[],"product_cat":[12365,12364],"product_tag":[],"class_list":{"0":"post-717931","1":"product","2":"type-product","3":"status-publish","5":"product_cat-diger-genel-konular","6":"product_cat-genel-konular","7":"pa_cilt-ciltsiz","8":"pa_tur-kitap","9":"pa_yayinevi-yapi-kredi-yayinlari-sanat","10":"pa_yazar-artun-unsal","12":"first","13":"instock","14":"sale","15":"shipping-taxable","16":"purchasable","17":"product-type-simple"},"_links":{"self":[{"href":"https:\/\/roveyayinevi.com.tr\/index.php\/wp-json\/wp\/v2\/product\/717931","targetHints":{"allow":["GET"]}}],"collection":[{"href":"https:\/\/roveyayinevi.com.tr\/index.php\/wp-json\/wp\/v2\/product"}],"about":[{"href":"https:\/\/roveyayinevi.com.tr\/index.php\/wp-json\/wp\/v2\/types\/product"}],"wp:attachment":[{"href":"https:\/\/roveyayinevi.com.tr\/index.php\/wp-json\/wp\/v2\/media?parent=717931"}],"wp:term":[{"taxonomy":"product_brand","embeddable":true,"href":"https:\/\/roveyayinevi.com.tr\/index.php\/wp-json\/wp\/v2\/product_brand?post=717931"},{"taxonomy":"product_cat","embeddable":true,"href":"https:\/\/roveyayinevi.com.tr\/index.php\/wp-json\/wp\/v2\/product_cat?post=717931"},{"taxonomy":"product_tag","embeddable":true,"href":"https:\/\/roveyayinevi.com.tr\/index.php\/wp-json\/wp\/v2\/product_tag?post=717931"}],"curies":[{"name":"wp","href":"https:\/\/api.w.org\/{rel}","templated":true}]}}