{"id":717930,"date":"2025-08-27T18:01:41","date_gmt":"2025-08-27T15:01:41","guid":{"rendered":"https:\/\/roveyayinevi.com.tr\/index.php\/urun\/cin-masallari\/"},"modified":"2026-04-16T02:26:15","modified_gmt":"2026-04-15T23:26:15","slug":"cin-masallari","status":"publish","type":"product","link":"https:\/\/roveyayinevi.com.tr\/index.php\/urun\/cin-masallari\/","title":{"rendered":"\u00c7in Masallar\u0131"},"content":{"rendered":"<p>Periler, hayaletler, g\u00f6r\u00fcnmezler, hayvanlar, insanlar, sular, a\u011fa\u00e7lar\u2026 Birbirleriyle denk ve uyumlu bir ili\u015fki i\u00e7indeki her varl\u0131\u011f\u0131n, insanl\u0131\u011fa a\u00e7g\u00f6zl\u00fc olmamay\u0131, sayg\u0131y\u0131, geleneklere ba\u011fl\u0131 ve s\u00f6z\u00fcne sad\u0131k olmay\u0131 \u00f6\u011f\u00fctleyen hik\u00e2yeleri, \u00c7in\u2019de hem yeti\u015fkinler hem de \u00e7ocuklar taraf\u0131ndan sevilerek anlat\u0131l\u0131p dinleniyor. Karde\u015fi olan t\u00fcm k\u00fclt\u00fcrlerden farkl\u0131 olarak \u00c7in halk masallar\u0131, Konf\u00fc\u00e7y\u00fcs\u00e7\u00fcl\u00fck, Taoizm ve Budizm etkisiyle daha filozof\u00e7a bir derinli\u011fe ve ayr\u0131cal\u0131\u011fa kavu\u015fuyor. <\/p>\n","protected":false},"excerpt":{"rendered":"<p>Periler, hayaletler, g\u00f6r\u00fcnmezler, hayvanlar, insanlar, sular, a\u011fa\u00e7lar\u2026 Birbirleriyle denk ve uyumlu bir ili\u015fki i\u00e7indeki her varl\u0131\u011f\u0131n, insanl\u0131\u011fa a\u00e7g\u00f6zl\u00fc olmamay\u0131, sayg\u0131y\u0131, geleneklere ba\u011fl\u0131 ve s\u00f6z\u00fcne sad\u0131k olmay\u0131<span class=\"excerpt-hellip\"> [\u2026]<\/span><\/p>\n","protected":false},"featured_media":0,"template":"","meta":{"_monsterinsights_skip_tracking":false,"_monsterinsights_sitenote_active":false,"_monsterinsights_sitenote_note":"","_monsterinsights_sitenote_category":0},"product_brand":[],"product_cat":[13661,12291],"product_tag":[],"class_list":{"0":"post-717930","1":"product","2":"type-product","3":"status-publish","5":"product_cat-diger-ulke-edebiyatlari","6":"product_cat-edebiyat","7":"pa_cilt-ciltsiz","8":"pa_tur-kitap","9":"pa_yayinevi-kara-karga-yayinlari","10":"pa_yazar-frederick-herman-martens","12":"first","13":"instock","14":"sale","15":"shipping-taxable","16":"purchasable","17":"product-type-simple"},"_links":{"self":[{"href":"https:\/\/roveyayinevi.com.tr\/index.php\/wp-json\/wp\/v2\/product\/717930","targetHints":{"allow":["GET"]}}],"collection":[{"href":"https:\/\/roveyayinevi.com.tr\/index.php\/wp-json\/wp\/v2\/product"}],"about":[{"href":"https:\/\/roveyayinevi.com.tr\/index.php\/wp-json\/wp\/v2\/types\/product"}],"wp:attachment":[{"href":"https:\/\/roveyayinevi.com.tr\/index.php\/wp-json\/wp\/v2\/media?parent=717930"}],"wp:term":[{"taxonomy":"product_brand","embeddable":true,"href":"https:\/\/roveyayinevi.com.tr\/index.php\/wp-json\/wp\/v2\/product_brand?post=717930"},{"taxonomy":"product_cat","embeddable":true,"href":"https:\/\/roveyayinevi.com.tr\/index.php\/wp-json\/wp\/v2\/product_cat?post=717930"},{"taxonomy":"product_tag","embeddable":true,"href":"https:\/\/roveyayinevi.com.tr\/index.php\/wp-json\/wp\/v2\/product_tag?post=717930"}],"curies":[{"name":"wp","href":"https:\/\/api.w.org\/{rel}","templated":true}]}}