{"id":717929,"date":"2025-08-27T18:01:41","date_gmt":"2025-08-27T15:01:41","guid":{"rendered":"https:\/\/roveyayinevi.com.tr\/index.php\/urun\/tiyatro-tarihi\/"},"modified":"2026-04-16T02:26:15","modified_gmt":"2026-04-15T23:26:15","slug":"tiyatro-tarihi","status":"publish","type":"product","link":"https:\/\/roveyayinevi.com.tr\/index.php\/urun\/tiyatro-tarihi\/","title":{"rendered":"Tiyatro Tarihi"},"content":{"rendered":"<p>Akademisyenler, amat\u00f6r tarih\u00e7iler ve oyuncular tiyatro tarihini farkl\u0131 \u015fekillerde, farkl\u0131 zamanlarda ve farkl\u0131 yerlerde bi\u00e7imlendirdi. Bu kitapta \u00f6\u011frencilere, tiyatro merakl\u0131lar\u0131na ve elbette genel okurlara tiyatro tarihini incelemenin ve yazman\u0131n en \u00f6nemli y\u00f6nleri hakk\u0131nda kolay anla\u015f\u0131l\u0131r ve ilgi \u00e7ekici bir dizi makale sunuluyor. Farkl\u0131 konularda katk\u0131da bulunanlardan olu\u015fan uluslararas\u0131 bir ekip, tiyatro tarihinin nas\u0131l olu\u015ftu\u011funu ara\u015ft\u0131r\u0131rken, tarihsel olgularla siyasi ve sanatsal g\u00fcndemlerin birbirine nas\u0131l ba\u011fland\u0131\u011f\u0131n\u0131 g\u00f6steriyor ve tarihin bizim i\u00e7in neden \u00f6nemli oldu\u011funu a\u00e7\u0131kl\u0131yorlar. <\/p>\n","protected":false},"excerpt":{"rendered":"<p>Akademisyenler, amat\u00f6r tarih\u00e7iler ve oyuncular tiyatro tarihini farkl\u0131 \u015fekillerde, farkl\u0131 zamanlarda ve farkl\u0131 yerlerde bi\u00e7imlendirdi. Bu kitapta \u00f6\u011frencilere, tiyatro merakl\u0131lar\u0131na ve elbette genel okurlara tiyatro tarihini<span class=\"excerpt-hellip\"> [\u2026]<\/span><\/p>\n","protected":false},"featured_media":0,"template":"","meta":{"_monsterinsights_skip_tracking":false,"_monsterinsights_sitenote_active":false,"_monsterinsights_sitenote_note":"","_monsterinsights_sitenote_category":0},"product_brand":[],"product_cat":[12409,12408],"product_tag":[],"class_list":{"0":"post-717929","1":"product","2":"type-product","3":"status-publish","5":"product_cat-fotograf-sinema-tiyatro","6":"product_cat-sanat","7":"pa_cilt-ciltsiz","8":"pa_tur-kitap","9":"pa_yayinevi-ayrinti-yayinlari","10":"pa_yazar-david-wiles-christine-dymkowski","12":"first","13":"instock","14":"sale","15":"shipping-taxable","16":"purchasable","17":"product-type-simple"},"_links":{"self":[{"href":"https:\/\/roveyayinevi.com.tr\/index.php\/wp-json\/wp\/v2\/product\/717929","targetHints":{"allow":["GET"]}}],"collection":[{"href":"https:\/\/roveyayinevi.com.tr\/index.php\/wp-json\/wp\/v2\/product"}],"about":[{"href":"https:\/\/roveyayinevi.com.tr\/index.php\/wp-json\/wp\/v2\/types\/product"}],"wp:attachment":[{"href":"https:\/\/roveyayinevi.com.tr\/index.php\/wp-json\/wp\/v2\/media?parent=717929"}],"wp:term":[{"taxonomy":"product_brand","embeddable":true,"href":"https:\/\/roveyayinevi.com.tr\/index.php\/wp-json\/wp\/v2\/product_brand?post=717929"},{"taxonomy":"product_cat","embeddable":true,"href":"https:\/\/roveyayinevi.com.tr\/index.php\/wp-json\/wp\/v2\/product_cat?post=717929"},{"taxonomy":"product_tag","embeddable":true,"href":"https:\/\/roveyayinevi.com.tr\/index.php\/wp-json\/wp\/v2\/product_tag?post=717929"}],"curies":[{"name":"wp","href":"https:\/\/api.w.org\/{rel}","templated":true}]}}