{"id":717926,"date":"2025-08-27T18:01:39","date_gmt":"2025-08-27T15:01:39","guid":{"rendered":"https:\/\/roveyayinevi.com.tr\/index.php\/urun\/devam\/"},"modified":"2025-10-20T05:06:18","modified_gmt":"2025-10-20T02:06:18","slug":"devam","status":"publish","type":"product","link":"https:\/\/roveyayinevi.com.tr\/index.php\/urun\/devam\/","title":{"rendered":"Devam"},"content":{"rendered":"<p>Devam, Kendimi kurtarmak i\u00e7in yaz\u0131yorum, diyen Ferit Edg\u00fc\u2019n\u00fcn, kuyuya d\u00fc\u015fen ya da kuyudan y\u00fckselen ilk gen\u00e7lik \u00f6yk\u00fclerinden olu\u015fuyor. <\/p>\n","protected":false},"excerpt":{"rendered":"<p>Devam, Kendimi kurtarmak i\u00e7in yaz\u0131yorum, diyen Ferit Edg\u00fc\u2019n\u00fcn, kuyuya d\u00fc\u015fen ya da kuyudan y\u00fckselen ilk gen\u00e7lik \u00f6yk\u00fclerinden olu\u015fuyor.<\/p>\n","protected":false},"featured_media":0,"template":"","meta":{"_monsterinsights_skip_tracking":false,"_monsterinsights_sitenote_active":false,"_monsterinsights_sitenote_note":"","_monsterinsights_sitenote_category":0},"product_brand":[],"product_cat":[12291,12711],"product_tag":[],"class_list":{"0":"post-717926","1":"product","2":"type-product","3":"status-publish","5":"product_cat-edebiyat","6":"product_cat-roman-oyku","7":"pa_cilt-ciltsiz","8":"pa_tur-kitap","9":"pa_yayinevi-alfa-yayinlari","10":"pa_yazar-ferid-edgu","12":"first","13":"instock","14":"sale","15":"shipping-taxable","16":"purchasable","17":"product-type-simple"},"_links":{"self":[{"href":"https:\/\/roveyayinevi.com.tr\/index.php\/wp-json\/wp\/v2\/product\/717926","targetHints":{"allow":["GET"]}}],"collection":[{"href":"https:\/\/roveyayinevi.com.tr\/index.php\/wp-json\/wp\/v2\/product"}],"about":[{"href":"https:\/\/roveyayinevi.com.tr\/index.php\/wp-json\/wp\/v2\/types\/product"}],"wp:attachment":[{"href":"https:\/\/roveyayinevi.com.tr\/index.php\/wp-json\/wp\/v2\/media?parent=717926"}],"wp:term":[{"taxonomy":"product_brand","embeddable":true,"href":"https:\/\/roveyayinevi.com.tr\/index.php\/wp-json\/wp\/v2\/product_brand?post=717926"},{"taxonomy":"product_cat","embeddable":true,"href":"https:\/\/roveyayinevi.com.tr\/index.php\/wp-json\/wp\/v2\/product_cat?post=717926"},{"taxonomy":"product_tag","embeddable":true,"href":"https:\/\/roveyayinevi.com.tr\/index.php\/wp-json\/wp\/v2\/product_tag?post=717926"}],"curies":[{"name":"wp","href":"https:\/\/api.w.org\/{rel}","templated":true}]}}