{"id":717925,"date":"2025-08-27T18:01:38","date_gmt":"2025-08-27T15:01:38","guid":{"rendered":"https:\/\/roveyayinevi.com.tr\/index.php\/urun\/ben-nasil-ben-oldum\/"},"modified":"2026-04-16T02:26:15","modified_gmt":"2026-04-15T23:26:15","slug":"ben-nasil-ben-oldum","status":"publish","type":"product","link":"https:\/\/roveyayinevi.com.tr\/index.php\/urun\/ben-nasil-ben-oldum\/","title":{"rendered":"Ben Nas\u0131l Ben Oldum?"},"content":{"rendered":"<p>Belki art\u0131k anne karn\u0131nda beklemekten s\u0131k\u0131lan bebek, \u015f\u00f6yle du\u0308\u015fu\u0308nmektedir: Art\u0131k buradan \u00e7\u0131kmak istiyorum. Burada beklemekten yoruldum. Hem bir bakal\u0131m, \u015fu anne baba denilen \u015fey nas\u0131l bir \u015feymi\u015f? Kitap benzerlerinin aksine cinsiyet\u00e7i de\u011fil, e\u015fitlik\u00e7i; didaktik de\u011fil, e\u011flenceli; yapay ve uzak de\u011fil cinselli\u011fi insan ya\u015fam\u0131nda bir bu\u0308tu\u0308nu\u0308n par\u00e7as\u0131 gibi, do\u011fal bir su\u0308re\u00e7 olarak ele almas\u0131 ve bolca olumlu duygularla ba\u011flant\u0131land\u0131rmas\u0131 a\u00e7\u0131s\u0131ndan k\u0131ymetli. Hem sizin hem \u00e7ocu\u011funuzun e\u011flenerek okumas\u0131, bol sorulara ve ileti\u015fime zemin haz\u0131rlamas\u0131 dile\u011fiyle\u2026 Deniz Ar\u0131k Binbay, Psikiyatrist <\/p>\n","protected":false},"excerpt":{"rendered":"<p>Belki art\u0131k anne karn\u0131nda beklemekten s\u0131k\u0131lan bebek, \u015f\u00f6yle du\u0308\u015fu\u0308nmektedir: Art\u0131k buradan \u00e7\u0131kmak istiyorum. Burada beklemekten yoruldum. Hem bir bakal\u0131m, \u015fu anne baba denilen \u015fey nas\u0131l bir<span class=\"excerpt-hellip\"> [\u2026]<\/span><\/p>\n","protected":false},"featured_media":0,"template":"","meta":{"_monsterinsights_skip_tracking":false,"_monsterinsights_sitenote_active":false,"_monsterinsights_sitenote_note":"","_monsterinsights_sitenote_category":0},"product_brand":[],"product_cat":[12274,12284],"product_tag":[],"class_list":{"0":"post-717925","1":"product","2":"type-product","3":"status-publish","5":"product_cat-cocuk-ve-genclik-kitaplari","6":"product_cat-hikayeler","7":"pa_cilt-ciltsiz","8":"pa_tur-kitap","9":"pa_yayinevi-dinozor-cocuk","10":"pa_yazar-katerina-janouch","12":"first","13":"instock","14":"sale","15":"shipping-taxable","16":"purchasable","17":"product-type-simple"},"_links":{"self":[{"href":"https:\/\/roveyayinevi.com.tr\/index.php\/wp-json\/wp\/v2\/product\/717925","targetHints":{"allow":["GET"]}}],"collection":[{"href":"https:\/\/roveyayinevi.com.tr\/index.php\/wp-json\/wp\/v2\/product"}],"about":[{"href":"https:\/\/roveyayinevi.com.tr\/index.php\/wp-json\/wp\/v2\/types\/product"}],"wp:attachment":[{"href":"https:\/\/roveyayinevi.com.tr\/index.php\/wp-json\/wp\/v2\/media?parent=717925"}],"wp:term":[{"taxonomy":"product_brand","embeddable":true,"href":"https:\/\/roveyayinevi.com.tr\/index.php\/wp-json\/wp\/v2\/product_brand?post=717925"},{"taxonomy":"product_cat","embeddable":true,"href":"https:\/\/roveyayinevi.com.tr\/index.php\/wp-json\/wp\/v2\/product_cat?post=717925"},{"taxonomy":"product_tag","embeddable":true,"href":"https:\/\/roveyayinevi.com.tr\/index.php\/wp-json\/wp\/v2\/product_tag?post=717925"}],"curies":[{"name":"wp","href":"https:\/\/api.w.org\/{rel}","templated":true}]}}