{"id":717922,"date":"2025-08-27T18:01:36","date_gmt":"2025-08-27T15:01:36","guid":{"rendered":"https:\/\/roveyayinevi.com.tr\/index.php\/urun\/hayatim-adana-benim\/"},"modified":"2026-04-16T02:26:15","modified_gmt":"2026-04-15T23:26:15","slug":"hayatim-adana-benim","status":"publish","type":"product","link":"https:\/\/roveyayinevi.com.tr\/index.php\/urun\/hayatim-adana-benim\/","title":{"rendered":"Hayat\u0131m Adana Benim"},"content":{"rendered":"<p>Tan\u0131d\u0131\u011f\u0131m en delikanl\u0131 birka\u00e7 Adanal\u0131dan biridir Levent. Okurken beni Adana\u2019n\u0131n \u00e7ok g\u00fczel y\u0131llar\u0131na g\u00f6t\u00fcrd\u00fc. Hen\u00fcz kimsenin kimseyi k\u0131rmad\u0131\u011f\u0131, hen\u00fcz hi\u00e7 kimsenin \u00f6lmedi\u011fi y\u0131llara&#8230; Sevgili dost Levent, \u201ckendisi\u201d gibi yazm\u0131\u015f her sat\u0131r\u0131; samimi, \u201charbi\u201d, y\u00fcre\u011finden geldi\u011fi gibi, dostane&#8230; Toyota CEO\u2019su Ali Haydar Bozkurt Sevgili Levent beni terapi divan\u0131na yat\u0131rd\u0131. 50\u2019li 60\u2019l\u0131 y\u0131llar\u0131n Adana\u2019s\u0131ndan bu g\u00fcnlere gelirken sadece Adanal\u0131 olanlar de\u011fil, eminim her okuyucu kendinden \u00e7ok \u015fey bulacak, o masum, naif, s\u0131cak, g\u00fczel, mutlu \u00e7ocukluk ve gen\u00e7lik y\u0131llar\u0131na seyahat edecek. Prof. Dr. Mansur Beyazy\u00fcrek <\/p>\n","protected":false},"excerpt":{"rendered":"<p>Tan\u0131d\u0131\u011f\u0131m en delikanl\u0131 birka\u00e7 Adanal\u0131dan biridir Levent. Okurken beni Adana\u2019n\u0131n \u00e7ok g\u00fczel y\u0131llar\u0131na g\u00f6t\u00fcrd\u00fc. Hen\u00fcz kimsenin kimseyi k\u0131rmad\u0131\u011f\u0131, hen\u00fcz hi\u00e7 kimsenin \u00f6lmedi\u011fi y\u0131llara&#8230; Sevgili dost Levent,<span class=\"excerpt-hellip\"> [\u2026]<\/span><\/p>\n","protected":false},"featured_media":0,"template":"","meta":{"_monsterinsights_skip_tracking":false,"_monsterinsights_sitenote_active":false,"_monsterinsights_sitenote_note":"","_monsterinsights_sitenote_category":0},"product_brand":[],"product_cat":[12291,12711],"product_tag":[],"class_list":{"0":"post-717922","1":"product","2":"type-product","3":"status-publish","5":"product_cat-edebiyat","6":"product_cat-roman-oyku","7":"pa_cilt-ciltsiz","8":"pa_tur-kitap","9":"pa_yayinevi-inkilap-kitabevi","10":"pa_yazar-levent-ozdilek","12":"first","13":"instock","14":"sale","15":"shipping-taxable","16":"purchasable","17":"product-type-simple"},"_links":{"self":[{"href":"https:\/\/roveyayinevi.com.tr\/index.php\/wp-json\/wp\/v2\/product\/717922","targetHints":{"allow":["GET"]}}],"collection":[{"href":"https:\/\/roveyayinevi.com.tr\/index.php\/wp-json\/wp\/v2\/product"}],"about":[{"href":"https:\/\/roveyayinevi.com.tr\/index.php\/wp-json\/wp\/v2\/types\/product"}],"wp:attachment":[{"href":"https:\/\/roveyayinevi.com.tr\/index.php\/wp-json\/wp\/v2\/media?parent=717922"}],"wp:term":[{"taxonomy":"product_brand","embeddable":true,"href":"https:\/\/roveyayinevi.com.tr\/index.php\/wp-json\/wp\/v2\/product_brand?post=717922"},{"taxonomy":"product_cat","embeddable":true,"href":"https:\/\/roveyayinevi.com.tr\/index.php\/wp-json\/wp\/v2\/product_cat?post=717922"},{"taxonomy":"product_tag","embeddable":true,"href":"https:\/\/roveyayinevi.com.tr\/index.php\/wp-json\/wp\/v2\/product_tag?post=717922"}],"curies":[{"name":"wp","href":"https:\/\/api.w.org\/{rel}","templated":true}]}}