{"id":717921,"date":"2025-08-27T18:01:35","date_gmt":"2025-08-27T15:01:35","guid":{"rendered":"https:\/\/roveyayinevi.com.tr\/index.php\/urun\/hayatim-roman-2\/"},"modified":"2026-04-16T02:26:15","modified_gmt":"2026-04-15T23:26:15","slug":"hayatim-roman-2","status":"publish","type":"product","link":"https:\/\/roveyayinevi.com.tr\/index.php\/urun\/hayatim-roman-2\/","title":{"rendered":"Hayat\u0131m Roman"},"content":{"rendered":"<p>Hercai, s\u0131radan, s\u00fcss\u00fcz, d\u00fcmd\u00fcz insanlar\u0131 bir o kadar naif hik\u00e2yelerin i\u00e7ine sal\u0131yor\u2026 G\u00f6z\u00fcn\u00fczde canlan\u0131yorlar hemen\u2026 \u0130\u015ftah kabartan, a\u011f\u0131z suland\u0131ran, hem i\u00e7ten hem vicdanl\u0131 adamlar, kad\u0131nlarla tan\u0131\u015f\u0131yoruz\u2026 Tan\u0131d\u0131k, akraba yap\u0131yoruz onlar\u0131\u2026 Akl\u0131m\u0131zca, yetti\u011fince yard\u0131m etmeye \u00e7al\u0131\u015f\u0131yoruz; biraz merhamet ve ba\u015flar\u0131na bir \u015fey gelmesin duygusuyla\u2026 Asl\u0131na bakarsan\u0131z kendimizi okuyoruz \u201csat\u0131r aralar\u0131nda.\u201d Kolayl\u0131kla anl\u0131yoruz olup biteni, belki de bizden birilerini. <\/p>\n","protected":false},"excerpt":{"rendered":"<p>Hercai, s\u0131radan, s\u00fcss\u00fcz, d\u00fcmd\u00fcz insanlar\u0131 bir o kadar naif hik\u00e2yelerin i\u00e7ine sal\u0131yor\u2026 G\u00f6z\u00fcn\u00fczde canlan\u0131yorlar hemen\u2026 \u0130\u015ftah kabartan, a\u011f\u0131z suland\u0131ran, hem i\u00e7ten hem vicdanl\u0131 adamlar, kad\u0131nlarla tan\u0131\u015f\u0131yoruz\u2026<span class=\"excerpt-hellip\"> [\u2026]<\/span><\/p>\n","protected":false},"featured_media":0,"template":"","meta":{"_monsterinsights_skip_tracking":false,"_monsterinsights_sitenote_active":false,"_monsterinsights_sitenote_note":"","_monsterinsights_sitenote_category":0},"product_brand":[],"product_cat":[12291,12711],"product_tag":[],"class_list":{"0":"post-717921","1":"product","2":"type-product","3":"status-publish","5":"product_cat-edebiyat","6":"product_cat-roman-oyku","7":"pa_cilt-ciltsiz","8":"pa_tur-kitap","9":"pa_yayinevi-inkilap-kitabevi","10":"pa_yazar-can-yilmaz","12":"first","13":"instock","14":"sale","15":"shipping-taxable","16":"purchasable","17":"product-type-simple"},"_links":{"self":[{"href":"https:\/\/roveyayinevi.com.tr\/index.php\/wp-json\/wp\/v2\/product\/717921","targetHints":{"allow":["GET"]}}],"collection":[{"href":"https:\/\/roveyayinevi.com.tr\/index.php\/wp-json\/wp\/v2\/product"}],"about":[{"href":"https:\/\/roveyayinevi.com.tr\/index.php\/wp-json\/wp\/v2\/types\/product"}],"wp:attachment":[{"href":"https:\/\/roveyayinevi.com.tr\/index.php\/wp-json\/wp\/v2\/media?parent=717921"}],"wp:term":[{"taxonomy":"product_brand","embeddable":true,"href":"https:\/\/roveyayinevi.com.tr\/index.php\/wp-json\/wp\/v2\/product_brand?post=717921"},{"taxonomy":"product_cat","embeddable":true,"href":"https:\/\/roveyayinevi.com.tr\/index.php\/wp-json\/wp\/v2\/product_cat?post=717921"},{"taxonomy":"product_tag","embeddable":true,"href":"https:\/\/roveyayinevi.com.tr\/index.php\/wp-json\/wp\/v2\/product_tag?post=717921"}],"curies":[{"name":"wp","href":"https:\/\/api.w.org\/{rel}","templated":true}]}}