{"id":717914,"date":"2025-08-27T18:01:30","date_gmt":"2025-08-27T15:01:30","guid":{"rendered":"https:\/\/roveyayinevi.com.tr\/index.php\/urun\/muinar\/"},"modified":"2026-04-16T02:26:15","modified_gmt":"2026-04-15T23:26:15","slug":"muinar","status":"publish","type":"product","link":"https:\/\/roveyayinevi.com.tr\/index.php\/urun\/muinar\/","title":{"rendered":"Muinar"},"content":{"rendered":"<p>Kim kimin hayat\u0131n\u0131 ya\u015f\u0131yor belli mi bu, adaletiniz adalet olsa yapaca\u011f\u0131m\u0131 bilirdim ya, neyse&#8230; Hepinize sahte kimlik davas\u0131 a\u00e7ard\u0131m, d\u00fc\u015ferdiniz topluca i\u00e7eri, yeterince iyi olsan anlard\u0131n ne s\u00f6yledi\u011fimi, ya\u015fad\u0131\u011f\u0131 hayata inanarak benim diyebilecek ka\u00e7 ki\u015fi \u00e7\u0131kar aran\u0131zdan acaba?Muinar, kendisine ses verdi\u011fi Elime sayesinde, ba\u015fka zamanlarda ba\u015fka ba\u015fka insanlar\u0131n hikayelerini dillendiren bir ruh, bir i\u00e7 ses. Dayak yiyenler, hor g\u00f6r\u00fclenler, k\u00f6leler, tanr\u0131lara kurban edilenler kimler yok ki ses verdi\u011fi bu insanlar aras\u0131nda. Ancak ortak noktalar\u0131, elbette hepsinin birer kad\u0131n olmas\u0131\u2026Bunu yank\u0131larcas\u0131na iki b\u00fcy\u00fck derdi var Muinar\u2019\u0131n: insan\u0131n do\u011faya, erke\u011fin kad\u0131na h\u00fckmetmesi\u2026 Ya da daha genel anlamda iktidar \u00fczerine kurulu ili\u015fkiler\u2026  Kim bilir, tarihin derinlerine inerek bu iki izle\u011fi g\u00fcn y\u00fcz\u00fcne \u00e7\u0131karan Muinar, binlerce y\u0131ld\u0131r s\u00fcregiden bir k\u00fclt\u00fcr\u00fc ala\u015fa\u011f\u0131 etmeye kararl\u0131 m\u0131 kararl\u0131, yerk\u00fcrenin \u00f6lmeye pek niyeti olmayan di\u015fil ruhudur belki de. Kimi zaman a\u011fz\u0131 bozuk, kimi zaman dedi\u011fim dedik ve hayli ters. Gelgelelim alabildi\u011fine sevgi dolu, duyarl\u0131 ve canl\u0131\u2026Bir nesir \u015fiir, k\u0131sa, par\u00e7al\u0131 \u00f6yk\u00fclerle \u00f6r\u00fclen \u00e7etin bir anlat\u0131 ya da di\u015fil dilin hakim oldu\u011fu ekofeminist bir roman olarak da okunabilen Muinarilk olarak 2006\u2019da yay\u0131mlanm\u0131\u015ft\u0131. Latife Tekin, y\u00fczy\u0131llard\u0131r kabul edegeldi\u011fimiz tabular\u0131 hedefe ald\u0131\u011f\u0131 bu benzersiz metinde, gerek insanlar gerekse do\u011fayla ili\u015fkimizin h\u00fckmetmeyi de\u011fil uyumu esas almas\u0131 gerekti\u011fini g\u00f6steriyor.<\/p>\n","protected":false},"excerpt":{"rendered":"<p>Kim kimin hayat\u0131n\u0131 ya\u015f\u0131yor belli mi bu, adaletiniz adalet olsa yapaca\u011f\u0131m\u0131 bilirdim ya, neyse&#8230; Hepinize sahte kimlik davas\u0131 a\u00e7ard\u0131m, d\u00fc\u015ferdiniz topluca i\u00e7eri, yeterince iyi olsan anlard\u0131n<span class=\"excerpt-hellip\"> [\u2026]<\/span><\/p>\n","protected":false},"featured_media":0,"template":"","meta":{"_monsterinsights_skip_tracking":false,"_monsterinsights_sitenote_active":false,"_monsterinsights_sitenote_note":"","_monsterinsights_sitenote_category":0},"product_brand":[],"product_cat":[12291,12711],"product_tag":[],"class_list":{"0":"post-717914","1":"product","2":"type-product","3":"status-publish","5":"product_cat-edebiyat","6":"product_cat-roman-oyku","7":"pa_cilt-ciltsiz","8":"pa_tur-kitap","9":"pa_yayinevi-can-yayinlari","10":"pa_yazar-latife-tekin","12":"first","13":"instock","14":"sale","15":"shipping-taxable","16":"purchasable","17":"product-type-simple"},"_links":{"self":[{"href":"https:\/\/roveyayinevi.com.tr\/index.php\/wp-json\/wp\/v2\/product\/717914","targetHints":{"allow":["GET"]}}],"collection":[{"href":"https:\/\/roveyayinevi.com.tr\/index.php\/wp-json\/wp\/v2\/product"}],"about":[{"href":"https:\/\/roveyayinevi.com.tr\/index.php\/wp-json\/wp\/v2\/types\/product"}],"wp:attachment":[{"href":"https:\/\/roveyayinevi.com.tr\/index.php\/wp-json\/wp\/v2\/media?parent=717914"}],"wp:term":[{"taxonomy":"product_brand","embeddable":true,"href":"https:\/\/roveyayinevi.com.tr\/index.php\/wp-json\/wp\/v2\/product_brand?post=717914"},{"taxonomy":"product_cat","embeddable":true,"href":"https:\/\/roveyayinevi.com.tr\/index.php\/wp-json\/wp\/v2\/product_cat?post=717914"},{"taxonomy":"product_tag","embeddable":true,"href":"https:\/\/roveyayinevi.com.tr\/index.php\/wp-json\/wp\/v2\/product_tag?post=717914"}],"curies":[{"name":"wp","href":"https:\/\/api.w.org\/{rel}","templated":true}]}}