{"id":717909,"date":"2025-08-27T18:01:26","date_gmt":"2025-08-27T15:01:26","guid":{"rendered":"https:\/\/roveyayinevi.com.tr\/index.php\/urun\/paralel-dunyalar\/"},"modified":"2026-04-16T02:26:15","modified_gmt":"2026-04-15T23:26:15","slug":"paralel-dunyalar","status":"publish","type":"product","link":"https:\/\/roveyayinevi.com.tr\/index.php\/urun\/paralel-dunyalar\/","title":{"rendered":"Paralel D\u00fcnyalar"},"content":{"rendered":"<p>Michio Kaku, kozmosun gizemlerine a\u00e7\u0131lan bu heyecan verici yolculukta bizleri kara delikler ve zaman makinelerinin, \u00e7oklu boyutlu uzay\u0131n ve hepsinden fazla arzu uyand\u0131ran paralel evrenlerin bizimkinin hemen yan\u0131nda uzanmas\u0131 olas\u0131l\u0131\u011f\u0131n\u0131n ke\u015ffine y\u00f6nelik ba\u015f d\u00f6nd\u00fcr\u00fcc\u00fc bir gezintiye \u00e7\u0131kart\u0131yor.Kaku, sicim kuram\u0131ndaki en son yenilikler ve onun yinelemesi olan, evrenimizin belki de sonsuz bir \u00e7oklu evrendeki evrenlerden yaln\u0131zca biri, sonsuz say\u0131da baloncuk evrenlerden olu\u015fan bir denizde s\u00fcz\u00fclen tekil bir baloncuk olabilece\u011fini \u00f6neren M-kuram\u0131 i\u00e7erisinde bize ustaca k\u0131lavuzluk ediyor. M-kuram\u0131 do\u011fru \u00e7\u0131karsa \u201cB\u00fcy\u00fck Patlama\u2019dan \u00f6nce ne oldu?\u201d sorusuna da nihayet bir yan\u0131t bulabiliriz. Bu, fizikteki ve kozmolojideki en ileri kuramlara, alandaki rakipsiz seslerin birinden gelen heyecan verici ve unutulmaz bir giri\u015f.Kulak \u0130\u00e7i\u201cKavray\u0131\u015f\u0131 ile bizleri hayal g\u00fcc\u00fcm\u00fcz\u00fcn s\u0131n\u0131rlar\u0131n\u0131 zorlamaya iten, i\u015finin ehli bir k\u0131lavuz e\u015fli\u011finde kozmosta muhte\u015fem bir gezinti.\u201d\u2013Brian Greene, Evrenin Zarafeti\u2019nin yazar\u0131\u201cKaku, s\u00fcpersicim kuram\u0131 ile sprey makarna konfetisinin fark\u0131n\u0131 ay\u0131rt etmekte zorlananlar\u0131m\u0131z i\u00e7in de \u00f6yk\u00fcy\u00fc kolay anla\u015f\u0131l\u0131r hale getirmeye yarayan, samimi bir tarz kullan\u0131yor\u2026 B\u00fcy\u00fcleyici ve kimi zaman ak\u0131llara durgunluk verici bir kitap.\u201dSciFi\u201cKaku, muazzam miktarda konuyu kolay anla\u015f\u0131l\u0131r ve e\u011flenceli bir \u015fekilde dile getiriyor.\u201dLos Angeles Times\u201cKozmoloji bilimini Albert Einstein y\u00fcz y\u0131l \u00f6nce k\u00f6k\u00fcnden de\u011fi\u015ftirdi. Paralel D\u00fcnyalar\u2019da da bir di\u011fer deha Michio Kaku bizi bilim konusunda g\u00fcncelliyor ve evrenin gelece\u011fine ili\u015fkin yorumlarda bulunuyor.\u201dSan Antonio Express-News<\/p>\n","protected":false},"excerpt":{"rendered":"<p>Michio Kaku, kozmosun gizemlerine a\u00e7\u0131lan bu heyecan verici yolculukta bizleri kara delikler ve zaman makinelerinin, \u00e7oklu boyutlu uzay\u0131n ve hepsinden fazla arzu uyand\u0131ran paralel evrenlerin bizimkinin<span class=\"excerpt-hellip\"> [\u2026]<\/span><\/p>\n","protected":false},"featured_media":0,"template":"","meta":{"_monsterinsights_skip_tracking":false,"_monsterinsights_sitenote_active":false,"_monsterinsights_sitenote_note":"","_monsterinsights_sitenote_category":0},"product_brand":[],"product_cat":[13005,13006],"product_tag":[],"class_list":{"0":"post-717909","1":"product","2":"type-product","3":"status-publish","5":"product_cat-bilim-muhendislik","6":"product_cat-populer-bilim","7":"pa_cilt-ciltsiz","8":"pa_tur-kitap","9":"pa_yayinevi-odtu-gelistirme-vakfi-yayincilik","10":"pa_yazar-michio-kaku","12":"first","13":"instock","14":"sale","15":"shipping-taxable","16":"purchasable","17":"product-type-simple"},"_links":{"self":[{"href":"https:\/\/roveyayinevi.com.tr\/index.php\/wp-json\/wp\/v2\/product\/717909","targetHints":{"allow":["GET"]}}],"collection":[{"href":"https:\/\/roveyayinevi.com.tr\/index.php\/wp-json\/wp\/v2\/product"}],"about":[{"href":"https:\/\/roveyayinevi.com.tr\/index.php\/wp-json\/wp\/v2\/types\/product"}],"wp:attachment":[{"href":"https:\/\/roveyayinevi.com.tr\/index.php\/wp-json\/wp\/v2\/media?parent=717909"}],"wp:term":[{"taxonomy":"product_brand","embeddable":true,"href":"https:\/\/roveyayinevi.com.tr\/index.php\/wp-json\/wp\/v2\/product_brand?post=717909"},{"taxonomy":"product_cat","embeddable":true,"href":"https:\/\/roveyayinevi.com.tr\/index.php\/wp-json\/wp\/v2\/product_cat?post=717909"},{"taxonomy":"product_tag","embeddable":true,"href":"https:\/\/roveyayinevi.com.tr\/index.php\/wp-json\/wp\/v2\/product_tag?post=717909"}],"curies":[{"name":"wp","href":"https:\/\/api.w.org\/{rel}","templated":true}]}}