{"id":717906,"date":"2025-08-27T18:01:24","date_gmt":"2025-08-27T15:01:24","guid":{"rendered":"https:\/\/roveyayinevi.com.tr\/index.php\/urun\/devran\/"},"modified":"2026-04-08T02:33:19","modified_gmt":"2026-04-07T23:33:19","slug":"devran","status":"publish","type":"product","link":"https:\/\/roveyayinevi.com.tr\/index.php\/urun\/devran\/","title":{"rendered":"Devran"},"content":{"rendered":"<p>Toz duman kenarlardan, ta\u015fradan ve kuytulardan, memleketten yoksulluk halleri. Utananlar, \u00fcz\u00fclenler, \u00e2\u015f\u0131klar, yevmiyeciler, k\u00fc\u00e7\u00fck kasabalar, hazin ve uzakta kalan hayatlar. Devran, inat\u00e7\u0131 ne\u015fesiyle ge\u00e7ip giden zaman\u0131n \u00e7arp\u0131kl\u0131\u011f\u0131n\u0131 anlat\u0131yor. Umut umut, c\u00fcmle c\u00fcmle\u2026 Evvela mahsus selam ediyor do\u011fan g\u00fcne. Selahattin Demirta\u015f, yaral\u0131lar\u0131n, umars\u0131zlar\u0131n, kalbi h\u0131zla \u00e7arpanlar\u0131n hik\u00e2yecisi. Sofras\u0131nda konuk a\u011f\u0131rlayan, durup durup konu\u015fan\u2026 Doksanlar\u0131n ba\u015f\u0131, ziraat fak\u00fcltesini yeni bitirmi\u015fim, i\u015f g\u00fc\u00e7 yok hen\u00fcz. G\u00fcn\u00fcn \u00e7o\u011funu evde i\u015f projeleri ve gelecek planlar\u0131yla ge\u00e7iriyorum. Dile kolay, her g\u00fcn elli tane i\u015f kuruyorum kafamda. Hemen para kazanmaya ba\u015flamam laz\u0131m diyorum. Acayip zengin olas\u0131m gelmi\u015f, yerimde duram\u0131yorum. Fakirlik i\u00e7inde b\u00fcy\u00fcm\u00fc\u015f\u00fcz, fakir fakir okuyup \u00fcniversiteyi de bitirmi\u015fiz. Ama her \u015feyin bir sonu oldu\u011funa g\u00f6re fakirli\u011fin de bir sonu var de\u011fil mi? <\/p>\n","protected":false},"excerpt":{"rendered":"<p>Toz duman kenarlardan, ta\u015fradan ve kuytulardan, memleketten yoksulluk halleri. Utananlar, \u00fcz\u00fclenler, \u00e2\u015f\u0131klar, yevmiyeciler, k\u00fc\u00e7\u00fck kasabalar, hazin ve uzakta kalan hayatlar. Devran, inat\u00e7\u0131 ne\u015fesiyle ge\u00e7ip giden zaman\u0131n<span class=\"excerpt-hellip\"> [\u2026]<\/span><\/p>\n","protected":false},"featured_media":0,"template":"","meta":{"_monsterinsights_skip_tracking":false,"_monsterinsights_sitenote_active":false,"_monsterinsights_sitenote_note":"","_monsterinsights_sitenote_category":0},"product_brand":[],"product_cat":[12291,12711],"product_tag":[],"class_list":{"0":"post-717906","1":"product","2":"type-product","3":"status-publish","5":"product_cat-edebiyat","6":"product_cat-roman-oyku","7":"pa_cilt-ciltsiz","8":"pa_tur-kitap","9":"pa_yayinevi-iletisim-yayinlari","10":"pa_yazar-selahattin-demirtas","12":"first","13":"instock","14":"sale","15":"shipping-taxable","16":"purchasable","17":"product-type-simple"},"_links":{"self":[{"href":"https:\/\/roveyayinevi.com.tr\/index.php\/wp-json\/wp\/v2\/product\/717906","targetHints":{"allow":["GET"]}}],"collection":[{"href":"https:\/\/roveyayinevi.com.tr\/index.php\/wp-json\/wp\/v2\/product"}],"about":[{"href":"https:\/\/roveyayinevi.com.tr\/index.php\/wp-json\/wp\/v2\/types\/product"}],"wp:attachment":[{"href":"https:\/\/roveyayinevi.com.tr\/index.php\/wp-json\/wp\/v2\/media?parent=717906"}],"wp:term":[{"taxonomy":"product_brand","embeddable":true,"href":"https:\/\/roveyayinevi.com.tr\/index.php\/wp-json\/wp\/v2\/product_brand?post=717906"},{"taxonomy":"product_cat","embeddable":true,"href":"https:\/\/roveyayinevi.com.tr\/index.php\/wp-json\/wp\/v2\/product_cat?post=717906"},{"taxonomy":"product_tag","embeddable":true,"href":"https:\/\/roveyayinevi.com.tr\/index.php\/wp-json\/wp\/v2\/product_tag?post=717906"}],"curies":[{"name":"wp","href":"https:\/\/api.w.org\/{rel}","templated":true}]}}