{"id":717905,"date":"2025-08-27T18:01:23","date_gmt":"2025-08-27T15:01:23","guid":{"rendered":"https:\/\/roveyayinevi.com.tr\/index.php\/urun\/osmanli-kitap-sanatinda-dogal-cicekler-ciltli\/"},"modified":"2026-03-12T02:34:49","modified_gmt":"2026-03-11T23:34:49","slug":"osmanli-kitap-sanatinda-dogal-cicekler-ciltli","status":"publish","type":"product","link":"https:\/\/roveyayinevi.com.tr\/index.php\/urun\/osmanli-kitap-sanatinda-dogal-cicekler-ciltli\/","title":{"rendered":"Osmanl\u0131 Kitap Sanat\u0131nda Do\u011fal \u00c7i\u00e7ekler (Ciltli)"},"content":{"rendered":"<p>Osmanl\u0131 Kitap Sanat\u0131nda Do\u011fal \u00c7i\u00e7ekler, kitap s\u00fcsleme sanat\u0131nda nat\u00fcralist \u00fcslupta \u00e7i\u00e7ek motifi kullan\u0131m\u0131 hakk\u0131nda yaz\u0131lm\u0131\u015f en kapsaml\u0131 eserler aras\u0131nda ilk s\u0131rada yer al\u0131yor. T\u00fcr\u00fcn\u00fcn ilk \u00f6rne\u011fi olan Osmanl\u0131 Kitap Sanat\u0131nda Do\u011fal \u00c7i\u00e7ekler, ba\u015fta Kuran olmak \u00fczere \u00e7e\u015fitli dini kitaplardan gramer, \u015fiir, \u00e7i\u00e7ek yeti\u015ftiricili\u011fi gibi farkl\u0131 konular\u0131 ele alan kitaplara kadar pek \u00e7ok yazma eseri, hatta tu\u011fralar\u0131 s\u00fcsleyen nat\u00fcralist \u00e7i\u00e7ek motiflerini tek kaynakta topluyor.  On alt\u0131nc\u0131 y\u00fczy\u0131ldan yirminci y\u00fczy\u0131la kadar y\u00fczlerce nat\u00fcralist \u00e7i\u00e7ek motifini i\u00e7eren kitap, ara\u015ft\u0131rmac\u0131lar\u0131n d\u00f6nemsel \u00fcslup de\u011fi\u015fimlerini rahatl\u0131kla g\u00f6zlemleyebilmelerini sa\u011fl\u0131yor. Kitapta \u00f6zel koleksiyonlardan, yurt i\u00e7indeki ve yurt d\u0131\u015f\u0131ndaki m\u00fczelerden toplanan 600\u2019e yak\u0131n g\u00f6rsel bulunuyor. Osmanl\u0131 \u0130mparatorlu\u011fu d\u00f6neminde kitap s\u00fcslemecili\u011finde kullan\u0131lan nat\u00fcralist \u00e7i\u00e7ek motiflerinin do\u011fadaki g\u00f6r\u00fcn\u00fcm\u00fcne ve Anadolu\u2019daki ge\u00e7mi\u015fine de yer verilen kitapta, tasvir konusundaki ustal\u0131\u011f\u0131n de\u011ferlendirilmesine y\u00f6nelik \u00f6nemli bilgiler sunuluyor. Yazma eser envanter bilgilerinin, adlar\u0131n\u0131n g\u00f6zden ge\u00e7irilip g\u00fcncellendi\u011fi, motiflerin bulundu\u011fu kaynaklardaki sayfa numaralar\u0131n\u0131n eklendi\u011fi yeni bask\u0131s\u0131yla Osmanl\u0131 Kitap Sanat\u0131nda Do\u011fal \u00c7i\u00e7ekler, ara\u015ft\u0131rmac\u0131lar\u0131n orijinal kaynaklara ula\u015fmas\u0131 bak\u0131m\u0131ndan b\u00fcy\u00fck bir kolayl\u0131k sa\u011fl\u0131yor. Bilimsel bir \u00e7al\u0131\u015fma yaparken ihtiya\u00e7 duyulan t\u00fcm ayr\u0131nt\u0131lar\u0131 i\u00e7eren, konuyla ilgili ara\u015ft\u0131rma yapanlar\u0131n ilk ba\u015fvuru kayna\u011f\u0131 olan kitap, Y\u0131ld\u0131z Demiriz\u2019in aziz hat\u0131ras\u0131n\u0131 ya\u015fatmaya devam ediyor. <\/p>\n","protected":false},"excerpt":{"rendered":"<p>Osmanl\u0131 Kitap Sanat\u0131nda Do\u011fal \u00c7i\u00e7ekler, kitap s\u00fcsleme sanat\u0131nda nat\u00fcralist \u00fcslupta \u00e7i\u00e7ek motifi kullan\u0131m\u0131 hakk\u0131nda yaz\u0131lm\u0131\u015f en kapsaml\u0131 eserler aras\u0131nda ilk s\u0131rada yer al\u0131yor. T\u00fcr\u00fcn\u00fcn ilk \u00f6rne\u011fi<span class=\"excerpt-hellip\"> [\u2026]<\/span><\/p>\n","protected":false},"featured_media":0,"template":"","meta":{"_monsterinsights_skip_tracking":false,"_monsterinsights_sitenote_active":false,"_monsterinsights_sitenote_note":"","_monsterinsights_sitenote_category":0},"product_brand":[],"product_cat":[16169,12408],"product_tag":[],"class_list":{"0":"post-717905","1":"product","2":"type-product","3":"status-publish","5":"product_cat-geleneksel-sanatlar","6":"product_cat-sanat","7":"pa_cilt-ciltli","8":"pa_tur-kitap","9":"pa_yayinevi-hayalperest-yayinlari","10":"pa_yazar-yildiz-demiriz","12":"first","13":"instock","14":"sale","15":"shipping-taxable","16":"purchasable","17":"product-type-simple"},"_links":{"self":[{"href":"https:\/\/roveyayinevi.com.tr\/index.php\/wp-json\/wp\/v2\/product\/717905","targetHints":{"allow":["GET"]}}],"collection":[{"href":"https:\/\/roveyayinevi.com.tr\/index.php\/wp-json\/wp\/v2\/product"}],"about":[{"href":"https:\/\/roveyayinevi.com.tr\/index.php\/wp-json\/wp\/v2\/types\/product"}],"wp:attachment":[{"href":"https:\/\/roveyayinevi.com.tr\/index.php\/wp-json\/wp\/v2\/media?parent=717905"}],"wp:term":[{"taxonomy":"product_brand","embeddable":true,"href":"https:\/\/roveyayinevi.com.tr\/index.php\/wp-json\/wp\/v2\/product_brand?post=717905"},{"taxonomy":"product_cat","embeddable":true,"href":"https:\/\/roveyayinevi.com.tr\/index.php\/wp-json\/wp\/v2\/product_cat?post=717905"},{"taxonomy":"product_tag","embeddable":true,"href":"https:\/\/roveyayinevi.com.tr\/index.php\/wp-json\/wp\/v2\/product_tag?post=717905"}],"curies":[{"name":"wp","href":"https:\/\/api.w.org\/{rel}","templated":true}]}}