{"id":717902,"date":"2025-08-27T18:01:21","date_gmt":"2025-08-27T15:01:21","guid":{"rendered":"https:\/\/roveyayinevi.com.tr\/index.php\/urun\/mamaera\/"},"modified":"2026-04-16T02:26:15","modified_gmt":"2026-04-15T23:26:15","slug":"mamaera","status":"publish","type":"product","link":"https:\/\/roveyayinevi.com.tr\/index.php\/urun\/mamaera\/","title":{"rendered":"Mamaera"},"content":{"rendered":"<p>Ailece sofraya oturdu\u011fumuzda hepimizin keyif alarak yedi\u011fi, pi\u015firirken e\u011flendi\u011fi, hem lezzetli hem de sa\u011fl\u0131kl\u0131 tariflerimi, hem lezzetli hem de sa\u011fl\u0131kl\u0131 tariflerimi, ek g\u0131daya ba\u015flad\u0131\u011f\u0131m\u0131z ilk g\u00fcnden itibaren \u00f6zenle olu\u015fturup , bu kitapla bulu\u015fturdum.Keyifle pi\u015firip , sevdiklerinizle payla\u015fman\u0131z dile\u011fiyle&#8230;.<\/p>\n","protected":false},"excerpt":{"rendered":"<p>Ailece sofraya oturdu\u011fumuzda hepimizin keyif alarak yedi\u011fi, pi\u015firirken e\u011flendi\u011fi, hem lezzetli hem de sa\u011fl\u0131kl\u0131 tariflerimi, hem lezzetli hem de sa\u011fl\u0131kl\u0131 tariflerimi, ek g\u0131daya ba\u015flad\u0131\u011f\u0131m\u0131z ilk g\u00fcnden<span class=\"excerpt-hellip\"> [\u2026]<\/span><\/p>\n","protected":false},"featured_media":0,"template":"","meta":{"_monsterinsights_skip_tracking":false,"_monsterinsights_sitenote_active":false,"_monsterinsights_sitenote_note":"","_monsterinsights_sitenote_category":0},"product_brand":[],"product_cat":[12458,12457],"product_tag":[],"class_list":{"0":"post-717902","1":"product","2":"type-product","3":"status-publish","5":"product_cat-turk-mutfagi","6":"product_cat-yemek-kitaplari","7":"pa_cilt-ciltsiz","8":"pa_tur-kitap","9":"pa_yayinevi-inkilap-kitabevi","10":"pa_yazar-zeynep-benhisavi-celik","12":"first","13":"instock","14":"sale","15":"shipping-taxable","16":"purchasable","17":"product-type-simple"},"_links":{"self":[{"href":"https:\/\/roveyayinevi.com.tr\/index.php\/wp-json\/wp\/v2\/product\/717902","targetHints":{"allow":["GET"]}}],"collection":[{"href":"https:\/\/roveyayinevi.com.tr\/index.php\/wp-json\/wp\/v2\/product"}],"about":[{"href":"https:\/\/roveyayinevi.com.tr\/index.php\/wp-json\/wp\/v2\/types\/product"}],"wp:attachment":[{"href":"https:\/\/roveyayinevi.com.tr\/index.php\/wp-json\/wp\/v2\/media?parent=717902"}],"wp:term":[{"taxonomy":"product_brand","embeddable":true,"href":"https:\/\/roveyayinevi.com.tr\/index.php\/wp-json\/wp\/v2\/product_brand?post=717902"},{"taxonomy":"product_cat","embeddable":true,"href":"https:\/\/roveyayinevi.com.tr\/index.php\/wp-json\/wp\/v2\/product_cat?post=717902"},{"taxonomy":"product_tag","embeddable":true,"href":"https:\/\/roveyayinevi.com.tr\/index.php\/wp-json\/wp\/v2\/product_tag?post=717902"}],"curies":[{"name":"wp","href":"https:\/\/api.w.org\/{rel}","templated":true}]}}