{"id":717901,"date":"2025-08-27T18:01:21","date_gmt":"2025-08-27T15:01:21","guid":{"rendered":"https:\/\/roveyayinevi.com.tr\/index.php\/urun\/hukuk-sosyolojisi-2\/"},"modified":"2026-04-16T02:26:14","modified_gmt":"2026-04-15T23:26:14","slug":"hukuk-sosyolojisi-2","status":"publish","type":"product","link":"https:\/\/roveyayinevi.com.tr\/index.php\/urun\/hukuk-sosyolojisi-2\/","title":{"rendered":"Hukuk Sosyolojisi"},"content":{"rendered":"<p>Yasalar\u0131n ve hukuk sisteminin insanlar\u0131n tutum, davran\u0131\u015f ve al\u0131\u015fkanl\u0131klar\u0131 \u00fczerinde nas\u0131l ve ne \u00f6l\u00e7\u00fcde etkili oldu\u011fu sosyolojinin ba\u015fl\u0131ca meselelerinden biridir. Sosyoloji, kurulu\u015fundan itibaren, kadim d\u00fczen problemiyle ilgilenmi\u015ftir. Din\u00ee kurumlar\u0131n ve gelene\u011fin sa\u011flad\u0131\u011f\u0131 d\u00fczenin yerine d\u00fcnyev\u00ee ilgi, \u00e7\u0131kar ve ilkeler ile bi\u00e7imlenen yeni bir d\u00fczenin tesis edilmesine y\u00f6nelik ger\u00e7ekle\u015ftirilen bilimsel ve d\u00fc\u015f\u00fcnsel at\u0131l\u0131mlarda \u00f6nemli rol oynayan sosyoloji, insanlar\u0131n gerek devletle gerekse birbirleriyle ili\u015fkilerini d\u00fczenleyen hukukla yak\u0131ndan ilgilenmi\u015ftir. Zira ideal bir d\u00fczenin tesis edilebilmesi i\u00e7in insanlar\u0131n mevcut yasal uygulamalardan ne \u015fekilde etkilendiklerinin ortaya \u00e7\u0131kar\u0131lmas\u0131 zaruridir.Elinizdeki kitap hukuk sosyolojisi alan\u0131nda kaleme al\u0131nm\u0131\u015f en kapsaml\u0131 eserlerden biridir. Kitab\u0131n yazar\u0131 Mathieu Deflem, hukuk sosyolojisi alan\u0131nda yapm\u0131\u015f oldu\u011fu \u00e7al\u0131\u015fmalarla \u00f6ne \u00e7\u0131km\u0131\u015f bir akademisyendir. Kitap gerek sosyoloji b\u00f6l\u00fcmleri, gerekse hukuk fak\u00fclteleri i\u00e7in kullan\u0131\u015fl\u0131 bir kaynak olma i\u015flevini yerine getirebilecek nitelikleri haizdir. Zira kitap bir yandan hukuk sosyolojisinin geli\u015fim s\u00fcrecini ve problemlerini izah ederken, di\u011fer yandan g\u00fcncel meselelere dair \u00e7e\u015fitli kavray\u0131\u015flar ortaya koymaktad\u0131r.<\/p>\n","protected":false},"excerpt":{"rendered":"<p>Yasalar\u0131n ve hukuk sisteminin insanlar\u0131n tutum, davran\u0131\u015f ve al\u0131\u015fkanl\u0131klar\u0131 \u00fczerinde nas\u0131l ve ne \u00f6l\u00e7\u00fcde etkili oldu\u011fu sosyolojinin ba\u015fl\u0131ca meselelerinden biridir. Sosyoloji, kurulu\u015fundan itibaren, kadim d\u00fczen problemiyle<span class=\"excerpt-hellip\"> [\u2026]<\/span><\/p>\n","protected":false},"featured_media":0,"template":"","meta":{"_monsterinsights_skip_tracking":false,"_monsterinsights_sitenote_active":false,"_monsterinsights_sitenote_note":"","_monsterinsights_sitenote_category":0},"product_brand":[],"product_cat":[15350,17602],"product_tag":[],"class_list":{"0":"post-717901","1":"product","2":"type-product","3":"status-publish","5":"product_cat-hukuk","6":"product_cat-hukuk-uzerine","7":"pa_cilt-ciltsiz","8":"pa_tur-kitap","9":"pa_yayinevi-adres-yayinlari","10":"pa_yazar-mathieu-deflem","12":"first","13":"instock","14":"sale","15":"shipping-taxable","16":"purchasable","17":"product-type-simple"},"_links":{"self":[{"href":"https:\/\/roveyayinevi.com.tr\/index.php\/wp-json\/wp\/v2\/product\/717901","targetHints":{"allow":["GET"]}}],"collection":[{"href":"https:\/\/roveyayinevi.com.tr\/index.php\/wp-json\/wp\/v2\/product"}],"about":[{"href":"https:\/\/roveyayinevi.com.tr\/index.php\/wp-json\/wp\/v2\/types\/product"}],"wp:attachment":[{"href":"https:\/\/roveyayinevi.com.tr\/index.php\/wp-json\/wp\/v2\/media?parent=717901"}],"wp:term":[{"taxonomy":"product_brand","embeddable":true,"href":"https:\/\/roveyayinevi.com.tr\/index.php\/wp-json\/wp\/v2\/product_brand?post=717901"},{"taxonomy":"product_cat","embeddable":true,"href":"https:\/\/roveyayinevi.com.tr\/index.php\/wp-json\/wp\/v2\/product_cat?post=717901"},{"taxonomy":"product_tag","embeddable":true,"href":"https:\/\/roveyayinevi.com.tr\/index.php\/wp-json\/wp\/v2\/product_tag?post=717901"}],"curies":[{"name":"wp","href":"https:\/\/api.w.org\/{rel}","templated":true}]}}