{"id":717899,"date":"2025-08-27T18:01:20","date_gmt":"2025-08-27T15:01:20","guid":{"rendered":"https:\/\/roveyayinevi.com.tr\/index.php\/urun\/17-yas-alti-futbolcularda-sezon-basi-hazirlik-donemi-antrenmanin-bazi-biyomotorik-fizyolojik-biyokimyasal-parametreler\/"},"modified":"2026-04-16T02:26:14","modified_gmt":"2026-04-15T23:26:14","slug":"17-yas-alti-futbolcularda-sezon-basi-hazirlik-donemi-antrenmanin-bazi-biyomotorik-fizyolojik-biyokimyasal-parametreler","status":"publish","type":"product","link":"https:\/\/roveyayinevi.com.tr\/index.php\/urun\/17-yas-alti-futbolcularda-sezon-basi-hazirlik-donemi-antrenmanin-bazi-biyomotorik-fizyolojik-biyokimyasal-parametreler\/","title":{"rendered":"17 Ya\u015f Alt\u0131 Futbolcularda Sezon Ba\u015f\u0131 Haz\u0131rl\u0131k D\u00f6nemi Antrenman\u0131n Baz\u0131 Biyomotorik, Fizyolojik, Biyokimyasal Parametreler"},"content":{"rendered":"<p>&#8220;17 Ya\u015f Alt\u0131 Futbolcularda Sezon Ba\u015f\u0131 Haz\u0131rl\u0131k D\u00f6nemi Antrenman\u0131n Baz\u0131 Biyomotorik, Fizyolojik, Biyokimyasal Parametreler \u0130le Kas Hasar\u0131 \u00dczerine Etkisinin \u0130ncelenmesi&#8221;Futbolun Tan\u0131m\u0131 Antrenman Tan\u0131m\u0131 Futbolun Fizyolojisi Futbolda Temel Motorik \u00d6zellikler Kas Kas\u0131lmas\u0131 T\u00fcrleri Kas Fibril \u00c7e\u015fitleri Antrenman\u0131n Fibrillere Etkisi Egzersizin Solunuma Etkileri Antrenman\u0131n Dola\u015f\u0131m Sistemine Etkisi Egzersiz ve Kas Hasar\u0131 Futbol M\u00fcsabakas\u0131 ve Antrenmanlar\u0131 Sonras\u0131 Olu\u015fan De\u011fi\u015fimler Egzersiz ve Enzimler Aras\u0131ndaki \u0130li\u015fki  <\/p>\n","protected":false},"excerpt":{"rendered":"<p>&#8220;17 Ya\u015f Alt\u0131 Futbolcularda Sezon Ba\u015f\u0131 Haz\u0131rl\u0131k D\u00f6nemi Antrenman\u0131n Baz\u0131 Biyomotorik, Fizyolojik, Biyokimyasal Parametreler \u0130le Kas Hasar\u0131 \u00dczerine Etkisinin \u0130ncelenmesi&#8221;Futbolun Tan\u0131m\u0131 Antrenman Tan\u0131m\u0131 Futbolun Fizyolojisi Futbolda<span class=\"excerpt-hellip\"> [\u2026]<\/span><\/p>\n","protected":false},"featured_media":0,"template":"","meta":{"_monsterinsights_skip_tracking":false,"_monsterinsights_sitenote_active":false,"_monsterinsights_sitenote_note":"","_monsterinsights_sitenote_category":0},"product_brand":[],"product_cat":[15563,15564],"product_tag":[],"class_list":{"0":"post-717899","1":"product","2":"type-product","3":"status-publish","5":"product_cat-hobi","6":"product_cat-spor","7":"pa_cilt-ciltsiz","8":"pa_tur-kitap","9":"pa_yayinevi-gazi-kitabevi","10":"pa_yazar-erkan-cetinkaya","12":"first","13":"instock","14":"sale","15":"shipping-taxable","16":"purchasable","17":"product-type-simple"},"_links":{"self":[{"href":"https:\/\/roveyayinevi.com.tr\/index.php\/wp-json\/wp\/v2\/product\/717899","targetHints":{"allow":["GET"]}}],"collection":[{"href":"https:\/\/roveyayinevi.com.tr\/index.php\/wp-json\/wp\/v2\/product"}],"about":[{"href":"https:\/\/roveyayinevi.com.tr\/index.php\/wp-json\/wp\/v2\/types\/product"}],"wp:attachment":[{"href":"https:\/\/roveyayinevi.com.tr\/index.php\/wp-json\/wp\/v2\/media?parent=717899"}],"wp:term":[{"taxonomy":"product_brand","embeddable":true,"href":"https:\/\/roveyayinevi.com.tr\/index.php\/wp-json\/wp\/v2\/product_brand?post=717899"},{"taxonomy":"product_cat","embeddable":true,"href":"https:\/\/roveyayinevi.com.tr\/index.php\/wp-json\/wp\/v2\/product_cat?post=717899"},{"taxonomy":"product_tag","embeddable":true,"href":"https:\/\/roveyayinevi.com.tr\/index.php\/wp-json\/wp\/v2\/product_tag?post=717899"}],"curies":[{"name":"wp","href":"https:\/\/api.w.org\/{rel}","templated":true}]}}