{"id":717897,"date":"2025-08-27T18:01:18","date_gmt":"2025-08-27T15:01:18","guid":{"rendered":"https:\/\/roveyayinevi.com.tr\/index.php\/urun\/adini-unutan-kitap\/"},"modified":"2026-04-16T02:26:14","modified_gmt":"2026-04-15T23:26:14","slug":"adini-unutan-kitap","status":"publish","type":"product","link":"https:\/\/roveyayinevi.com.tr\/index.php\/urun\/adini-unutan-kitap\/","title":{"rendered":"Ad\u0131n\u0131 Unutan Kitap"},"content":{"rendered":"<p>9 ya\u015f\u0131ndaki Orhan ile 13 ya\u015f\u0131ndaki Ayhan, sokakta k\u00e2\u011f\u0131t toplayarak ge\u00e7inmeye \u00e7al\u0131\u015fan iki karde\u015ftir. Bir g\u00fcn yine k\u00e2\u011f\u0131t toplarken, \u00e7\u00f6pte cildi olmad\u0131\u011f\u0131 i\u00e7in sayfalar\u0131 kar\u0131\u015fm\u0131\u015f olan bir kitap bulurlar. Kitab\u0131n sayfalar\u0131n\u0131 dizmeye ve ad\u0131n\u0131 bulmaya \u00e7al\u0131\u015f\u0131rlarken d\u00fc\u015flerle dolu bir maceraya at\u0131l\u0131rlar. Bir d\u00fc\u015ften di\u011ferine ko\u015farken hem e\u011flenirler hem de \u00f6\u011frenirler&#8230; <\/p>\n","protected":false},"excerpt":{"rendered":"<p>9 ya\u015f\u0131ndaki Orhan ile 13 ya\u015f\u0131ndaki Ayhan, sokakta k\u00e2\u011f\u0131t toplayarak ge\u00e7inmeye \u00e7al\u0131\u015fan iki karde\u015ftir. Bir g\u00fcn yine k\u00e2\u011f\u0131t toplarken, \u00e7\u00f6pte cildi olmad\u0131\u011f\u0131 i\u00e7in sayfalar\u0131 kar\u0131\u015fm\u0131\u015f olan<span class=\"excerpt-hellip\"> [\u2026]<\/span><\/p>\n","protected":false},"featured_media":0,"template":"","meta":{"_monsterinsights_skip_tracking":false,"_monsterinsights_sitenote_active":false,"_monsterinsights_sitenote_note":"","_monsterinsights_sitenote_category":0},"product_brand":[],"product_cat":[12274,12284],"product_tag":[],"class_list":{"0":"post-717897","1":"product","2":"type-product","3":"status-publish","5":"product_cat-cocuk-ve-genclik-kitaplari","6":"product_cat-hikayeler","7":"pa_cilt-ciltsiz","8":"pa_tur-kitap","9":"pa_yayinevi-say-yayinlari","10":"pa_yazar-gulsum-cengiz","12":"first","13":"instock","14":"sale","15":"shipping-taxable","16":"purchasable","17":"product-type-simple"},"_links":{"self":[{"href":"https:\/\/roveyayinevi.com.tr\/index.php\/wp-json\/wp\/v2\/product\/717897","targetHints":{"allow":["GET"]}}],"collection":[{"href":"https:\/\/roveyayinevi.com.tr\/index.php\/wp-json\/wp\/v2\/product"}],"about":[{"href":"https:\/\/roveyayinevi.com.tr\/index.php\/wp-json\/wp\/v2\/types\/product"}],"wp:attachment":[{"href":"https:\/\/roveyayinevi.com.tr\/index.php\/wp-json\/wp\/v2\/media?parent=717897"}],"wp:term":[{"taxonomy":"product_brand","embeddable":true,"href":"https:\/\/roveyayinevi.com.tr\/index.php\/wp-json\/wp\/v2\/product_brand?post=717897"},{"taxonomy":"product_cat","embeddable":true,"href":"https:\/\/roveyayinevi.com.tr\/index.php\/wp-json\/wp\/v2\/product_cat?post=717897"},{"taxonomy":"product_tag","embeddable":true,"href":"https:\/\/roveyayinevi.com.tr\/index.php\/wp-json\/wp\/v2\/product_tag?post=717897"}],"curies":[{"name":"wp","href":"https:\/\/api.w.org\/{rel}","templated":true}]}}