{"id":717895,"date":"2025-08-27T18:01:17","date_gmt":"2025-08-27T15:01:17","guid":{"rendered":"https:\/\/roveyayinevi.com.tr\/index.php\/urun\/kendine-hep-saldir-insan-karalama-defterlerinden\/"},"modified":"2026-04-16T02:26:14","modified_gmt":"2026-04-15T23:26:14","slug":"kendine-hep-saldir-insan-karalama-defterlerinden","status":"publish","type":"product","link":"https:\/\/roveyayinevi.com.tr\/index.php\/urun\/kendine-hep-saldir-insan-karalama-defterlerinden\/","title":{"rendered":"Kendine Hep Sald\u0131r \u0130nsan Karalama Defterleri&#8217;nden"},"content":{"rendered":"<p>Lichtenberg\u2019i bir\u00e7ok aforizma yazar\u0131ndan ay\u0131ran \u00f6zellik, d\u00fcnyay\u0131 g\u00f6zlerken, yazarken, etten kemikten bir insan oldu\u011fu ger\u00e7e\u011fini bir kenara b\u0131rakmay\u0131\u015f\u0131d\u0131r. Darmstadt\u2019\u0131n Kamburu geldi, do\u011frulun! \u201cBeni g\u00fczel olan\u0131 bilmedi\u011fim i\u00e7in acayip olan\u0131n pe\u015finden ko\u015fuyor san\u0131rs\u0131n; hay\u0131r, sen g\u00fczeli bilmedi\u011fin i\u00e7in ben acayibi ar\u0131yorum.\u201d <\/p>\n","protected":false},"excerpt":{"rendered":"<p>Lichtenberg\u2019i bir\u00e7ok aforizma yazar\u0131ndan ay\u0131ran \u00f6zellik, d\u00fcnyay\u0131 g\u00f6zlerken, yazarken, etten kemikten bir insan oldu\u011fu ger\u00e7e\u011fini bir kenara b\u0131rakmay\u0131\u015f\u0131d\u0131r. Darmstadt\u2019\u0131n Kamburu geldi, do\u011frulun! \u201cBeni g\u00fczel olan\u0131 bilmedi\u011fim<span class=\"excerpt-hellip\"> [\u2026]<\/span><\/p>\n","protected":false},"featured_media":0,"template":"","meta":{"_monsterinsights_skip_tracking":false,"_monsterinsights_sitenote_active":false,"_monsterinsights_sitenote_note":"","_monsterinsights_sitenote_category":0},"product_brand":[],"product_cat":[12782,12291],"product_tag":[],"class_list":{"0":"post-717895","1":"product","2":"type-product","3":"status-publish","5":"product_cat-alman-edebiyati","6":"product_cat-edebiyat","7":"pa_cilt-ciltsiz","8":"pa_tur-kitap","9":"pa_yayinevi-kirmizi-kedi-yayinevi","10":"pa_yazar-georg-christoph-lichtenberg","12":"first","13":"instock","14":"sale","15":"shipping-taxable","16":"purchasable","17":"product-type-simple"},"_links":{"self":[{"href":"https:\/\/roveyayinevi.com.tr\/index.php\/wp-json\/wp\/v2\/product\/717895","targetHints":{"allow":["GET"]}}],"collection":[{"href":"https:\/\/roveyayinevi.com.tr\/index.php\/wp-json\/wp\/v2\/product"}],"about":[{"href":"https:\/\/roveyayinevi.com.tr\/index.php\/wp-json\/wp\/v2\/types\/product"}],"wp:attachment":[{"href":"https:\/\/roveyayinevi.com.tr\/index.php\/wp-json\/wp\/v2\/media?parent=717895"}],"wp:term":[{"taxonomy":"product_brand","embeddable":true,"href":"https:\/\/roveyayinevi.com.tr\/index.php\/wp-json\/wp\/v2\/product_brand?post=717895"},{"taxonomy":"product_cat","embeddable":true,"href":"https:\/\/roveyayinevi.com.tr\/index.php\/wp-json\/wp\/v2\/product_cat?post=717895"},{"taxonomy":"product_tag","embeddable":true,"href":"https:\/\/roveyayinevi.com.tr\/index.php\/wp-json\/wp\/v2\/product_tag?post=717895"}],"curies":[{"name":"wp","href":"https:\/\/api.w.org\/{rel}","templated":true}]}}