{"id":717894,"date":"2025-08-27T18:01:16","date_gmt":"2025-08-27T15:01:16","guid":{"rendered":"https:\/\/roveyayinevi.com.tr\/index.php\/urun\/bir-sizofrenin-yasami\/"},"modified":"2026-04-16T02:26:14","modified_gmt":"2026-04-15T23:26:14","slug":"bir-sizofrenin-yasami","status":"publish","type":"product","link":"https:\/\/roveyayinevi.com.tr\/index.php\/urun\/bir-sizofrenin-yasami\/","title":{"rendered":"Bir \u015eizofrenin Ya\u015fam\u0131"},"content":{"rendered":"<p>Elyn R. Saks; Oxford ve Yale \u00dcniversitelerinden felsefe ve hukuk diplomalar\u0131 alm\u0131\u015f, lisansl\u0131 psikanalist, ak\u0131l hastalar\u0131 haklar\u0131 savunucusu, akademisyen, ba\u015far\u0131l\u0131 bir kad\u0131n ve bir \u015fizofren.Hayat\u0131n\u0131n b\u00fcy\u00fck bir k\u0131sm\u0131n\u0131 hastal\u0131\u011f\u0131na direnerek ve ayn\u0131 zamanda onu gizlemeye \u00e7al\u0131\u015farak ge\u00e7irmi\u015f, alabilece\u011fi her t\u00fcr psikiyatrik yard\u0131m\u0131 alman\u0131n yan\u0131nda, kendi gibi ak\u0131l hastal\u0131\u011f\u0131yla bo\u011fu\u015fanlara hem manevi hem de hukuki destek vermi\u015f. Bir \u015eizofrenin Ya\u015fam\u0131, Saks\u2019\u0131n i\u015fte bu zorlu yolculu\u011funun; ak\u0131l hastas\u0131 damgas\u0131 yememek i\u00e7in u\u011fra\u015fan h\u0131rsl\u0131 bir kad\u0131n\u0131n \u00e7ocuklu\u011fundan, kafas\u0131n\u0131n i\u00e7inde sesler duyan, intihara meyilli bir \u201cdeli\u201dye d\u00f6n\u00fc\u015ft\u00fc\u011f\u00fc yeti\u015fkinli\u011finin apa\u00e7\u0131k ve s\u0131ra d\u0131\u015f\u0131 hikayesi.Ben t\u00fcm bu insanlardan ve daha sayamayaca\u011f\u0131m kadar \u00e7ok say\u0131da ki\u015fiden ya\u015famaya de\u011fer bir hayat s\u00fcrebilmek i\u00e7in ihtiyac\u0131m olan \u015feyleri ald\u0131m. Bu kitab\u0131 yazarak, ba\u015fkalar\u0131na kendi hayatlar\u0131n\u0131 biraz daha iyi k\u0131labilmelerine yarayacak birtak\u0131m \u015feyleri alabilmelerine yard\u0131mc\u0131 olabildi\u011fimi umar\u0131m.Saks, sa\u011fduyusu ve zek\u00e2s\u0131 sayesinde \u00e7ekti\u011fi \u00e7ileleri \u00e7ok b\u00fcy\u00fck bir netlik ve hassasiyetle tarif ediyor&#8230; \u00d6zellikle de dostlu\u011fun ve sevginin iyile\u015ftirme g\u00fcc\u00fcn\u00fc anlatt\u0131\u011f\u0131 pasajlar\u0131 insan\u0131 derinden etkileyen bir duygusall\u0131kla kaleme alm\u0131\u015f.The Washington Post<\/p>\n","protected":false},"excerpt":{"rendered":"<p>Elyn R. Saks; Oxford ve Yale \u00dcniversitelerinden felsefe ve hukuk diplomalar\u0131 alm\u0131\u015f, lisansl\u0131 psikanalist, ak\u0131l hastalar\u0131 haklar\u0131 savunucusu, akademisyen, ba\u015far\u0131l\u0131 bir kad\u0131n ve bir \u015fizofren.Hayat\u0131n\u0131n b\u00fcy\u00fck<span class=\"excerpt-hellip\"> [\u2026]<\/span><\/p>\n","protected":false},"featured_media":0,"template":"","meta":{"_monsterinsights_skip_tracking":false,"_monsterinsights_sitenote_active":false,"_monsterinsights_sitenote_note":"","_monsterinsights_sitenote_category":0},"product_brand":[],"product_cat":[25175,12357],"product_tag":[],"class_list":{"0":"post-717894","1":"product","2":"type-product","3":"status-publish","5":"product_cat-egitim-psikolojisi","6":"product_cat-psikoloji","7":"pa_cilt-ciltsiz","8":"pa_tur-kitap","9":"pa_yayinevi-say-yayinlari","10":"pa_yazar-elyn-r-saks","12":"first","13":"instock","14":"sale","15":"shipping-taxable","16":"purchasable","17":"product-type-simple"},"_links":{"self":[{"href":"https:\/\/roveyayinevi.com.tr\/index.php\/wp-json\/wp\/v2\/product\/717894","targetHints":{"allow":["GET"]}}],"collection":[{"href":"https:\/\/roveyayinevi.com.tr\/index.php\/wp-json\/wp\/v2\/product"}],"about":[{"href":"https:\/\/roveyayinevi.com.tr\/index.php\/wp-json\/wp\/v2\/types\/product"}],"wp:attachment":[{"href":"https:\/\/roveyayinevi.com.tr\/index.php\/wp-json\/wp\/v2\/media?parent=717894"}],"wp:term":[{"taxonomy":"product_brand","embeddable":true,"href":"https:\/\/roveyayinevi.com.tr\/index.php\/wp-json\/wp\/v2\/product_brand?post=717894"},{"taxonomy":"product_cat","embeddable":true,"href":"https:\/\/roveyayinevi.com.tr\/index.php\/wp-json\/wp\/v2\/product_cat?post=717894"},{"taxonomy":"product_tag","embeddable":true,"href":"https:\/\/roveyayinevi.com.tr\/index.php\/wp-json\/wp\/v2\/product_tag?post=717894"}],"curies":[{"name":"wp","href":"https:\/\/api.w.org\/{rel}","templated":true}]}}