{"id":717893,"date":"2025-08-27T18:01:16","date_gmt":"2025-08-27T15:01:16","guid":{"rendered":"https:\/\/roveyayinevi.com.tr\/index.php\/urun\/hegelden-once-hegelden-sonra\/"},"modified":"2026-04-16T02:26:14","modified_gmt":"2026-04-15T23:26:14","slug":"hegelden-once-hegelden-sonra","status":"publish","type":"product","link":"https:\/\/roveyayinevi.com.tr\/index.php\/urun\/hegelden-once-hegelden-sonra\/","title":{"rendered":"Hegel&#8217;den \u00d6nce Hegel&#8217;den Sonra"},"content":{"rendered":"<p>Hegel, felsefe tarihinin hakikat hakk\u0131nda s\u00fcrd\u00fcr\u00fclen uzun bir diyalog oldu\u011funu d\u00fc\u015f\u00fcn\u00fcr.Bu nedenle, felsefenin ge\u00e7mi\u015f veya g\u00fcncel t\u00fcm ba\u015fat e\u011filimleri ve filozoflar\u0131 onun muhatab\u0131d\u0131r;  kendi felsefe sistemini idealistlerinin \u00fcstad\u0131 Kant, ele\u015ftirel felsefesini ge\u00e7mi\u015fle tam bir kopu\u015f \u00fczerine kurmu\u015ftu.Kant&#8217;\u0131n yeni felsefesinin ele\u011finden ge\u00e7mi\u015fin nereseyse hi\u00e7bir felsefesi ge\u00e7emiyordu. Hegel ise ge\u00e7mi\u015fe hakk\u0131n\u0131 vermeyenin gelece\u011fi de kuramayaca\u011f\u0131n\u0131 d\u00fc\u015f\u00fcnen filozoflardand\u0131r.Hem Kant&#8217;\u0131n felsefeye getirdi\u011fi yeni \u015fartlara uyar , ba\u015fka bir deyi\u015fle onun ele\u011finden ge\u00e7menin yolunu bulur; hem de felsefe tarihinin hakikat yani Hegel i\u00e7in mutlak yolundaki \u00e7ileli yolculu\u011funu devam ettirir.Sonu\u00e7 olarak \u00f6yle bir felsefe sistemi ortaya koyar ki, bu an\u0131ta bakan herkes ya hayranl\u0131kla ya tiksintiyle orada bir devrin kapand\u0131\u011f\u0131na kanaat getirir.Tamam\u0131na eren, Platon&#8217;dan ibaret devam eden felsefe yapma \u015feklidir.Hegen&#8217;den hemen sonra gelen Marx ,Nietzsche ve Kierkegaard bir devrin kapand\u0131\u011f\u0131n\u0131n bilincind olan , hatta tam da bu nedenle kendilerine filozof denmesini istemeyen d\u00fc\u015f\u00fcn\u00fcrlerdir.Bu s\u0131ra d\u0131\u015f\u0131 d\u00fc\u015f\u00fcn\u00fcrlerin ortak noktalar\u0131ndan biri , Hegel&#8217;den sonra ya onun aynen taklit etmek ya da bamba\u015fka yollara girmek gerekti\u011finin fark\u0131nda olmaar\u0131d\u0131r.\u0130\u015fte Hegel&#8217;i tam bu ba\u011flamda okuyan Tom Rockmore , ya\u015fayan en e\u00f6nemli Hegel uzmanlardan biri. \u00d6ncesiyle ve sonras\u0131yla Hegel felsefesine tarihsel bir giri\u015f olmas\u0131 bak\u0131m\u0131ndan kitab\u0131n t\u00fcm dillerde bir ilk oldu\u011funu s\u00f6yl\u00fcyor.Herhangi bir felsefi altyap\u0131s\u0131 olmayanlar i\u00e7in yazd\u0131\u011f\u0131n\u0131 s\u00f6yl\u00fcyor. Herhangi bir felsefi altyap\u0131s\u0131 olmayanlar i\u00e7in yazd\u0131\u011f\u0131n\u0131 s\u00f6yledi\u011fi bu kitaptaki ama\u00e7lardan biri de Hegel&#8217;in anla\u015f\u0131lamayan karanl\u0131k bir filozof oldu\u011fu konusundaki yayg\u0131n kan\u0131y\u0131 k\u0131rmak.<\/p>\n","protected":false},"excerpt":{"rendered":"<p>Hegel, felsefe tarihinin hakikat hakk\u0131nda s\u00fcrd\u00fcr\u00fclen uzun bir diyalog oldu\u011funu d\u00fc\u015f\u00fcn\u00fcr.Bu nedenle, felsefenin ge\u00e7mi\u015f veya g\u00fcncel t\u00fcm ba\u015fat e\u011filimleri ve filozoflar\u0131 onun muhatab\u0131d\u0131r; kendi felsefe sistemini<span class=\"excerpt-hellip\"> [\u2026]<\/span><\/p>\n","protected":false},"featured_media":0,"template":"","meta":{"_monsterinsights_skip_tracking":false,"_monsterinsights_sitenote_active":false,"_monsterinsights_sitenote_note":"","_monsterinsights_sitenote_category":0},"product_brand":[],"product_cat":[12388,13555],"product_tag":[],"class_list":{"0":"post-717893","1":"product","2":"type-product","3":"status-publish","5":"product_cat-felsefe","6":"product_cat-genel-felsefe","7":"pa_cilt-ciltsiz","8":"pa_tur-kitap","9":"pa_yayinevi-say-yayinlari","10":"pa_yazar-tom-rockmore","12":"first","13":"instock","14":"sale","15":"shipping-taxable","16":"purchasable","17":"product-type-simple"},"_links":{"self":[{"href":"https:\/\/roveyayinevi.com.tr\/index.php\/wp-json\/wp\/v2\/product\/717893","targetHints":{"allow":["GET"]}}],"collection":[{"href":"https:\/\/roveyayinevi.com.tr\/index.php\/wp-json\/wp\/v2\/product"}],"about":[{"href":"https:\/\/roveyayinevi.com.tr\/index.php\/wp-json\/wp\/v2\/types\/product"}],"wp:attachment":[{"href":"https:\/\/roveyayinevi.com.tr\/index.php\/wp-json\/wp\/v2\/media?parent=717893"}],"wp:term":[{"taxonomy":"product_brand","embeddable":true,"href":"https:\/\/roveyayinevi.com.tr\/index.php\/wp-json\/wp\/v2\/product_brand?post=717893"},{"taxonomy":"product_cat","embeddable":true,"href":"https:\/\/roveyayinevi.com.tr\/index.php\/wp-json\/wp\/v2\/product_cat?post=717893"},{"taxonomy":"product_tag","embeddable":true,"href":"https:\/\/roveyayinevi.com.tr\/index.php\/wp-json\/wp\/v2\/product_tag?post=717893"}],"curies":[{"name":"wp","href":"https:\/\/api.w.org\/{rel}","templated":true}]}}