{"id":717892,"date":"2025-08-27T18:01:15","date_gmt":"2025-08-27T15:01:15","guid":{"rendered":"https:\/\/roveyayinevi.com.tr\/index.php\/urun\/lyonda-dugun-3\/"},"modified":"2026-04-16T02:26:14","modified_gmt":"2026-04-15T23:26:14","slug":"lyonda-dugun-3","status":"publish","type":"product","link":"https:\/\/roveyayinevi.com.tr\/index.php\/urun\/lyonda-dugun-3\/","title":{"rendered":"Lyon&#8217;da D\u00fc\u011f\u00fcn"},"content":{"rendered":"<p>Fransa\u2019da bir i\u00e7 sava\u015f\u0131n h\u00fck\u00fcm s\u00fcrd\u00fc\u011f\u00fc, insanlar\u0131n topluca katledildi\u011fi bir d\u00f6nemde ge\u00e7en Lyon\u2019da D\u00fc\u011f\u00fcn, birbirini seven ve son arzular\u0131 Tanr\u0131 huzurunda evlenmek olan iki gencin h\u00fcz\u00fcnl\u00fc \u00f6yk\u00fcs\u00fcd\u00fcr. Mahk\u00fbmlar\u0131n korkuyla \u00f6l\u00fcm\u00fc bekledikleri karanl\u0131k bir hapishanede yap\u0131lan bu b\u00fcy\u00fcl\u00fc nik\u00e2h t\u00f6reni, bir an i\u00e7in kurtulu\u015f umudu do\u011fursa da, o kanl\u0131 g\u00fcnlerdeki ka\u00e7\u0131n\u0131lmaz son ger\u00e7ekle\u015fir yine. \u0130nsanlar\u0131n ruh hallerini betimlemede usta olan Zweig, kimi zaman, tan\u0131mad\u0131\u011f\u0131 bir \u015fehrin karanl\u0131k sokaklar\u0131nda dola\u015f\u0131rken tan\u0131k oldu\u011fu bir olay \u00fczerine d\u00fcnyadaki ya\u015famlar\u0131n \u00e7e\u015fitlili\u011fine hayran olan bir adam\u0131, kimi zaman da rahat bir ya\u015fam u\u011fruna masumiyetini feda etmi\u015f, ancak bir g\u00fcnl\u00fc\u011f\u00fcne t\u0131pk\u0131 ilk a\u015fk\u0131nda oldu\u011fu gibi saf ve temiz bir mutlulu\u011fu yeniden ya\u015fayan gen\u00e7 bir kad\u0131n\u0131 anlat\u0131r. \u0130nsana ait en derin noktalar\u0131n k\u00fc\u00e7\u00fck bir ana s\u0131\u011fd\u0131r\u0131ld\u0131\u011f\u0131 bu \u00f6yk\u00fcler, yazar\u0131n etkileyici anlat\u0131m\u0131yla bizleri g\u00fcnl\u00fck ya\u015fant\u0131dan s\u0131y\u0131r\u0131p farkl\u0131 i\u00e7 d\u00fcnyalara bir yolculu\u011fa \u00e7\u0131kar\u0131yor. <\/p>\n","protected":false},"excerpt":{"rendered":"<p>Fransa\u2019da bir i\u00e7 sava\u015f\u0131n h\u00fck\u00fcm s\u00fcrd\u00fc\u011f\u00fc, insanlar\u0131n topluca katledildi\u011fi bir d\u00f6nemde ge\u00e7en Lyon\u2019da D\u00fc\u011f\u00fcn, birbirini seven ve son arzular\u0131 Tanr\u0131 huzurunda evlenmek olan iki gencin h\u00fcz\u00fcnl\u00fc<span class=\"excerpt-hellip\"> [\u2026]<\/span><\/p>\n","protected":false},"featured_media":0,"template":"","meta":{"_monsterinsights_skip_tracking":false,"_monsterinsights_sitenote_active":false,"_monsterinsights_sitenote_note":"","_monsterinsights_sitenote_category":0},"product_brand":[],"product_cat":[12291,12711],"product_tag":[],"class_list":{"0":"post-717892","1":"product","2":"type-product","3":"status-publish","5":"product_cat-edebiyat","6":"product_cat-roman-oyku","7":"pa_cilt-ciltsiz","8":"pa_tur-kitap","9":"pa_yayinevi-dogu-bati-yayinlari","10":"pa_yazar-stefan-zweig","12":"first","13":"instock","14":"sale","15":"shipping-taxable","16":"purchasable","17":"product-type-simple"},"_links":{"self":[{"href":"https:\/\/roveyayinevi.com.tr\/index.php\/wp-json\/wp\/v2\/product\/717892","targetHints":{"allow":["GET"]}}],"collection":[{"href":"https:\/\/roveyayinevi.com.tr\/index.php\/wp-json\/wp\/v2\/product"}],"about":[{"href":"https:\/\/roveyayinevi.com.tr\/index.php\/wp-json\/wp\/v2\/types\/product"}],"wp:attachment":[{"href":"https:\/\/roveyayinevi.com.tr\/index.php\/wp-json\/wp\/v2\/media?parent=717892"}],"wp:term":[{"taxonomy":"product_brand","embeddable":true,"href":"https:\/\/roveyayinevi.com.tr\/index.php\/wp-json\/wp\/v2\/product_brand?post=717892"},{"taxonomy":"product_cat","embeddable":true,"href":"https:\/\/roveyayinevi.com.tr\/index.php\/wp-json\/wp\/v2\/product_cat?post=717892"},{"taxonomy":"product_tag","embeddable":true,"href":"https:\/\/roveyayinevi.com.tr\/index.php\/wp-json\/wp\/v2\/product_tag?post=717892"}],"curies":[{"name":"wp","href":"https:\/\/api.w.org\/{rel}","templated":true}]}}