{"id":717891,"date":"2025-08-27T18:01:14","date_gmt":"2025-08-27T15:01:14","guid":{"rendered":"https:\/\/roveyayinevi.com.tr\/index.php\/urun\/dinozorun-ayak-sesleri\/"},"modified":"2026-04-16T02:26:14","modified_gmt":"2026-04-15T23:26:14","slug":"dinozorun-ayak-sesleri","status":"publish","type":"product","link":"https:\/\/roveyayinevi.com.tr\/index.php\/urun\/dinozorun-ayak-sesleri\/","title":{"rendered":"Dinozorun Ayak Sesleri"},"content":{"rendered":"<p>At\u0131\u015ft\u0131rmal\u0131k \u00d6yk\u00fcler ve Bir \u015eeyler Yapmam Gerek isimli kitaplar\u0131ndan tan\u0131d\u0131\u011f\u0131m\u0131z \u00f6d\u00fcll\u00fc yazar Elif Yonat To\u011fay\u2019dan, hayal g\u00fcc\u00fcn\u00fcn s\u0131n\u0131rs\u0131zl\u0131\u011f\u0131nda gezinen, kahkaha garantili on g\u00fclmece \u00f6yk\u00fc: Dinozorun Ayak Sesleri.Yeti\u015fkinlerin \u201ckarma\u015f\u0131k\u201d d\u00fcnyalar\u0131n\u0131 anlamland\u0131rmaya \u00e7al\u0131\u015fan \u00e7ocuklar\u0131n, aile ve arkada\u015f \u00e7evrelerinde ya\u015fad\u0131klar\u0131 g\u00fcnl\u00fck olaylar\u0131 sayfalar\u0131na ta\u015f\u0131yan bu komik kitap, Burcu Y\u0131lmaz\u2019\u0131n farkl\u0131 teknikleri bir araya getiren k\u0131p\u0131r k\u0131p\u0131r resimleriyle dikkat \u00e7ekiyor.Sadece k\u00fc\u00e7\u00fck okurlar\u0131n de\u011fil, hayal g\u00fcc\u00fcn\u00fc \u00e7ocuklu\u011fuyla birlikte sand\u0131klara kald\u0131ran yeti\u015fkinlerin de kalbini \u0131s\u0131tmay\u0131 ba\u015faran Dinozorun Ayak Sesleri, esprili dili ve e\u011flenceli anlat\u0131m\u0131yla keyifli bir okuma deneyimi vadediyor.Dikkat! Her sat\u0131r\u0131 hayalle \u00f6r\u00fclm\u00fc\u015f bu merak uyand\u0131r\u0131c\u0131 kitap; \u015fa\u015f\u0131rt\u0131c\u0131, heyecan verici ve bol s\u00fcrprizli i\u00e7eri\u011fiyle tad\u0131na doyulmayacak bir \u00f6yk\u00fc p\u0131nar\u0131. \u00d6yle ki; ortal\u0131\u011f\u0131 birbirine katan fare Bernardo ile kendinizi okul koridorlar\u0131nda ko\u015farken ya da perili bir k\u00f6\u015fkte, Ponpon tav\u015fan\u0131n\u0131za sar\u0131lm\u0131\u015f halde uyuklarken bulman\u0131z i\u015ften bile de\u011fil. Dinozorun yakla\u015fan ayak seslerini de unutmamak gerek tabii. Siz siz olun, \u00f6yk\u00fclerden y\u00fckselen \u201c\u0130mdaaat!\u201d seslerine aldanmay\u0131n sak\u0131n. Bu kitapta korkulacak bir \u015fey yok, hayaller ve g\u00fclmeceye gelince \u00e7ok!\u00c7ocuk\u00e7a duygular\u0131n izini s\u00fcrerken, hayal g\u00fcc\u00fcn\u00fcn aynas\u0131nda devle\u015fen yersiz korkular\u0131n anlams\u0131zl\u0131\u011f\u0131na de\u011finen Dinozorun Ayak Sesleri, g\u00fcl\u00fcmsetirken d\u00fc\u015f\u00fcnd\u00fcren kitaplardan&#8230;<\/p>\n","protected":false},"excerpt":{"rendered":"<p>At\u0131\u015ft\u0131rmal\u0131k \u00d6yk\u00fcler ve Bir \u015eeyler Yapmam Gerek isimli kitaplar\u0131ndan tan\u0131d\u0131\u011f\u0131m\u0131z \u00f6d\u00fcll\u00fc yazar Elif Yonat To\u011fay\u2019dan, hayal g\u00fcc\u00fcn\u00fcn s\u0131n\u0131rs\u0131zl\u0131\u011f\u0131nda gezinen, kahkaha garantili on g\u00fclmece \u00f6yk\u00fc: Dinozorun Ayak<span class=\"excerpt-hellip\"> [\u2026]<\/span><\/p>\n","protected":false},"featured_media":0,"template":"","meta":{"_monsterinsights_skip_tracking":false,"_monsterinsights_sitenote_active":false,"_monsterinsights_sitenote_note":"","_monsterinsights_sitenote_category":0},"product_brand":[],"product_cat":[12274,12284],"product_tag":[],"class_list":{"0":"post-717891","1":"product","2":"type-product","3":"status-publish","5":"product_cat-cocuk-ve-genclik-kitaplari","6":"product_cat-hikayeler","7":"pa_cilt-ciltsiz","8":"pa_tur-kitap","9":"pa_yayinevi-tudem-yayinlari","10":"pa_yazar-elif-yonat-togay","12":"first","13":"instock","14":"sale","15":"shipping-taxable","16":"purchasable","17":"product-type-simple"},"_links":{"self":[{"href":"https:\/\/roveyayinevi.com.tr\/index.php\/wp-json\/wp\/v2\/product\/717891","targetHints":{"allow":["GET"]}}],"collection":[{"href":"https:\/\/roveyayinevi.com.tr\/index.php\/wp-json\/wp\/v2\/product"}],"about":[{"href":"https:\/\/roveyayinevi.com.tr\/index.php\/wp-json\/wp\/v2\/types\/product"}],"wp:attachment":[{"href":"https:\/\/roveyayinevi.com.tr\/index.php\/wp-json\/wp\/v2\/media?parent=717891"}],"wp:term":[{"taxonomy":"product_brand","embeddable":true,"href":"https:\/\/roveyayinevi.com.tr\/index.php\/wp-json\/wp\/v2\/product_brand?post=717891"},{"taxonomy":"product_cat","embeddable":true,"href":"https:\/\/roveyayinevi.com.tr\/index.php\/wp-json\/wp\/v2\/product_cat?post=717891"},{"taxonomy":"product_tag","embeddable":true,"href":"https:\/\/roveyayinevi.com.tr\/index.php\/wp-json\/wp\/v2\/product_tag?post=717891"}],"curies":[{"name":"wp","href":"https:\/\/api.w.org\/{rel}","templated":true}]}}