{"id":717889,"date":"2025-08-27T18:01:13","date_gmt":"2025-08-27T15:01:13","guid":{"rendered":"https:\/\/roveyayinevi.com.tr\/index.php\/urun\/yabancilarin-tasviri\/"},"modified":"2026-04-16T02:26:14","modified_gmt":"2026-04-15T23:26:14","slug":"yabancilarin-tasviri","status":"publish","type":"product","link":"https:\/\/roveyayinevi.com.tr\/index.php\/urun\/yabancilarin-tasviri\/","title":{"rendered":"Yabanc\u0131lar\u0131n Tasviri"},"content":{"rendered":"<p>G\u00fcney Song Hanedan\u0131 d\u00f6neminde (1127-1279), 1170-1231 y\u0131llar\u0131nda ya\u015fam\u0131\u015f bir devlet g\u00f6revlisi olan Zhao Rugua\u2019n\u0131n kaleme ald\u0131\u011f\u0131 Zhufanzhi, b\u00fcy\u00fck oranda, \u00c7in\u2019e gelen t\u00fcccarlar\u0131n verdi\u011fi \u015fifahi bilgilere dayanmaktad\u0131r. Kitap, d\u00f6neme ili\u015fkin bilgi veren di\u011fer kaynaklar\u0131n yard\u0131m\u0131yla geni\u015f notlar d\u00fc\u015f\u00fclerek kritik edilmi\u015ftir. Zhao Rugua, Zeyt\u00fbn Liman\u0131 Deniz Ticaret Naz\u0131rl\u0131\u011f\u0131 g\u00f6revini y\u00fcr\u00fct\u00fcrken, bo\u015f zamanlar\u0131nda haritalar\u0131 inceleyerek d\u00fcnya hakk\u0131nda bilgi edinmi\u015f, yabanc\u0131 t\u00fcccarlar\u0131n \u00fclkelerinin adlar\u0131n\u0131 listeleyip geleneklerini ve topraklar\u0131n\u0131 kayda ge\u00e7irmi\u015f, yol ve ula\u015f\u0131mlar\u0131n\u0131 \u00c7inceye \u00e7evirmek suretiyle da\u011flar\u0131nda ve verimli alanlar\u0131nda yeti\u015fen \u00fcr\u00fcnlerini kaydetmi\u015ftir.\u00d6ns\u00f6z\u2019de kendisinin de belirtti\u011fi \u00fczere Zhao Rugua\u2019n\u0131n eserinin \u00f6ncelikli kayna\u011f\u0131 yabanc\u0131 t\u00fcccarlard\u0131r. \u00dclkeleri, gelenekleri, yollar\u0131 ve \u00fcr\u00fcnleri hakk\u0131nda bizzat onlardan sormak suretiyle bilgi edinmi\u015ftir. D\u0131\u015f ticaretle u\u011fra\u015fan yerli ve yabanc\u0131 t\u00fcccarlardan elde etti\u011fi bu bilgiler sayesinde, m\u00fcellif, \u00e7ok say\u0131da \u00fclke ve bunlar\u0131n \u00fcr\u00fcnlerine ili\u015fkin o zamana kadar bilinmeyen ayr\u0131nt\u0131lar\u0131 kaydetmi\u015ftir. Bu \u00f6nemli kaynak, \u015eam, Mekke, Zengibar, Ba\u011fdat, Basra, Gazne, Anadolu, Fas, Sicilya gibi muhtelif kentler, b\u00f6lgeler, deniz \u00fclkelerine; aselbant, g\u00fclsuyu, fildi\u015fi, amber, inci gibi muhtelif ticari emtiaya dair zengin bir da\u011farc\u0131\u011fa sahip olmas\u0131yla, Orta\u00e7a\u011f Ortado\u011fu tarihiyle ilgili ara\u015ft\u0131rmalara \u00f6nemli bir katk\u0131 sunacakt\u0131r.<\/p>\n","protected":false},"excerpt":{"rendered":"<p>G\u00fcney Song Hanedan\u0131 d\u00f6neminde (1127-1279), 1170-1231 y\u0131llar\u0131nda ya\u015fam\u0131\u015f bir devlet g\u00f6revlisi olan Zhao Rugua\u2019n\u0131n kaleme ald\u0131\u011f\u0131 Zhufanzhi, b\u00fcy\u00fck oranda, \u00c7in\u2019e gelen t\u00fcccarlar\u0131n verdi\u011fi \u015fifahi bilgilere dayanmaktad\u0131r.<span class=\"excerpt-hellip\"> [\u2026]<\/span><\/p>\n","protected":false},"featured_media":0,"template":"","meta":{"_monsterinsights_skip_tracking":false,"_monsterinsights_sitenote_active":false,"_monsterinsights_sitenote_note":"","_monsterinsights_sitenote_category":0},"product_brand":[],"product_cat":[12718,12719,18109],"product_tag":[],"class_list":{"0":"post-717889","1":"product","2":"type-product","3":"status-publish","5":"product_cat-din","6":"product_cat-islam","7":"product_cat-islam-tarihi","8":"pa_cilt-ciltsiz","9":"pa_tur-kitap","10":"pa_yayinevi-otuken-nesriyat","11":"pa_yazar-zhao-rugua","13":"first","14":"instock","15":"sale","16":"shipping-taxable","17":"purchasable","18":"product-type-simple"},"_links":{"self":[{"href":"https:\/\/roveyayinevi.com.tr\/index.php\/wp-json\/wp\/v2\/product\/717889","targetHints":{"allow":["GET"]}}],"collection":[{"href":"https:\/\/roveyayinevi.com.tr\/index.php\/wp-json\/wp\/v2\/product"}],"about":[{"href":"https:\/\/roveyayinevi.com.tr\/index.php\/wp-json\/wp\/v2\/types\/product"}],"wp:attachment":[{"href":"https:\/\/roveyayinevi.com.tr\/index.php\/wp-json\/wp\/v2\/media?parent=717889"}],"wp:term":[{"taxonomy":"product_brand","embeddable":true,"href":"https:\/\/roveyayinevi.com.tr\/index.php\/wp-json\/wp\/v2\/product_brand?post=717889"},{"taxonomy":"product_cat","embeddable":true,"href":"https:\/\/roveyayinevi.com.tr\/index.php\/wp-json\/wp\/v2\/product_cat?post=717889"},{"taxonomy":"product_tag","embeddable":true,"href":"https:\/\/roveyayinevi.com.tr\/index.php\/wp-json\/wp\/v2\/product_tag?post=717889"}],"curies":[{"name":"wp","href":"https:\/\/api.w.org\/{rel}","templated":true}]}}