{"id":717888,"date":"2025-08-27T18:01:13","date_gmt":"2025-08-27T15:01:13","guid":{"rendered":"https:\/\/roveyayinevi.com.tr\/index.php\/urun\/seyyah\/"},"modified":"2026-04-16T02:26:14","modified_gmt":"2026-04-15T23:26:14","slug":"seyyah","status":"publish","type":"product","link":"https:\/\/roveyayinevi.com.tr\/index.php\/urun\/seyyah\/","title":{"rendered":"Seyyah"},"content":{"rendered":"<p>ruhun \u2018Ruh\u2019a seyri de\u011fil midir a\u015fk? Dijital D\u00fcnya! \u2018A\u015fk\u2019a izin vermiyor mu yoksa? A\u015fk \u2018bir\u2019 mucizedir&#8230; Hepimizin y\u00fcz\u00fcnde g\u00f6r\u00fcnen \u2018s\u0131r\u2019 oland\u0131r! ruhun \u2018Ruh\u2019a seyri de\u011fil midir ger\u00e7ek a\u015fk? Bu hakikat yolculu\u011funda her birimiz  \u2018bir\u2019 seyyah de\u011fil miyiz? Kalbimizdeki \u2018emanet\u2019i bilebildiysek e\u011fer! O \u2018Ruh\u2019un neden bize emanet edildi\u011fini de bilebiliriz&#8230; Cennet\u2019ten d\u00fcnyaya neden indirildi\u011fimizi de! Tek \u2018Bir\u2019 seyir olarak&#8230; Bunlar\u0131 yaz\u0131yor i\u015fte bu \u2018kitap\u2019! \u2018Ruh\u2019umuzu seyrederken&#8230; Elbette ki o seyir haliyle! O \u2018A\u015fk\u2019 Halimizle i\u00e7 i\u00e7e s\u0131rlanarak&#8230; Kendi i\u00e7imizde! Kendi kendimizle! Hepimizin y\u00fcz\u00fcne s\u0131rl\u0131 \u2018bir\u2019 ayna tutabilmek gayretiyle! Bilin art\u0131k diye! Kalbimizdeki \u2018a\u015fk\u2019 nedir? Evet, a\u015fk \u2018bir\u2019 mucizedir&#8230; Dijitalle\u015fme! \u2018Tevhid\u2019e ba\u015fkald\u0131r\u0131d\u0131r! \u2018A\u015fk\u2019\u0131 \u00f6ld\u00fcr\u00fcr\u2026 Yahu! \u2018A\u015fk\u2019s\u0131z kalmak&#8230; \u2018Ruh\u2019suzluktur&#8230; Bu d\u00fcnyada bir ceset olarak ya\u015famakt\u0131r&#8230; D\u00fc\u015f\u00fcn\u00fcn bunu! Belki de h\u00e2l\u00e2 \u2018bir\u2019 vaktiniz vard\u0131r\u2026<\/p>\n","protected":false},"excerpt":{"rendered":"<p>ruhun \u2018Ruh\u2019a seyri de\u011fil midir a\u015fk? Dijital D\u00fcnya! \u2018A\u015fk\u2019a izin vermiyor mu yoksa? A\u015fk \u2018bir\u2019 mucizedir&#8230; Hepimizin y\u00fcz\u00fcnde g\u00f6r\u00fcnen \u2018s\u0131r\u2019 oland\u0131r! ruhun \u2018Ruh\u2019a seyri de\u011fil midir<span class=\"excerpt-hellip\"> [\u2026]<\/span><\/p>\n","protected":false},"featured_media":0,"template":"","meta":{"_monsterinsights_skip_tracking":false,"_monsterinsights_sitenote_active":false,"_monsterinsights_sitenote_note":"","_monsterinsights_sitenote_category":0},"product_brand":[],"product_cat":[12718,12719,12720],"product_tag":[],"class_list":{"0":"post-717888","1":"product","2":"type-product","3":"status-publish","5":"product_cat-din","6":"product_cat-islam","7":"product_cat-tasavvuf-mezhepler-tarikatlar","8":"pa_cilt-ciltsiz","9":"pa_tur-kitap","10":"pa_yayinevi-hayykitap","11":"pa_yazar-hayati-sir","13":"first","14":"instock","15":"sale","16":"shipping-taxable","17":"purchasable","18":"product-type-simple"},"_links":{"self":[{"href":"https:\/\/roveyayinevi.com.tr\/index.php\/wp-json\/wp\/v2\/product\/717888","targetHints":{"allow":["GET"]}}],"collection":[{"href":"https:\/\/roveyayinevi.com.tr\/index.php\/wp-json\/wp\/v2\/product"}],"about":[{"href":"https:\/\/roveyayinevi.com.tr\/index.php\/wp-json\/wp\/v2\/types\/product"}],"wp:attachment":[{"href":"https:\/\/roveyayinevi.com.tr\/index.php\/wp-json\/wp\/v2\/media?parent=717888"}],"wp:term":[{"taxonomy":"product_brand","embeddable":true,"href":"https:\/\/roveyayinevi.com.tr\/index.php\/wp-json\/wp\/v2\/product_brand?post=717888"},{"taxonomy":"product_cat","embeddable":true,"href":"https:\/\/roveyayinevi.com.tr\/index.php\/wp-json\/wp\/v2\/product_cat?post=717888"},{"taxonomy":"product_tag","embeddable":true,"href":"https:\/\/roveyayinevi.com.tr\/index.php\/wp-json\/wp\/v2\/product_tag?post=717888"}],"curies":[{"name":"wp","href":"https:\/\/api.w.org\/{rel}","templated":true}]}}