{"id":717887,"date":"2025-08-27T18:01:12","date_gmt":"2025-08-27T15:01:12","guid":{"rendered":"https:\/\/roveyayinevi.com.tr\/index.php\/urun\/fiziksel-aktivite-ve-bazi-antropometrik-ozelliklerin-akademik-basari-ile-iliskisi\/"},"modified":"2026-04-16T02:26:14","modified_gmt":"2026-04-15T23:26:14","slug":"fiziksel-aktivite-ve-bazi-antropometrik-ozelliklerin-akademik-basari-ile-iliskisi","status":"publish","type":"product","link":"https:\/\/roveyayinevi.com.tr\/index.php\/urun\/fiziksel-aktivite-ve-bazi-antropometrik-ozelliklerin-akademik-basari-ile-iliskisi\/","title":{"rendered":"Fiziksel Aktivite ve Baz\u0131 Antropometrik \u00d6zelliklerin Akademik Ba\u015far\u0131 ile \u0130li\u015fkisi"},"content":{"rendered":"<p>Fiziksel Aktivite Fiziksel Aktivitenin De\u011ferlendirilmesi \u00c7ocuk ve Adolesanlarda V\u00fccut Kompozisyonu  V\u00fccut Kompozisyonunun De\u011ferlendirilmesi Akademik Ba\u015far\u0131 Akademik Ba\u015far\u0131n\u0131n De\u011ferlendirilmesi Akademik Ba\u015far\u0131y\u0131 Etkileyen Fakt\u00f6rler Fiziksel Aktivitenin Zihinsel Geli\u015fime Katk\u0131s\u0131  Fiziksel Aktivite ve S\u0131n\u0131f \u0130\u00e7i Davran\u0131\u015f Fiziksel Aktivite ile Akademik Ba\u015far\u0131 Aras\u0131ndaki \u0130li\u015fki  Beden E\u011fitimi ve Spora Kat\u0131l\u0131m \u0130le Akademik Ba\u015far\u0131 Aras\u0131ndaki \u0130li\u015fki  Baz\u0131 Antropometrik \u00d6zellikler ve Fiziksel Uygunluk \u0130le Akademik Ba\u015far\u0131 Aras\u0131ndaki \u0130li\u015fki  <\/p>\n","protected":false},"excerpt":{"rendered":"<p>Fiziksel Aktivite Fiziksel Aktivitenin De\u011ferlendirilmesi \u00c7ocuk ve Adolesanlarda V\u00fccut Kompozisyonu V\u00fccut Kompozisyonunun De\u011ferlendirilmesi Akademik Ba\u015far\u0131 Akademik Ba\u015far\u0131n\u0131n De\u011ferlendirilmesi Akademik Ba\u015far\u0131y\u0131 Etkileyen Fakt\u00f6rler Fiziksel Aktivitenin Zihinsel Geli\u015fime<span class=\"excerpt-hellip\"> [\u2026]<\/span><\/p>\n","protected":false},"featured_media":0,"template":"","meta":{"_monsterinsights_skip_tracking":false,"_monsterinsights_sitenote_active":false,"_monsterinsights_sitenote_note":"","_monsterinsights_sitenote_category":0},"product_brand":[],"product_cat":[15563,15564],"product_tag":[],"class_list":{"0":"post-717887","1":"product","2":"type-product","3":"status-publish","5":"product_cat-hobi","6":"product_cat-spor","7":"pa_cilt-ciltsiz","8":"pa_tur-kitap","9":"pa_yayinevi-gazi-kitabevi","10":"pa_yazar-halil-tanir","12":"first","13":"instock","14":"sale","15":"shipping-taxable","16":"purchasable","17":"product-type-simple"},"_links":{"self":[{"href":"https:\/\/roveyayinevi.com.tr\/index.php\/wp-json\/wp\/v2\/product\/717887","targetHints":{"allow":["GET"]}}],"collection":[{"href":"https:\/\/roveyayinevi.com.tr\/index.php\/wp-json\/wp\/v2\/product"}],"about":[{"href":"https:\/\/roveyayinevi.com.tr\/index.php\/wp-json\/wp\/v2\/types\/product"}],"wp:attachment":[{"href":"https:\/\/roveyayinevi.com.tr\/index.php\/wp-json\/wp\/v2\/media?parent=717887"}],"wp:term":[{"taxonomy":"product_brand","embeddable":true,"href":"https:\/\/roveyayinevi.com.tr\/index.php\/wp-json\/wp\/v2\/product_brand?post=717887"},{"taxonomy":"product_cat","embeddable":true,"href":"https:\/\/roveyayinevi.com.tr\/index.php\/wp-json\/wp\/v2\/product_cat?post=717887"},{"taxonomy":"product_tag","embeddable":true,"href":"https:\/\/roveyayinevi.com.tr\/index.php\/wp-json\/wp\/v2\/product_tag?post=717887"}],"curies":[{"name":"wp","href":"https:\/\/api.w.org\/{rel}","templated":true}]}}