{"id":717886,"date":"2025-08-27T18:01:12","date_gmt":"2025-08-27T15:01:12","guid":{"rendered":"https:\/\/roveyayinevi.com.tr\/index.php\/urun\/kamu-yonetimi-ve-cocuk\/"},"modified":"2026-04-16T02:26:14","modified_gmt":"2026-04-15T23:26:14","slug":"kamu-yonetimi-ve-cocuk","status":"publish","type":"product","link":"https:\/\/roveyayinevi.com.tr\/index.php\/urun\/kamu-yonetimi-ve-cocuk\/","title":{"rendered":"Kamu Y\u00f6netimi ve \u00c7ocuk"},"content":{"rendered":"<p>I. B\u00f6l\u00fcm:Kamu Y\u00f6netimi ve \u00c7ocuk \u0130li\u015fkisi: \u00c7ocuk Haklar\u0131 Ba\u011flam\u0131nda Bir De\u011ferlendirme\u20261- 24Yasemin MAMUR I\u015eIK\u00c7III. B\u00f6l\u00fcm:T\u00fcrkiye\u2019de \u00c7ocuklara Y\u00f6nelikYerel Y\u00f6netim Politika Ve Uygulamalar\u0131  25- 60Veysi AKA &#8211; Fethi G\u00dcNG\u00d6RIII. B\u00f6l\u00fcm:Yerel Y\u00f6netimlerde \u00c7ocuk Kat\u0131l\u0131m\u0131 ve Bir Uygulama \u00d6rne\u011fi Olarak \u00c7ocuk Meclisleri\u2026\u202661- 82Hazal Ilg\u0131n BAH\u00c7EC\u0130IV. B\u00f6l\u00fcm:T\u00fcrkiye\u2019de B\u00fcy\u00fck\u015fehir Belediyelerinin Stratejik Planlar\u0131nda \u00c7ocuk Temal\u0131 Hedefler Ve \u00d6rg\u00fctlenme Durumlar\u0131\u202683- 112H\u00fcsniye AKILLIV. B\u00f6l\u00fcm:Kamu \u00c7ocuk Internet Sayfalar\u0131n\u0131n \u00c7ocuklar\u0131n Kat\u0131l\u0131m Hakk\u0131 ve Kullan\u0131labilirlik Standartlar\u0131 A\u00e7\u0131s\u0131ndan De\u011ferlendirilmesi\u2026113- 148Esra G. KAYGISIZVI. B\u00f6l\u00fcm:\u00c7ocuk Haklar\u0131n\u0131n Korunmas\u0131 Ve Geli\u015ftirilmesinde \u00dcniversitelerin Rol\u00fc\u2026149- 178Gonca ULUDA\u011e &#8211; Yasemin MAMUR I\u015eIK\u00c7IVII. B\u00f6l\u00fcm:Kamu Politikas\u0131 A\u00e7\u0131s\u0131ndan \u00c7ocuklar\u0131n Mesle\u011fe Y\u00f6nlendirilmesi\u2026.179- 206Ersin KAV\u0130VIII. B\u00f6l\u00fcm:\u00c7ocuk Yoksullu\u011funu Anlamak ve T\u00fcrkiye\u2019de \u00c7ocuk Yoksullu\u011funu \u00d6nlemeye Y\u00f6nelik Sosyal Politikalar\u2026207- 246Song\u00fcl SALLAN G\u00dcL-Ay\u015fe DER\u0130C\u0130O\u011eULLARI ERGUNIX. B\u00f6l\u00fcm:\u00c7ocuklar\u0131n \u0130nsan Ticaretine Kar\u015f\u0131 Korunmas\u0131: Yasal D\u00fczenlemelerin \u0130ncelenmesi\u2026247- 270Mustafa \u00d6NENX. B\u00f6l\u00fcm:Da\u011fl\u0131k Alan Y\u00f6netimi Ve \u00c7ocuk Haklar\u0131\u2026..271- 284Zerrin Toprak KARAMANXI. B\u00f6l\u00fcm:Kamu Y\u00f6neticilerinin \u00c7ocuk Haklar\u0131 Alg\u0131lar\u0131\u2026.285- 313Esmeray ALACADA\u011eL<\/p>\n","protected":false},"excerpt":{"rendered":"<p>I. B\u00f6l\u00fcm:Kamu Y\u00f6netimi ve \u00c7ocuk \u0130li\u015fkisi: \u00c7ocuk Haklar\u0131 Ba\u011flam\u0131nda Bir De\u011ferlendirme\u20261- 24Yasemin MAMUR I\u015eIK\u00c7III. B\u00f6l\u00fcm:T\u00fcrkiye\u2019de \u00c7ocuklara Y\u00f6nelikYerel Y\u00f6netim Politika Ve Uygulamalar\u0131 25- 60Veysi AKA &#8211; Fethi<span class=\"excerpt-hellip\"> [\u2026]<\/span><\/p>\n","protected":false},"featured_media":0,"template":"","meta":{"_monsterinsights_skip_tracking":false,"_monsterinsights_sitenote_active":false,"_monsterinsights_sitenote_note":"","_monsterinsights_sitenote_category":0},"product_brand":[],"product_cat":[20333,13043],"product_tag":[],"class_list":{"0":"post-717886","1":"product","2":"type-product","3":"status-publish","5":"product_cat-diger-ekonomi","6":"product_cat-ekonomi","7":"pa_cilt-ciltsiz","8":"pa_tur-kitap","9":"pa_yayinevi-astana-yayinlari","10":"pa_yazar-yasemin-mamur-isikci","12":"first","13":"instock","14":"sale","15":"shipping-taxable","16":"purchasable","17":"product-type-simple"},"_links":{"self":[{"href":"https:\/\/roveyayinevi.com.tr\/index.php\/wp-json\/wp\/v2\/product\/717886","targetHints":{"allow":["GET"]}}],"collection":[{"href":"https:\/\/roveyayinevi.com.tr\/index.php\/wp-json\/wp\/v2\/product"}],"about":[{"href":"https:\/\/roveyayinevi.com.tr\/index.php\/wp-json\/wp\/v2\/types\/product"}],"wp:attachment":[{"href":"https:\/\/roveyayinevi.com.tr\/index.php\/wp-json\/wp\/v2\/media?parent=717886"}],"wp:term":[{"taxonomy":"product_brand","embeddable":true,"href":"https:\/\/roveyayinevi.com.tr\/index.php\/wp-json\/wp\/v2\/product_brand?post=717886"},{"taxonomy":"product_cat","embeddable":true,"href":"https:\/\/roveyayinevi.com.tr\/index.php\/wp-json\/wp\/v2\/product_cat?post=717886"},{"taxonomy":"product_tag","embeddable":true,"href":"https:\/\/roveyayinevi.com.tr\/index.php\/wp-json\/wp\/v2\/product_tag?post=717886"}],"curies":[{"name":"wp","href":"https:\/\/api.w.org\/{rel}","templated":true}]}}