{"id":717885,"date":"2025-08-27T18:01:11","date_gmt":"2025-08-27T15:01:11","guid":{"rendered":"https:\/\/roveyayinevi.com.tr\/index.php\/urun\/sanatin-buyuk-ustalari-12-egon-schiele\/"},"modified":"2026-03-12T02:34:49","modified_gmt":"2026-03-11T23:34:49","slug":"sanatin-buyuk-ustalari-12-egon-schiele","status":"publish","type":"product","link":"https:\/\/roveyayinevi.com.tr\/index.php\/urun\/sanatin-buyuk-ustalari-12-egon-schiele\/","title":{"rendered":"Sanat\u0131n B\u00fcy\u00fck Ustalar\u0131 12 Egon Schiele"},"content":{"rendered":"<p>Avusturyal\u0131 d\u0131\u015favurumcu ressam, \u015fair Egon Schiele, sanatta pornografinin yeri hakk\u0131nda yap\u0131lan t\u00fcm akademik \u00e7al\u0131\u015fmalarda mutlaka yer verilen isimlerin ba\u015f\u0131nda gelir. Kad\u0131n bedenini betimleme, fig\u00fcrleri kompozisyona yerle\u015ftirme, renk se\u00e7imi ve d\u0131\u015favurumcu tarz\u0131yla \u00e7arp\u0131c\u0131 eserler \u00fcreten Schiele, yirmi sekiz y\u0131ll\u0131k ya\u015fam\u0131na binlerce \u00e7al\u0131\u015fma s\u0131\u011fd\u0131rm\u0131\u015ft\u0131r. Ressam Gustav Klimt\u2019le aras\u0131ndaki dostluk onu sanatsal anlamda epey beslemi\u015f ve geli\u015ftirmi\u015ftir. Ya\u015fad\u0131\u011f\u0131 d\u00f6nemde gerek ya\u015fam tarz\u0131 gerekse sanat anlay\u0131\u015f\u0131 y\u00fcz\u00fcnden sapk\u0131n olmakla su\u00e7lanan, hatta eserlerindeki m\u00fcstehcenlik ve hakk\u0131nda yap\u0131lan taciz su\u00e7lamalar\u0131 y\u00fcz\u00fcnden hapis yatan Egon Schiele, en zor \u015fartlar alt\u0131nda bile resim yapmaktan bir an olsun vazge\u00e7memi\u015ftir. Ne mahk\u00fbm oldu\u011fu g\u00fcnler ne de Birinci D\u00fcnya Sava\u015f\u0131\u2019nda orduda g\u00f6revlendirilmesi onun resim yapmas\u0131n\u0131 engellemi\u015ftir. Psikiyatriden sanat tarihine kadar pek \u00e7ok farkl\u0131 disiplinden ara\u015ft\u0131rmac\u0131lar\u0131n yapt\u0131klar\u0131 \u00e7al\u0131\u015fmalar \u0131\u015f\u0131\u011f\u0131nda narsisistik \u00f6zellikler ta\u015f\u0131d\u0131\u011f\u0131 ileri s\u00fcr\u00fclen Schiele, i\u00e7 d\u00fcnyas\u0131ndaki yaln\u0131zl\u0131k, par\u00e7alanm\u0131\u015fl\u0131k ve en \u00e7ok da \u00f6l\u00fcmle hesapla\u015fma duygusunu t\u00fcm\u00fcyle eserlerine yans\u0131tm\u0131\u015ft\u0131r. Hayalperest Yay\u0131nlar\u0131\u2019n\u0131n \u201cSanat\u0131n B\u00fcy\u00fck Ustalar\u0131\u201d serisinin bu kitab\u0131, Bat\u0131 sanat\u0131 tarihinde pornografik imgenin kullan\u0131m\u0131na y\u00f6nelik en \u00e7arp\u0131c\u0131 \u00f6rnekleri sunan ressamlardan Egon Schiele\u2019yi anlat\u0131yor. Sigmund Freud\u2019un psikanaliz kuram\u0131n\u0131 geli\u015ftirdi\u011fi ve cinselli\u011fin insan davran\u0131\u015flar\u0131 \u00fczerindeki etkilerinin kapsaml\u0131 ara\u015ft\u0131r\u0131lmaya ba\u015flad\u0131\u011f\u0131 bir d\u00f6nemde Schiele\u2019nin eserleri, insan\u0131n do\u011fum ve \u00f6l\u00fcm d\u00f6ng\u00fcs\u00fcndeki konumuna farkl\u0131 bir yorum getiriyor. Kitap, okurun, Schiele\u2019nin sanat anlay\u0131\u015f\u0131na onun g\u00f6z\u00fcnden bakmay\u0131 denemesine yard\u0131mc\u0131 olacak ipu\u00e7lar\u0131 veriyor. <\/p>\n","protected":false},"excerpt":{"rendered":"<p>Avusturyal\u0131 d\u0131\u015favurumcu ressam, \u015fair Egon Schiele, sanatta pornografinin yeri hakk\u0131nda yap\u0131lan t\u00fcm akademik \u00e7al\u0131\u015fmalarda mutlaka yer verilen isimlerin ba\u015f\u0131nda gelir. Kad\u0131n bedenini betimleme, fig\u00fcrleri kompozisyona yerle\u015ftirme,<span class=\"excerpt-hellip\"> [\u2026]<\/span><\/p>\n","protected":false},"featured_media":0,"template":"","meta":{"_monsterinsights_skip_tracking":false,"_monsterinsights_sitenote_active":false,"_monsterinsights_sitenote_note":"","_monsterinsights_sitenote_category":0},"product_brand":[],"product_cat":[13548,12408],"product_tag":[],"class_list":{"0":"post-717885","1":"product","2":"type-product","3":"status-publish","5":"product_cat-kuram","6":"product_cat-sanat","7":"pa_cilt-ciltsiz","8":"pa_tur-kitap","9":"pa_yayinevi-hayalperest-yayinlari","10":"pa_yazar-firdevs-candil-erdogan","12":"first","13":"instock","14":"sale","15":"shipping-taxable","16":"purchasable","17":"product-type-simple"},"_links":{"self":[{"href":"https:\/\/roveyayinevi.com.tr\/index.php\/wp-json\/wp\/v2\/product\/717885","targetHints":{"allow":["GET"]}}],"collection":[{"href":"https:\/\/roveyayinevi.com.tr\/index.php\/wp-json\/wp\/v2\/product"}],"about":[{"href":"https:\/\/roveyayinevi.com.tr\/index.php\/wp-json\/wp\/v2\/types\/product"}],"wp:attachment":[{"href":"https:\/\/roveyayinevi.com.tr\/index.php\/wp-json\/wp\/v2\/media?parent=717885"}],"wp:term":[{"taxonomy":"product_brand","embeddable":true,"href":"https:\/\/roveyayinevi.com.tr\/index.php\/wp-json\/wp\/v2\/product_brand?post=717885"},{"taxonomy":"product_cat","embeddable":true,"href":"https:\/\/roveyayinevi.com.tr\/index.php\/wp-json\/wp\/v2\/product_cat?post=717885"},{"taxonomy":"product_tag","embeddable":true,"href":"https:\/\/roveyayinevi.com.tr\/index.php\/wp-json\/wp\/v2\/product_tag?post=717885"}],"curies":[{"name":"wp","href":"https:\/\/api.w.org\/{rel}","templated":true}]}}