{"id":717884,"date":"2025-08-27T18:01:11","date_gmt":"2025-08-27T15:01:11","guid":{"rendered":"https:\/\/roveyayinevi.com.tr\/index.php\/urun\/sanatin-buyuk-ustalari-11-klimt\/"},"modified":"2026-03-12T02:34:49","modified_gmt":"2026-03-11T23:34:49","slug":"sanatin-buyuk-ustalari-11-klimt","status":"publish","type":"product","link":"https:\/\/roveyayinevi.com.tr\/index.php\/urun\/sanatin-buyuk-ustalari-11-klimt\/","title":{"rendered":"Sanat\u0131n B\u00fcy\u00fck Ustalar\u0131 11 Klimt"},"content":{"rendered":"<p>Bat\u0131 sanat\u0131 tarihinde ad\u0131 \u201calt\u0131n harflerle\u201d yaz\u0131lan bir ressam. Kelimenin tam anlam\u0131yla bir dekoratif desen ve kompozisyon virt\u00fc\u00f6z\u00fc. Kedilere ve kad\u0131nlara d\u00fc\u015fk\u00fcnl\u00fc\u011f\u00fcyle bilinen \u00f6zg\u00fcn bir ki\u015filik. M\u00fczi\u011fe, do\u011faya, renklere g\u00f6n\u00fcl vermi\u015f hassas, en az o kadar da h\u0131r\u00e7\u0131n bir ruh:sanat\u0131yla, skandallarla, entelekt\u00fcel tavr\u0131yla, bir devre damgas\u0131n\u0131 vuran Sezesyon grubundaki yeriyle, gen\u00e7 sanat\u00e7\u0131lara verdi\u011fi destekle ve hatta giyimiyle, ya\u015fad\u0131\u011f\u0131 d\u00f6nemde ba\u015fta anavatan\u0131 Avusturya olmak \u00fczere k\u0131ta Avrupas\u0131\u2019nda kendinden s\u0131k\u00e7a s\u00f6z ettiren Gustav Klimt. Osmanl\u0131 \u0130mparatorlu\u011fu\u2019nun ba\u015fkenti \u0130stanbul\u2019u da etkisi alt\u0131na alan Art Nouveau\u2019dan ve yirminci y\u00fczy\u0131l sanat\u0131nda \u00f6nemli etkileri olan Sembolizm\u2019den yola \u00e7\u0131karak geli\u015ftirdi\u011fi resim diliyle erotizmi bulu\u015fturan Klimt, Bizans sanat\u0131ndan, vitraylardan, cam i\u015f\u00e7ili\u011finden, kuyumcular\u0131n incelikli h\u00fcnerlerinden ilham al\u0131yordu. 1900\u2019l\u00fc y\u0131llarda Avrupa\u2019n\u0131n \u00f6nemli k\u00fclt\u00fcr ba\u015fkentlerinden biri olan Viyana\u2019da ki sanat ve tasar\u0131m camias\u0131n\u0131n \u00f6nde gelen isimlerindendi. Kentin biraz d\u0131\u015f\u0131ndaki at\u00f6lyesinin kap\u0131lar\u0131 \u00f6zellikle gen\u00e7 sanat\u00e7\u0131lara a\u00e7\u0131kt\u0131. Erotik resimleriyle dikkatleri \u00fczerine toplayan Klimt, sanatta kad\u0131n bedeni ve cinselli\u011finin betimlenmesine dair farkl\u0131 bir bak\u0131\u015f a\u00e7\u0131s\u0131na sahipti. Hayalperest Yay\u0131nevi\u2019nin \u201cSanat\u0131n B\u00fcy\u00fck Ustalar\u0131\u201d serisinde yer alan bu kitap, Gustav Klimt\u2019in hayat\u0131n\u0131, onu neredeyse efsane k\u0131lan d\u00fcnya g\u00f6r\u00fc\u015f\u00fcn\u00fc ve sanat anlay\u0131\u015f\u0131n\u0131 mercek alt\u0131na al\u0131yor. Gerek \u00e7ok bilinen gerekse g\u00f6lgede kalan eserlerine y\u00f6nelik a\u00e7\u0131klay\u0131c\u0131 notlar\u0131n da bulunabilece\u011fi kitap, okurun hem Klimt hem de onun modadan m\u00fczi\u011fe kadar ilgi duydu\u011fu her konunun sanat\u0131na yans\u0131malar\u0131 hakk\u0131nda da fikir edinmesini sa\u011fl\u0131yor. Ayr\u0131ca yirminci y\u00fczy\u0131l Bat\u0131 sanat\u0131nda Viyana kentinin g\u00fc\u00e7l\u00fc etkisini yans\u0131tan bilgiler de sunuyor.<\/p>\n","protected":false},"excerpt":{"rendered":"<p>Bat\u0131 sanat\u0131 tarihinde ad\u0131 \u201calt\u0131n harflerle\u201d yaz\u0131lan bir ressam. Kelimenin tam anlam\u0131yla bir dekoratif desen ve kompozisyon virt\u00fc\u00f6z\u00fc. Kedilere ve kad\u0131nlara d\u00fc\u015fk\u00fcnl\u00fc\u011f\u00fcyle bilinen \u00f6zg\u00fcn bir ki\u015filik.<span class=\"excerpt-hellip\"> [\u2026]<\/span><\/p>\n","protected":false},"featured_media":0,"template":"","meta":{"_monsterinsights_skip_tracking":false,"_monsterinsights_sitenote_active":false,"_monsterinsights_sitenote_note":"","_monsterinsights_sitenote_category":0},"product_brand":[],"product_cat":[12408,14197],"product_tag":[],"class_list":{"0":"post-717884","1":"product","2":"type-product","3":"status-publish","5":"product_cat-sanat","6":"product_cat-sanat-tarihi","7":"pa_cilt-ciltsiz","8":"pa_tur-kitap","9":"pa_yayinevi-hayalperest-yayinlari","10":"pa_yazar-firdevs-candil-erdogan","12":"first","13":"instock","14":"sale","15":"shipping-taxable","16":"purchasable","17":"product-type-simple"},"_links":{"self":[{"href":"https:\/\/roveyayinevi.com.tr\/index.php\/wp-json\/wp\/v2\/product\/717884","targetHints":{"allow":["GET"]}}],"collection":[{"href":"https:\/\/roveyayinevi.com.tr\/index.php\/wp-json\/wp\/v2\/product"}],"about":[{"href":"https:\/\/roveyayinevi.com.tr\/index.php\/wp-json\/wp\/v2\/types\/product"}],"wp:attachment":[{"href":"https:\/\/roveyayinevi.com.tr\/index.php\/wp-json\/wp\/v2\/media?parent=717884"}],"wp:term":[{"taxonomy":"product_brand","embeddable":true,"href":"https:\/\/roveyayinevi.com.tr\/index.php\/wp-json\/wp\/v2\/product_brand?post=717884"},{"taxonomy":"product_cat","embeddable":true,"href":"https:\/\/roveyayinevi.com.tr\/index.php\/wp-json\/wp\/v2\/product_cat?post=717884"},{"taxonomy":"product_tag","embeddable":true,"href":"https:\/\/roveyayinevi.com.tr\/index.php\/wp-json\/wp\/v2\/product_tag?post=717884"}],"curies":[{"name":"wp","href":"https:\/\/api.w.org\/{rel}","templated":true}]}}